{"id":1011,"date":"2022-07-25T11:01:13","date_gmt":"2022-07-25T16:01:13","guid":{"rendered":"https:\/\/kpn.marketeros.com.co\/uy\/?post_type=product&#038;p=1011"},"modified":"2026-03-31T16:36:21","modified_gmt":"2026-03-31T21:36:21","slug":"motobomba-portatil-bh1","status":"publish","type":"product","link":"https:\/\/www.kpnsafety.com\/bo\/tienda\/motobomba-portatil-bh1\/","title":{"rendered":"Motobomba port\u00e1til BH1"},"content":{"rendered":"<h2><strong>CARACTER\u00cdSTICAS MOTOBOMBA PORT\u00c1TIL<\/strong><\/h2>\n<ul>\n<li>Bomba centr\u00edfuga de 1 etapa<\/li>\n<li>Compacta, eficiente y fiable.<\/li>\n<li>Fabricada en aluminio anticorrosivo y endurecido.<\/li>\n<li>Ejes inoxidables sobre el cig\u00fce\u00f1al del motor.<\/li>\n<li>Sellos mec\u00e1nicos de alta calidad y turbinas de aluminio.<\/li>\n<li>Bomba de 1 etapa compatible con espum\u00f3geno.<\/li>\n<\/ul>\n<h3><strong>Transporte confortable<\/strong><\/h3>\n<p>Gracias a su peso de solo 9,5kg en seco, puede ser f\u00e1cilmente transportada en una mochila de carga, o mediante su asa ergon\u00f3mica.<\/p>\n<h3><strong>Hecha para durar<\/strong><\/h3>\n<p>Construida en aleaci\u00f3n de aluminio, con componentes de alta calidad y disponibilidad de recambios. Su base de polietileno cuenta con elementos antivibratorios (silentblock) para una mayor protecci\u00f3n.<\/p>\n<h3><strong>Motor Honda GXH50<\/strong><\/h3>\n<p>Motor de combusti\u00f3n de 4 tiempos alimentado con gasolina, con certificaciones CARB y EPA. Incorpora un embrague para arranque f\u00e1cil, y que permite detener la descarga de agua sin parar el motor.<\/p>\n<h3><strong>Dos configuraciones posibles:<\/strong><\/h3>\n<p>Con bomba de cebado manual o Sin bomba de cebado manual<\/p>\n<h3><strong>Rendimiento<\/strong><\/h3>\n<p>Hasta 6,9 bar y 260 l\/min.<\/p>\n<h3><strong>Normativas<\/strong><\/h3>\n<p>UNE-EN 14466:2006<\/p>\n","protected":false},"excerpt":{"rendered":"<p>Motobomba port\u00e1til BH1, equipada con una bomba centr\u00edfuga de 1 etapa y un motor Honda de 4 tiempos que ofrece un rendimiento m\u00e1ximo de 6,9 bar de presi\u00f3n y 260l\/min. Una combinaci\u00f3n poderosa y equilibrada perfecta para maniobras de ataque directo con tendido de mangueras, autoprotecci\u00f3n con aspersores y bombeo en t\u00e1ndem de motobombas a largas distancias.<\/p>\n<div><a class=\"accion\" href=\"https:\/\/wa.link\/rl6i1j\" target=\"_blank\" rel=\"noopener\">Cont\u00e1ctanos a WhatsApp<\/a><\/div>\n<div><\/div>\n<div>\n<h3>\u00bfPara qu\u00e9 se recomienda la motobomba BH4?<\/h3>\n<p>Para ataque directo con mangueras, maniobras de autoprotecci\u00f3n con aspersores y bombeo en t\u00e1ndem a largas distancias.<\/p>\n<h3>\u00bfQu\u00e9 tipo de bomba utiliza?<\/h3>\n<p>Bomba centr\u00edfuga de 4 etapas, compacta y eficiente, con cuerpo e impelers de aluminio anticorrosivo y eje en acero inoxidable.<\/p>\n<h3>\u00bfQu\u00e9 motores se pueden acoplar?<\/h3>\n<p>Honda GX390, Briggs &amp; Stratton Vanguard 18HP y Briggs &amp; Stratton Vanguard 23HP.<\/p>\n<h3>\u00bfCu\u00e1l es su rendimiento m\u00e1ximo?<\/h3>\n<p>Hasta 28,8 bar de presi\u00f3n y 397 l\/min de caudal m\u00e1ximo.<\/p>\n<h3>\u00bfCumple alguna normativa internacional?<\/h3>\n<p>S\u00ed, cumple UNE-EN 14466:2006 para motobombas port\u00e1tiles contra incendios.<\/p>\n<\/div>\n","protected":false},"featured_media":4054,"template":"","meta":[],"product_brand":[],"product_cat":[196,31],"product_tag":[],"class_list":{"0":"post-1011","1":"product","2":"type-product","3":"status-publish","4":"has-post-thumbnail","6":"product_cat-motobombas-portatiles","7":"product_cat-proteccion-contra-incendios","9":"first","10":"instock","11":"taxable","12":"shipping-taxable","13":"product-type-simple"},"_links":{"self":[{"href":"https:\/\/www.kpnsafety.com\/bo\/wp-json\/wp\/v2\/product\/1011","targetHints":{"allow":["GET"]}}],"collection":[{"href":"https:\/\/www.kpnsafety.com\/bo\/wp-json\/wp\/v2\/product"}],"about":[{"href":"https:\/\/www.kpnsafety.com\/bo\/wp-json\/wp\/v2\/types\/product"}],"wp:featuredmedia":[{"embeddable":true,"href":"https:\/\/www.kpnsafety.com\/bo\/wp-json\/wp\/v2\/media\/4054"}],"wp:attachment":[{"href":"https:\/\/www.kpnsafety.com\/bo\/wp-json\/wp\/v2\/media?parent=1011"}],"wp:term":[{"taxonomy":"product_brand","embeddable":true,"href":"https:\/\/www.kpnsafety.com\/bo\/wp-json\/wp\/v2\/product_brand?post=1011"},{"taxonomy":"product_cat","embeddable":true,"href":"https:\/\/www.kpnsafety.com\/bo\/wp-json\/wp\/v2\/product_cat?post=1011"},{"taxonomy":"product_tag","embeddable":true,"href":"https:\/\/www.kpnsafety.com\/bo\/wp-json\/wp\/v2\/product_tag?post=1011"}],"curies":[{"name":"wp","href":"https:\/\/api.w.org\/{rel}","templated":true}]}}