{"id":1581,"date":"2022-08-17T10:01:05","date_gmt":"2022-08-17T15:01:05","guid":{"rendered":"https:\/\/kpnsafety.com\/bo\/?post_type=product&#038;p=1581"},"modified":"2026-02-23T17:21:27","modified_gmt":"2026-02-23T22:21:27","slug":"batefuegos-nuriz-con-mango-telescopico","status":"publish","type":"product","link":"https:\/\/www.kpnsafety.com\/bo\/tienda\/batefuegos-nuriz-con-mango-telescopico\/","title":{"rendered":"Batefuegos nuriz con mango telesc\u00f3pico"},"content":{"rendered":"<p><strong>1- MANGO TELESC\u00d3PICO<\/strong><\/p>\n<p>Tubo de duroaluminio.<br \/>\nNo se oxida.<br \/>\nAcabado liso.<br \/>\nDi\u00e1metro exterior: 30mm.<br \/>\nDi\u00e1metro interior: 25mm.<br \/>\nResistencia excepcional a la rotura<br \/>\nRecuperaci\u00f3n al doblado.<\/p>\n<p><strong>2- BATIDOR (Pala)<\/strong><\/p>\n<p>De caucho sint\u00e9tico autoextinguible al fuego de 6 mm. de grosor.<br \/>\nTodo el Batidor est\u00e1 reforzado con tejido para una mayor resistencia al desgarro. Las zonas criticas llevan un refuerzo doble.<br \/>\nUna de las caras est\u00e1 ramificada para alargar la vida \u00fatil.<br \/>\nMayor rigidez.<br \/>\nBordes exteriores m\u00e1s gruesos.<br \/>\nRefuerzo interior acerado.<\/p>\n<p><strong>3- EMPU\u00d1ADURA<\/strong><\/p>\n<p>Ergon\u00f3mica de caucho, para un manejo m\u00e1s c\u00f3modo.<\/p>\n<p><strong>4- DIMENSIONES<\/strong><\/p>\n<p>Bastidor:<br \/>\nAnchura 250 mm.<br \/>\nAltura: 500mm.<br \/>\nEspesor: 6mm<br \/>\nConjunto completo: aprox. 1.950 mm.<br \/>\nConjunto completo plegado: 1.280 mm.<br \/>\nPeso: 1,8 Kg.<\/p>\n","protected":false},"excerpt":{"rendered":"<p>Imprescindible para apagar incendios en su inicio.<\/p>\n<p>El ensamblado del Mango con el Batidor o Pala queda perfectamente adherido por un proceso de vulcanizaci\u00f3n, haciendo del Batefuego un \u00fanico conjunto inamovible. sin necesidad de remaches, tornillos o cualquier otro elemento de sujeci\u00f3n.<\/p>\n<p>&nbsp;<\/p>\n<p><a class=\"accion\" href=\"https:\/\/wa.link\/8cpjvq\" target=\"_blank\" rel=\"noopener\">Cont\u00e1ctanos a WhatsApp<\/a><\/p>\n<p>&nbsp;<\/p>\n<p>&nbsp;<\/p>\n<p>&nbsp;<\/p>\n","protected":false},"featured_media":1811,"template":"","meta":[],"product_brand":[],"product_cat":[194,192,31],"product_tag":[],"class_list":{"0":"post-1581","1":"product","2":"type-product","3":"status-publish","4":"has-post-thumbnail","6":"product_cat-herramientas-para-incendios-forestales","7":"product_cat-incendios-forestales","8":"product_cat-proteccion-contra-incendios","10":"first","11":"instock","12":"taxable","13":"shipping-taxable","14":"purchasable","15":"product-type-simple"},"_links":{"self":[{"href":"https:\/\/www.kpnsafety.com\/bo\/wp-json\/wp\/v2\/product\/1581","targetHints":{"allow":["GET"]}}],"collection":[{"href":"https:\/\/www.kpnsafety.com\/bo\/wp-json\/wp\/v2\/product"}],"about":[{"href":"https:\/\/www.kpnsafety.com\/bo\/wp-json\/wp\/v2\/types\/product"}],"wp:featuredmedia":[{"embeddable":true,"href":"https:\/\/www.kpnsafety.com\/bo\/wp-json\/wp\/v2\/media\/1811"}],"wp:attachment":[{"href":"https:\/\/www.kpnsafety.com\/bo\/wp-json\/wp\/v2\/media?parent=1581"}],"wp:term":[{"taxonomy":"product_brand","embeddable":true,"href":"https:\/\/www.kpnsafety.com\/bo\/wp-json\/wp\/v2\/product_brand?post=1581"},{"taxonomy":"product_cat","embeddable":true,"href":"https:\/\/www.kpnsafety.com\/bo\/wp-json\/wp\/v2\/product_cat?post=1581"},{"taxonomy":"product_tag","embeddable":true,"href":"https:\/\/www.kpnsafety.com\/bo\/wp-json\/wp\/v2\/product_tag?post=1581"}],"curies":[{"name":"wp","href":"https:\/\/api.w.org\/{rel}","templated":true}]}}