{"id":1582,"date":"2022-08-17T10:04:06","date_gmt":"2022-08-17T15:04:06","guid":{"rendered":"https:\/\/kpnsafety.com\/bo\/?post_type=product&#038;p=1582"},"modified":"2025-07-09T15:26:27","modified_gmt":"2025-07-09T20:26:27","slug":"batefuegos-basica-nuriz","status":"publish","type":"product","link":"https:\/\/www.kpnsafety.com\/bo\/tienda\/batefuegos-basica-nuriz\/","title":{"rendered":"Batefuegos b\u00e1sica nuriz"},"content":{"rendered":"<p>]<strong>Caracter\u00edsticas del mango:<\/strong><\/p>\n<ul>\n<li>Tubo de duro aluminio endurecido.<\/li>\n<li>No se oxida.<\/li>\n<li>Acabado liso.<\/li>\n<li>Di\u00e1metro exterior: 25mm.<\/li>\n<li>Di\u00e1metro interior: 21mm.<\/li>\n<li>Resistencia excepcional a la rotura.<\/li>\n<li>Recuperaci\u00f3n al doblado<\/li>\n<\/ul>\n<p><strong>Caracter\u00edsticas generales:<\/strong><\/p>\n<ul>\n<li>Tubo: 1.500 mm<\/li>\n<li>Bastidor: Anchura 250 mm Altura: 500mm<\/li>\n<li>Conjunto completo: 1.995 mm<\/li>\n<li>Peso: 1,8 Kg<\/li>\n<\/ul>\n<p>&nbsp;<\/p>\n","protected":false},"excerpt":{"rendered":"<p>Batefuegos B\u00e1sica Nuriz de caucho sint\u00e9tico de 6 mm. de grosor. Todo el Batidor est\u00e1 reforzado con tejido para una mayor resistencia al desgarro. Las zonas criticas llevan un refuerzo doble. Una de las caras est\u00e1 ramificada para alargar la vida \u00fatil. Mayor rigidez, bordes exteriores m\u00e1s gruesos y refuerzo interior acerado.<\/p>\n<p>&nbsp;<\/p>\n<p>&nbsp;<\/p>\n<p><a class=\"accion\" href=\"https:\/\/wa.link\/vdvut9\" target=\"_blank\" rel=\"noopener\">Cont\u00e1ctanos a WhatsApp<\/a><\/p>\n<p>&nbsp;<\/p>\n<p>&nbsp;<\/p>\n","protected":false},"featured_media":1815,"template":"","meta":[],"product_brand":[],"product_cat":[194,192,31],"product_tag":[],"class_list":{"0":"post-1582","1":"product","2":"type-product","3":"status-publish","4":"has-post-thumbnail","6":"product_cat-herramientas-para-incendios-forestales","7":"product_cat-incendios-forestales","8":"product_cat-proteccion-contra-incendios","10":"first","11":"instock","12":"taxable","13":"shipping-taxable","14":"product-type-simple"},"_links":{"self":[{"href":"https:\/\/www.kpnsafety.com\/bo\/wp-json\/wp\/v2\/product\/1582","targetHints":{"allow":["GET"]}}],"collection":[{"href":"https:\/\/www.kpnsafety.com\/bo\/wp-json\/wp\/v2\/product"}],"about":[{"href":"https:\/\/www.kpnsafety.com\/bo\/wp-json\/wp\/v2\/types\/product"}],"wp:featuredmedia":[{"embeddable":true,"href":"https:\/\/www.kpnsafety.com\/bo\/wp-json\/wp\/v2\/media\/1815"}],"wp:attachment":[{"href":"https:\/\/www.kpnsafety.com\/bo\/wp-json\/wp\/v2\/media?parent=1582"}],"wp:term":[{"taxonomy":"product_brand","embeddable":true,"href":"https:\/\/www.kpnsafety.com\/bo\/wp-json\/wp\/v2\/product_brand?post=1582"},{"taxonomy":"product_cat","embeddable":true,"href":"https:\/\/www.kpnsafety.com\/bo\/wp-json\/wp\/v2\/product_cat?post=1582"},{"taxonomy":"product_tag","embeddable":true,"href":"https:\/\/www.kpnsafety.com\/bo\/wp-json\/wp\/v2\/product_tag?post=1582"}],"curies":[{"name":"wp","href":"https:\/\/api.w.org\/{rel}","templated":true}]}}