{"id":1632,"date":"2022-08-17T12:08:06","date_gmt":"2022-08-17T17:08:06","guid":{"rendered":"https:\/\/kpnsafety.com\/bo\/?post_type=product&#038;p=1632"},"modified":"2025-07-09T15:28:12","modified_gmt":"2025-07-09T20:28:12","slug":"lanza-de-media-expansion-para-uprim","status":"publish","type":"product","link":"https:\/\/www.kpnsafety.com\/bo\/tienda\/lanza-de-media-expansion-para-uprim\/","title":{"rendered":"Lanza de Media Expansi\u00f3n para UPRIM"},"content":{"rendered":"<p>Dimensiones: 60x15x15cm<\/p>\n","protected":false},"excerpt":{"rendered":"<p>Lanza de Media Expansi\u00f3n de Unidad port\u00e1til de Producci\u00f3n de Espuma UPRIM 2020 Es una herramienta compacta, econ\u00f3mica y muy polivalente para los incendios de veh\u00edculos, la supresi\u00f3n de emanaciones t\u00f3xicas o la protecci\u00f3n contra los eventuales inicios de incendios en las industrias (prevenci\u00f3n antes de soldadura).<\/p>\n<p><a class=\"accion\" href=\"https:\/\/www.kpnsafety.com\/bo\/contacto\/\" target=\"_blank\" rel=\"noopener\">Solicitar presupuesto<\/a><\/p>\n<p><a class=\"accion\" href=\"https:\/\/wa.link\/i5guuw\" target=\"_blank\" rel=\"noopener\">Contactar un consultor<\/a><\/p>\n<p>&nbsp;<\/p>\n","protected":false},"featured_media":1633,"template":"","meta":[],"product_brand":[],"product_cat":[89,31],"product_tag":[],"class_list":{"0":"post-1632","1":"product","2":"type-product","3":"status-publish","4":"has-post-thumbnail","6":"product_cat-equipo-de-espuma-contra-incendios-proteccion-contra-incendios","7":"product_cat-proteccion-contra-incendios","9":"first","10":"instock","11":"taxable","12":"shipping-taxable","13":"product-type-simple"},"_links":{"self":[{"href":"https:\/\/www.kpnsafety.com\/bo\/wp-json\/wp\/v2\/product\/1632","targetHints":{"allow":["GET"]}}],"collection":[{"href":"https:\/\/www.kpnsafety.com\/bo\/wp-json\/wp\/v2\/product"}],"about":[{"href":"https:\/\/www.kpnsafety.com\/bo\/wp-json\/wp\/v2\/types\/product"}],"wp:featuredmedia":[{"embeddable":true,"href":"https:\/\/www.kpnsafety.com\/bo\/wp-json\/wp\/v2\/media\/1633"}],"wp:attachment":[{"href":"https:\/\/www.kpnsafety.com\/bo\/wp-json\/wp\/v2\/media?parent=1632"}],"wp:term":[{"taxonomy":"product_brand","embeddable":true,"href":"https:\/\/www.kpnsafety.com\/bo\/wp-json\/wp\/v2\/product_brand?post=1632"},{"taxonomy":"product_cat","embeddable":true,"href":"https:\/\/www.kpnsafety.com\/bo\/wp-json\/wp\/v2\/product_cat?post=1632"},{"taxonomy":"product_tag","embeddable":true,"href":"https:\/\/www.kpnsafety.com\/bo\/wp-json\/wp\/v2\/product_tag?post=1632"}],"curies":[{"name":"wp","href":"https:\/\/api.w.org\/{rel}","templated":true}]}}