{"id":1734,"date":"2022-08-17T15:41:27","date_gmt":"2022-08-17T20:41:27","guid":{"rendered":"https:\/\/kpnsafety.com\/bo\/?post_type=product&#038;p=1734"},"modified":"2025-07-09T15:21:18","modified_gmt":"2025-07-09T20:21:18","slug":"casco-steelpro-mod-lumier-ala-ancha-casc-steelpro","status":"publish","type":"product","link":"https:\/\/www.kpnsafety.com\/bo\/tienda\/casco-steelpro-mod-lumier-ala-ancha-casc-steelpro\/","title":{"rendered":"Casco Steelpro Mod Lumier &#8211; ala ancha &#8211; CASC-STEELPRO"},"content":{"rendered":"","protected":false},"excerpt":{"rendered":"<div class=\"ewa-rteLine\">La principal caracter\u00edstica de los casco steelpro de la serie Luminer, es que el portal\u00e1mpara que posee es parte constitutiva de la Estructura , la incorporaci\u00f3n del ala completa que tiene la cualidad de proteger contra los rayos ultra violeta (UV), como tambi\u00e9n la de otorgar una mayor protecci\u00f3n ante la ca\u00edda de objetos y\/o derrames de l\u00edquidos. Inyectada en polietileno de alta densidad.<br \/>\nPosee un arn\u00e9s de tela con sistema de ajuste rachet. Cuenta con soportes para inserci\u00f3n de barbiquejo, el cual es recomendado para trabajos en altura o de mucho movimiento. El Casco de una sola pieza de polietileno de alta densidad, provee una alta resistencia al impacto y a las descargas el\u00e9ctricas hasta 20.000 V. Clase A<\/div>\n<div>_<\/div>\n<p><a class=\"accion\" href=\"https:\/\/wa.link\/bogums\" target=\"_blank\" rel=\"noopener\">Contactar un consultor<\/a><\/p>\n","protected":false},"featured_media":1740,"template":"","meta":[],"product_brand":[],"product_cat":[205,16],"product_tag":[],"class_list":{"0":"post-1734","1":"product","2":"type-product","3":"status-publish","4":"has-post-thumbnail","6":"product_cat-proteccion-cabeza","7":"product_cat-seguridad-industrial","8":"pa_tallas-186","9":"pa_tallas-179","10":"pa_tallas-187","11":"pa_tallas-180","12":"pa_tallas-181","14":"first","15":"instock","16":"taxable","17":"shipping-taxable","18":"product-type-simple"},"_links":{"self":[{"href":"https:\/\/www.kpnsafety.com\/bo\/wp-json\/wp\/v2\/product\/1734","targetHints":{"allow":["GET"]}}],"collection":[{"href":"https:\/\/www.kpnsafety.com\/bo\/wp-json\/wp\/v2\/product"}],"about":[{"href":"https:\/\/www.kpnsafety.com\/bo\/wp-json\/wp\/v2\/types\/product"}],"wp:featuredmedia":[{"embeddable":true,"href":"https:\/\/www.kpnsafety.com\/bo\/wp-json\/wp\/v2\/media\/1740"}],"wp:attachment":[{"href":"https:\/\/www.kpnsafety.com\/bo\/wp-json\/wp\/v2\/media?parent=1734"}],"wp:term":[{"taxonomy":"product_brand","embeddable":true,"href":"https:\/\/www.kpnsafety.com\/bo\/wp-json\/wp\/v2\/product_brand?post=1734"},{"taxonomy":"product_cat","embeddable":true,"href":"https:\/\/www.kpnsafety.com\/bo\/wp-json\/wp\/v2\/product_cat?post=1734"},{"taxonomy":"product_tag","embeddable":true,"href":"https:\/\/www.kpnsafety.com\/bo\/wp-json\/wp\/v2\/product_tag?post=1734"}],"curies":[{"name":"wp","href":"https:\/\/api.w.org\/{rel}","templated":true}]}}