{"id":2536,"date":"2023-09-15T11:23:07","date_gmt":"2023-09-15T16:23:07","guid":{"rendered":"https:\/\/www.kpnsafety.com\/bo\/?post_type=product&#038;p=2536"},"modified":"2025-11-26T18:16:20","modified_gmt":"2025-11-26T23:16:20","slug":"cilindro-telescopico-para-rescate-vehicular","status":"publish","type":"product","link":"https:\/\/www.kpnsafety.com\/bo\/tienda\/cilindro-telescopico-para-rescate-vehicular\/","title":{"rendered":"CILINDRO TELESC\u00d3PICO PARA RESCATE VEHICULAR"},"content":{"rendered":"<h2>Cilindro Telesc\u00f3pico Holmatro Serie Pentheon \u2013 Precisi\u00f3n Hidr\u00e1ulica<\/h2>\n<p>El cilindro telesc\u00f3pico Holmatro de la serie Pentheon redefine la extensi\u00f3n hidr\u00e1ulica con inteligencia y precisi\u00f3n. Su dise\u00f1o compacto permite salvar distancias de hasta 1805\u202fmm con tubos de extensi\u00f3n opcionales, adaptando autom\u00e1ticamente la fuerza seg\u00fan la distancia.<\/p>\n<p>Incorpora tecnolog\u00eda de velocidad continua patentada, asegurando el rendimiento m\u00e1s r\u00e1pido del mercado, sin importar la carga aplicada.<\/p>\n<p>El control dual de velocidad, funci\u00f3n Start\/Stop autom\u00e1tica y gesti\u00f3n t\u00e9rmica inteligente permiten extender el tiempo de operaci\u00f3n con seguridad incluso en condiciones extremas. La bater\u00eda integrada se puede recargar sin desmontarla y la herramienta puede operar sumergida si es necesario.<\/p>\n<p>Su dise\u00f1o ergon\u00f3mico 360\u00b0, luces LED incorporadas y asa envolvente ofrecen comodidad total en cualquier \u00e1ngulo de uso, siendo ideal para expansi\u00f3n controlada, restauraci\u00f3n de habit\u00e1culos y rescate t\u00e9cnico en espacios variables.<\/p>\n<h3><strong>Velocidad inigualable<\/strong><\/h3>\n<ul>\n<li>El cilindro telesc\u00f3pico m\u00e1s r\u00e1pido del mercado, gracias a la Tecnolog\u00eda de Maximizaci\u00f3n Continua de Velocidad (PATENTADA). Un sistema mecatr\u00f3nico ubicado dentro de la herramienta optimiza continuamente los ajustes del motor y de la bomba para proporcionar un flujo de aceite maximizado en todo el rango de presi\u00f3n. El resultado es una velocidad inigualable, no importando la fuerza que la herramienta tenga que generar.<\/li>\n<li>Mientras que todas las dem\u00e1s herramientas de rescate muestran una disminuci\u00f3n significativa de la velocidad al pasar a otra etapa para hacer frente a cargas m\u00e1s elevadas, las herramientas Pentheon de Holmatro mantienen la curva ideal de velocidad continua.<\/li>\n<\/ul>\n<h3><strong>M\u00e1ximo control<\/strong><\/h3>\n<ul>\n<li>Un exclusivo mando de control con dos modos de velocidad, proporciona la posibilidad, en cualquier momento durante el rescate, de cambiar entre los modos de alta y baja velocidad de la herramienta.<\/li>\n<li>Dentro de cada uno de los modos la velocidad sigue siendo proporcional a cu\u00e1n lejos gire el mando de control a su izquierda o derecha.<\/li>\n<\/ul>\n<h3><strong>Tiempo de trabajo ampliado gracias a:<\/strong><\/h3>\n<ul>\n<li>Una bater\u00eda construida especialmente para esa aplicaci\u00f3n y con mayor capacidad.<\/li>\n<li>La eficiencia energ\u00e9tica de nuestra tecnolog\u00eda mecatr\u00f3nica patentada.<\/li>\n<li>Una funci\u00f3n de Inicio\/Parada autom\u00e1tica. Cuando la herramienta no est\u00e1 siendo operada o cuando alcanza su presi\u00f3n m\u00e1xima, el motor se detiene autom\u00e1ticamente. Esto permite un ahorro significativo de la capacidad de la bater\u00eda. Solo hay que girar el mando de control para volver a encender la herramienta.<\/li>\n<li>Tecnolog\u00eda de Gerenciamiento de Temperatura. La temperatura de la herramienta y de la bater\u00eda se monitorean continuamente para asegurarse de que no lleguen a niveles elevados y evitar que la herramienta se apagara. A temperaturas extremadamente elevadas, las herramientas Pentheon pasan autom\u00e1ticamente a trabajar con un menor consumo de energ\u00eda, sin perder fuerza. Todo para asegurar que usted pueda seguir trabajando, incluso en condiciones de mucho calor y con cargas elevadas de la herramienta.<\/li>\n<\/ul>\n<h3><strong>Sencillo manejo de bater\u00edas<\/strong><\/h3>\n<ul>\n<li>Deje de intercambiar bater\u00edas con el Sistema de Carga Holmatro integrado en la herramienta. A partir de ahora, puede cargar una bater\u00eda mientras est\u00e1 puesta en la herramienta. Simplemente conecte su herramienta al cargador y todo el proceso de carga se regular\u00e1 autom\u00e1ticamente. La bater\u00eda que est\u00e1 en la herramienta tiene prioridad sobre la bater\u00eda del cargador, la cual reanudar\u00e1 la carga cuando la bater\u00eda de la herramienta est\u00e9 100% llena.<\/li>\n<li>Puede conectar hasta 3 cargadores en una toma de corriente. Esto le permite cargar hasta 6 bater\u00edas autom\u00e1ticamente, sea en el cargador o en la herramienta conectada al cargador.<\/li>\n<li>\u00a1Solo tiene que enchufarlas!<\/li>\n<\/ul>\n<h3><strong>Uso bajo el agua<\/strong><\/h3>\n<ul>\n<li>Si se encuentra en una situaci\u00f3n en la que necesita usar sus herramientas de rescate completamente sumergidas en el agua, \u00a1nuestras herramientas Pentheon estar\u00e1n listas para el trabajo!<\/li>\n<\/ul>\n<h3><strong>Diagn\u00f3stico en tiempo real<\/strong><\/h3>\n<ul>\n<li>Indicadores LED en la herramienta, la bater\u00eda y el cargador le proporcionan informaci\u00f3n directa sobre la temperatura, la carga y el estado de la bater\u00eda, as\u00ed como la temperatura de la herramienta y el momento en que se alcanz\u00f3 su presi\u00f3n m\u00e1xima.<\/li>\n<li>Para obtener informaci\u00f3n m\u00e1s detallada sobre la bater\u00eda, puede utilizar nuestro software de diagn\u00f3stico.<\/li>\n<li>Un software m\u00e1s extenso para los T\u00e9cnicos de Servicio Autorizados de Holmatro (distribuidor) les permitir\u00e1 entregar el mejor servicio para sus herramientas Pentheon. El sistema proporciona la combinaci\u00f3n de un diagn\u00f3stico completo de la herramienta con procedimientos de inspecci\u00f3n automatizados.<\/li>\n<\/ul>\n<h3><strong>F\u00e1cil de usar<\/strong><\/h3>\n<ul>\n<li>Mando de control en l\u00ednea y con acceso de 360\u00b0 para que el uso de la herramienta sea facilitado en los cuatro costados del veh\u00edculo.<\/li>\n<li>Asa de sujeci\u00f3n 360\u00b0. Rodea completamente la herramienta, de modo tal que puede sujetarla en cualquier posici\u00f3n. Incluye una empu\u00f1adura tipo maleta para facilitar el transporte. Est\u00e1 hecha de un pol\u00edmero sint\u00e9tico de alto grado: un material extremadamente resistente y el\u00e1stico que siempre vuelve a su forma original. \u00a1A prueba de da\u00f1os!<\/li>\n<li>Las luces LED del asa de sujeci\u00f3n se alimentan de la bater\u00eda principal. Esto significa que se encender\u00e1n y apagar\u00e1n autom\u00e1ticamente, junto con la herramienta. Hay un bot\u00f3n separado en la herramienta para apagar las luces, pero no se moleste: su consumo de energ\u00eda es pr\u00e1cticamente nulo.<\/li>\n<\/ul>\n<h3><strong>Cuchillas de corte inclinadas, montadas en un \u00e1ngulo de 30\u00b0<\/strong><\/h3>\n<ul>\n<li>Mayor ergonom\u00eda al cortar alto y bajo en el coche. Puede seguir usando la herramienta desde una altura c\u00f3moda al nivel de la cintura.<\/li>\n<li>Gracias al dise\u00f1o de cuchilla inclinada, cuando hay que cortar los pilares del coche desde un costado, tambi\u00e9n habr\u00e1 m\u00e1s espacio entre la herramienta y el lugar donde est\u00e1 el paciente. Esto resulta en un corte m\u00e1s seguro, r\u00e1pido y sencillo, sin tener que reposicionar todo el tiempo la cortadora para evitar que se quede bloqueada.<\/li>\n<\/ul>\n","protected":false},"excerpt":{"rendered":"<p>Cilindro telesc\u00f3pico alimentado por bater\u00eda, parte de la serie Pentheon de Holmatro. Dise\u00f1ado para ofrecerle un rendimiento irrestricto, una velocidad inigualable y un nivel de control como nunca visto anteriormente.<\/p>\n<p><strong>EXTENSI\u00d3N DE CILINDRO INTELIGENTE<\/strong><\/p>\n<p>Ahora tiene la opci\u00f3n de usar un solo cilindro compacto para todas las aplicaciones, incluyendo la restauraci\u00f3n del habit\u00e1culo. Simplemente conecte uno de los tubos de extensi\u00f3n opcionales para salvar una distancia de hasta 1805 mm. El cilindro adaptar\u00e1 autom\u00e1ticamente su fuerza a la nueva distancia m\u00e1xima que puede alcanzarse. Todo para garantizar que pueda seguir trabajando de forma segura.<\/p>\n<p>&nbsp;<\/p>\n<p><a class=\"accion\" href=\"https:\/\/api.whatsapp.com\/send?phone=573147862881\" target=\"_blank\" rel=\"noopener\">Cont\u00e1ctanos a WhatsApp<\/a><\/p>\n<p>&nbsp;<\/p>\n<h3>\u00bfPara qu\u00e9 se recomienda el Cilindro Telesc\u00f3pico Pentheon?<\/h3>\n<p>Para rescates t\u00e9cnicos, expansi\u00f3n controlada de habit\u00e1culos y operaciones en espacios confinados.<\/p>\n<h3>\u00bfQu\u00e9 distancia puede cubrir?<\/h3>\n<p>Extiende hasta 1805\u202fmm, con posibilidad de tubos de extensi\u00f3n opcionales.<\/p>\n<h3>\u00bfSe puede usar bajo el agua o sumergido?<\/h3>\n<p>S\u00ed, est\u00e1 dise\u00f1ado para operar sumergido si es necesario.<\/p>\n<h3>\u00bfC\u00f3mo se controla la velocidad y la seguridad?<\/h3>\n<p>Mediante control dual de velocidad, funci\u00f3n Start\/Stop autom\u00e1tica y gesti\u00f3n t\u00e9rmica inteligente.<\/p>\n<h3>\u00bfLa bater\u00eda es extra\u00edble o recargable sin desmontar?<\/h3>\n<p>La bater\u00eda integrada se puede recargar sin necesidad de desmontar la herramienta.<\/p>\n","protected":false},"featured_media":2537,"template":"","meta":[],"product_brand":[],"product_cat":[84,199],"product_tag":[225,226,227,228,229],"class_list":{"0":"post-2536","1":"product","2":"type-product","3":"status-publish","4":"has-post-thumbnail","6":"product_cat-equipos-de-rescate-y-busqueda","7":"product_cat-equipos-de-rescate-vehicular","8":"product_tag-cilindro-telescopico","9":"product_tag-extricacion-vehicular","10":"product_tag-herramienta-de-rescate","11":"product_tag-rescate","12":"product_tag-rescate-vehicular","14":"first","15":"instock","16":"taxable","17":"shipping-taxable","18":"product-type-simple"},"_links":{"self":[{"href":"https:\/\/www.kpnsafety.com\/bo\/wp-json\/wp\/v2\/product\/2536","targetHints":{"allow":["GET"]}}],"collection":[{"href":"https:\/\/www.kpnsafety.com\/bo\/wp-json\/wp\/v2\/product"}],"about":[{"href":"https:\/\/www.kpnsafety.com\/bo\/wp-json\/wp\/v2\/types\/product"}],"wp:featuredmedia":[{"embeddable":true,"href":"https:\/\/www.kpnsafety.com\/bo\/wp-json\/wp\/v2\/media\/2537"}],"wp:attachment":[{"href":"https:\/\/www.kpnsafety.com\/bo\/wp-json\/wp\/v2\/media?parent=2536"}],"wp:term":[{"taxonomy":"product_brand","embeddable":true,"href":"https:\/\/www.kpnsafety.com\/bo\/wp-json\/wp\/v2\/product_brand?post=2536"},{"taxonomy":"product_cat","embeddable":true,"href":"https:\/\/www.kpnsafety.com\/bo\/wp-json\/wp\/v2\/product_cat?post=2536"},{"taxonomy":"product_tag","embeddable":true,"href":"https:\/\/www.kpnsafety.com\/bo\/wp-json\/wp\/v2\/product_tag?post=2536"}],"curies":[{"name":"wp","href":"https:\/\/api.w.org\/{rel}","templated":true}]}}