{"id":2547,"date":"2023-09-15T11:39:46","date_gmt":"2023-09-15T16:39:46","guid":{"rendered":"https:\/\/www.kpnsafety.com\/bo\/?post_type=product&#038;p=2547"},"modified":"2026-02-23T16:50:32","modified_gmt":"2026-02-23T21:50:32","slug":"herramienta-de-entrada-forzada","status":"publish","type":"product","link":"https:\/\/www.kpnsafety.com\/bo\/tienda\/herramienta-de-entrada-forzada\/","title":{"rendered":"HERRAMIENTA DE ENTRADA FORZADA"},"content":{"rendered":"<h2>Herramienta de entrada Frozada T1 Holmatro \u2013 6\u202fen\u202f1<\/h2>\n<p>La herramienta de entrada forzada T1 de Holmatro es una soluci\u00f3n 6\u202fen\u202f1 para resctae: corta, separa, levanta, amartilla, calza y act\u00faa como ariete. Su dise\u00f1o compacto con sistema hidr\u00e1ulico integrado ofrece hasta 14,2 toneladas de fuerza de corte, sin necesidad de bater\u00edas ni bombas externas.<\/p>\n<p>Incorpora cuchillas extra\u00edbles, cu\u00f1a desmontable para entradas unipersonales, puntas de separaci\u00f3n con retenci\u00f3n de carga y cabezal tipo martillo, permitiendo actuar con rapidez, precisi\u00f3n y seguridad en puertas, bisagras, veh\u00edculos y materiales met\u00e1licos.<\/p>\n<p>Con un peso de 7,7\u202fkg, es ligera y robusta, ideal para operaciones urbanas, militares y de rescate.<\/p>\n<p>&nbsp;<\/p>\n<h3><strong>Herramienta multifunci\u00f3n<\/strong><\/h3>\n<ul>\n<li>La T1 puede amartillar, cortar, separar, levantar, calzar y usarse como ariete. De esta forma, siempre tendr\u00e1s la herramienta adecuada para cada trabajo.<\/li>\n<li>Al disponer de todas estas funciones en una sola herramienta, ahorrar\u00e1s adem\u00e1s peso y espacio en tu veh\u00edculo<\/li>\n<li>La T1 es una herramienta aut\u00f3noma, por lo que no necesitar\u00e1s pilas ni una bomba externa<\/li>\n<\/ul>\n<h3><strong>Compacta y potente<\/strong><\/h3>\n<ul>\n<li>El mecanismo hidr\u00e1ulico patentado de corte\/separaci\u00f3n de la T1 permite ejercer elevadas fuerzas de corte y separaci\u00f3n en un dise\u00f1o compacto de herramienta<\/li>\n<li>F\u00e1cil de usar en espacios reducidos<\/li>\n<li>F\u00e1cil de transportar y almacenar<\/li>\n<\/ul>\n<h3><strong>Cu\u00f1a desmontable<\/strong><\/h3>\n<ul>\n<li>No hace falta una segunda persona o herramienta para abrir el primer hueco, gracias a lo cual una sola persona puede forzar puertas pesadas de apertura hacia dentro<\/li>\n<li>La cu\u00f1a tambi\u00e9n se puede utilizar para tirar de las bisagras o forzar manualmente puertas que se abren hacia fuera<\/li>\n<\/ul>\n<h3><strong>Puntas de separaci\u00f3n<\/strong><\/h3>\n<ul>\n<li>Para abrir puertas pesadas de forma controlada<\/li>\n<li>La funci\u00f3n de retenci\u00f3n de carga hace que la herramienta sea adecuada para la elevaci\u00f3n normal y progresiva<\/li>\n<li>Tambi\u00e9n puedes utilizar las puntas de separaci\u00f3n para crear espacio en los veh\u00edculos<\/li>\n<\/ul>\n<h3><strong>Cuchillas de corte y dise\u00f1o de mordaza optimizados<\/strong><\/h3>\n<ul>\n<li>La T1 puede cortar f\u00e1cilmente barras de refuerzo, cadenas y candados<\/li>\n<li>Puede cortar barras redondas de hasta 18 mm de di\u00e1metro (S235)<\/li>\n<li>Puedes sustituir f\u00e1cilmente las cuchillas de corte cuando est\u00e9n da\u00f1adas<\/li>\n<\/ul>\n<h3><strong>Bomba de dos fases<\/strong><\/h3>\n<ul>\n<li>Transmisi\u00f3n de gran potencia. Los 30 kg de fuerza manual en la varilla de la bomba te proporcionan hasta 14,2 toneladas de fuerza hidr\u00e1ulica de corte y hasta 3,4 toneladas de fuerza hidr\u00e1ulica de separaci\u00f3n.<\/li>\n<li>Necesitar\u00e1s menos energ\u00eda y esfuerzo para respirar, en comparaci\u00f3n con las herramientas tradicionales<\/li>\n<\/ul>\n<h3><strong>Cabeza de martillo<\/strong><\/h3>\n<ul>\n<li>Puedes utilizar la herramienta como ariete o martillo<\/li>\n<li>Para abrir r\u00e1pidamente puertas ligeras que se abren hacia dentro<\/li>\n<li>Su peso optimizado de 7,7 kg hace que la herramienta sea lo suficientemente ligera para transportarla y lo suficientemente pesada para realizar el trabajo<\/li>\n<\/ul>\n","protected":false},"excerpt":{"rendered":"<p class=\"pdp__description__text\">Esta herramienta de entrada forzada permite cortar, calzar, usarla como ariete, separar, amartillar y levantar. Con la T1, dispondr\u00e1s siempre de la herramienta adecuada para cada trabajo.<\/p>\n<p class=\"pdp__standard-applied-with\"><strong>Se suministra de serie con:<\/strong><\/p>\n<ul>\n<li class=\"pdp__standard-applied-with\">Cuchillas de corte extra\u00edbles<\/li>\n<li>Cu\u00f1a desmontable<\/li>\n<\/ul>\n<p><a class=\"accion\" href=\"https:\/\/api.whatsapp.com\/send?phone=573147862881\" target=\"_blank\" rel=\"noopener\">Cont\u00e1ctanos a WhatsApp<\/a><\/p>\n<p><a class=\"accion\" href=\"https:\/\/www.kpnsafety.com\/bo\/wp-content\/uploads\/2024\/03\/Herramienta-de-entrada-forzada-Bolivia.pdf\" target=\"_blank\" rel=\"noopener\">Ficha t\u00e9cnica<\/a><\/p>\n<h3>\u00bfQu\u00e9 funciones realiza la Herramienta T1 Holmatro?<\/h3>\n<p>Corta, separa, levanta, amartilla, calza y act\u00faa como ariete, integrando seis operaciones en un solo dispositivo.<\/p>\n<h3>\u00bfQu\u00e9 fuerza hidr\u00e1ulica ofrece?<\/h3>\n<p>Hasta 14,2 toneladas de corte, sin necesidad de bater\u00edas ni bombas externas.<\/p>\n<h3>\u00bfEs f\u00e1cil de transportar?<\/h3>\n<p>S\u00ed, pesa 7,7\u202fkg y su dise\u00f1o compacto permite manejo \u00e1gil por un solo rescatista.<\/p>\n<h3>\u00bfSe puede usar en puertas, veh\u00edculos y metales?<\/h3>\n<p>S\u00ed, su dise\u00f1o con cu\u00f1a, puntas de separaci\u00f3n y cabezal tipo martillo permite actuar en puertas, bisagras, veh\u00edculos y materiales met\u00e1licos.<\/p>\n<h3>\u00bfPara qu\u00e9 entornos est\u00e1 recomendada?<\/h3>\n<p>Operaciones urbanas, militares, de rescate y situaciones de emergencia donde se requiere entrada forzada r\u00e1pida y segura.<\/p>\n","protected":false},"featured_media":2549,"template":"","meta":[],"product_brand":[],"product_cat":[84,199,224],"product_tag":[226,227,228,229],"class_list":{"0":"post-2547","1":"product","2":"type-product","3":"status-publish","4":"has-post-thumbnail","6":"product_cat-equipos-de-rescate-y-busqueda","7":"product_cat-equipos-de-rescate-vehicular","8":"product_cat-stock-entrega-inmediata","9":"product_tag-extricacion-vehicular","10":"product_tag-herramienta-de-rescate","11":"product_tag-rescate","12":"product_tag-rescate-vehicular","14":"first","15":"instock","16":"taxable","17":"shipping-taxable","18":"purchasable","19":"product-type-simple"},"_links":{"self":[{"href":"https:\/\/www.kpnsafety.com\/bo\/wp-json\/wp\/v2\/product\/2547","targetHints":{"allow":["GET"]}}],"collection":[{"href":"https:\/\/www.kpnsafety.com\/bo\/wp-json\/wp\/v2\/product"}],"about":[{"href":"https:\/\/www.kpnsafety.com\/bo\/wp-json\/wp\/v2\/types\/product"}],"wp:featuredmedia":[{"embeddable":true,"href":"https:\/\/www.kpnsafety.com\/bo\/wp-json\/wp\/v2\/media\/2549"}],"wp:attachment":[{"href":"https:\/\/www.kpnsafety.com\/bo\/wp-json\/wp\/v2\/media?parent=2547"}],"wp:term":[{"taxonomy":"product_brand","embeddable":true,"href":"https:\/\/www.kpnsafety.com\/bo\/wp-json\/wp\/v2\/product_brand?post=2547"},{"taxonomy":"product_cat","embeddable":true,"href":"https:\/\/www.kpnsafety.com\/bo\/wp-json\/wp\/v2\/product_cat?post=2547"},{"taxonomy":"product_tag","embeddable":true,"href":"https:\/\/www.kpnsafety.com\/bo\/wp-json\/wp\/v2\/product_tag?post=2547"}],"curies":[{"name":"wp","href":"https:\/\/api.w.org\/{rel}","templated":true}]}}