{"id":2694,"date":"2024-05-22T11:18:30","date_gmt":"2024-05-22T16:18:30","guid":{"rendered":"https:\/\/www.kpnsafety.com\/bo\/?post_type=product&#038;p=2694"},"modified":"2025-11-28T08:28:58","modified_gmt":"2025-11-28T13:28:58","slug":"linterna-frontal-multifuncion","status":"publish","type":"product","link":"https:\/\/www.kpnsafety.com\/bo\/tienda\/linterna-frontal-multifuncion\/","title":{"rendered":"LINTERNA FRONTAL MULTIFUNCI\u00d3N"},"content":{"rendered":"<h2>Linterna Frontal Multifunci\u00f3n<\/h2>\n<table class=\"a-normal a-spacing-micro\">\n<tbody>\n<tr class=\"a-spacing-small po-special_feature\">\n<td class=\"a-span3\"><span class=\"a-size-base a-text-bold\">Caracter\u00edsticas especiales<\/span><\/td>\n<td class=\"a-span9\"><span class=\"a-size-base po-break-word\">Spot, Flood High, Flood Low, Dual-light, Red Flood<\/span><\/td>\n<\/tr>\n<tr class=\"a-spacing-small po-color\">\n<td class=\"a-span3\"><span class=\"a-size-base a-text-bold\">Color<\/span><\/td>\n<td class=\"a-span9\"><span class=\"a-size-base po-break-word\">Verde<\/span><\/td>\n<\/tr>\n<tr class=\"a-spacing-small po-power_source_type\">\n<td class=\"a-span3\"><span class=\"a-size-base a-text-bold\">Fuente de alimentaci\u00f3n<\/span><\/td>\n<td class=\"a-span9\"><span class=\"a-size-base po-break-word\">Bater\u00eda<\/span><\/td>\n<\/tr>\n<tr class=\"a-spacing-small po-light_source.type\">\n<td class=\"a-span3\"><span class=\"a-size-base a-text-bold\">Tipo de fuente de luz<\/span><\/td>\n<td class=\"a-span9\"><span class=\"a-size-base po-break-word\">LED<\/span><\/td>\n<\/tr>\n<tr class=\"a-spacing-small po-material\">\n<td class=\"a-span3\"><span class=\"a-size-base a-text-bold\">Material<\/span><\/td>\n<td class=\"a-span9\"><span class=\"a-size-base po-break-word\">Pol\u00edmero de ingenier\u00eda<\/span><\/td>\n<\/tr>\n<\/tbody>\n<\/table>\n<p>&nbsp;<\/p>\n<table id=\"productDetails_techSpec_section_1\" class=\"a-keyvalue prodDetTable\" role=\"presentation\">\n<tbody>\n<tr>\n<th class=\"a-color-secondary a-size-base prodDetSectionEntry\" style=\"text-align: left;\">Caracter\u00edsticas especiales<\/th>\n<td class=\"a-size-base prodDetAttrValue\" style=\"text-align: left;\">\u200eSpot, Flood High, Flood Low, Dual-light, Red Flood<\/td>\n<\/tr>\n<tr>\n<th class=\"a-color-secondary a-size-base prodDetSectionEntry\" style=\"text-align: left;\">Color<\/th>\n<td class=\"a-size-base prodDetAttrValue\" style=\"text-align: left;\">\u200eVerde<\/td>\n<\/tr>\n<tr>\n<th class=\"a-color-secondary a-size-base prodDetSectionEntry\" style=\"text-align: left;\">Fuente de alimentaci\u00f3n<\/th>\n<td class=\"a-size-base prodDetAttrValue\" style=\"text-align: left;\">\u200eBater\u00eda<\/td>\n<\/tr>\n<tr>\n<th class=\"a-color-secondary a-size-base prodDetSectionEntry\" style=\"text-align: left;\">Tipo de fuente de luz<\/th>\n<td class=\"a-size-base prodDetAttrValue\">\u200eLED<\/td>\n<\/tr>\n<tr>\n<th class=\"a-color-secondary a-size-base prodDetSectionEntry\" style=\"text-align: left;\">Material<\/th>\n<td class=\"a-size-base prodDetAttrValue\">\u200ePol\u00edmero de ingenier\u00eda<\/td>\n<\/tr>\n<tr>\n<th class=\"a-color-secondary a-size-base prodDetSectionEntry\" style=\"text-align: left;\">Componentes incluidos<\/th>\n<td class=\"a-size-base prodDetAttrValue\">\u200eDiadema ligera, el\u00e1stica antideslizante, correa de goma para casco duro y 3 pilas AA<\/td>\n<\/tr>\n<tr>\n<th class=\"a-color-secondary a-size-base prodDetSectionEntry\" style=\"text-align: left;\">Voltaje<\/th>\n<td class=\"a-size-base prodDetAttrValue\" style=\"text-align: left;\">\u200e4,5 Voltios<\/td>\n<\/tr>\n<tr>\n<th class=\"a-color-secondary a-size-base prodDetSectionEntry\" style=\"text-align: left;\">Distancia de trayectoria de luz<\/th>\n<td class=\"a-size-base prodDetAttrValue\" style=\"text-align: left;\">\u200e120 Metros<\/td>\n<\/tr>\n<tr>\n<th class=\"a-color-secondary a-size-base prodDetSectionEntry\" style=\"text-align: left;\">Composici\u00f3n de las celdas de la bater\u00eda<\/th>\n<td class=\"a-size-base prodDetAttrValue\" style=\"text-align: left;\">\u200eAlcalina<\/td>\n<\/tr>\n<tr>\n<th class=\"a-color-secondary a-size-base prodDetSectionEntry\" style=\"text-align: left;\">Peso del art\u00edculo<\/th>\n<td class=\"a-size-base prodDetAttrValue\">\u200e269 Gramos<\/td>\n<\/tr>\n<tr>\n<th class=\"a-color-secondary a-size-base prodDetSectionEntry\" style=\"text-align: left;\">Cantidad de bater\u00edas<\/th>\n<td class=\"a-size-base prodDetAttrValue\">\u200e3 AA necesaria(s), incluida(s)<\/td>\n<\/tr>\n<tr>\n<th class=\"a-color-secondary a-size-base prodDetSectionEntry\" style=\"text-align: left;\">Tipo de garant\u00eda<\/th>\n<td class=\"a-size-base prodDetAttrValue\" style=\"text-align: left;\">\u200eFabricante<\/td>\n<\/tr>\n<tr>\n<th class=\"a-color-secondary a-size-base prodDetSectionEntry\" style=\"text-align: left;\">Marca<\/th>\n<td class=\"a-size-base prodDetAttrValue\">\u200eNightstick<\/td>\n<\/tr>\n<tr>\n<th class=\"a-color-secondary a-size-base prodDetSectionEntry\" style=\"text-align: left;\">Brillo<\/th>\n<td class=\"a-size-base prodDetAttrValue\">\u200e100<\/td>\n<\/tr>\n<tr>\n<th class=\"a-color-secondary a-size-base prodDetSectionEntry\" style=\"text-align: left;\">Descripci\u00f3n de la bater\u00eda<\/th>\n<td class=\"a-size-base prodDetAttrValue\" style=\"text-align: left;\">\u200eAlcalinas<\/td>\n<\/tr>\n<\/tbody>\n<\/table>\n<table id=\"productDetails_techSpec_section_1\" class=\"a-keyvalue prodDetTable\" style=\"height: 428px;\" role=\"presentation\" width=\"593\">\n<tbody>\n<tr>\n<th class=\"a-color-secondary a-size-base prodDetSectionEntry\" style=\"text-align: left;\">Tiempo de ejecuci\u00f3n<\/th>\n<td class=\"a-size-base prodDetAttrValue\" style=\"text-align: left;\">\u200e6 horas<\/td>\n<\/tr>\n<tr>\n<th class=\"a-color-secondary a-size-base prodDetSectionEntry\" style=\"text-align: left;\">Tipo de acabado<\/th>\n<td class=\"a-size-base prodDetAttrValue\" style=\"text-align: left;\">\u200eVerde<\/td>\n<\/tr>\n<tr>\n<th class=\"a-color-secondary a-size-base prodDetSectionEntry\" style=\"text-align: left;\">Potencia de la fuente de luz<\/th>\n<td class=\"a-size-base prodDetAttrValue\">\u200e2 Vatios<\/td>\n<\/tr>\n<tr>\n<th class=\"a-color-secondary a-size-base prodDetSectionEntry\" style=\"text-align: left;\">Fabricante<\/th>\n<td class=\"a-size-base prodDetAttrValue\">\u200eNightstick<\/td>\n<\/tr>\n<tr>\n<th class=\"a-color-secondary a-size-base prodDetSectionEntry\" style=\"text-align: left;\">N\u00famero de pieza<\/th>\n<td class=\"a-size-base prodDetAttrValue\" style=\"text-align: left;\">\u200eXPP-5456G<\/td>\n<\/tr>\n<tr>\n<th class=\"a-color-secondary a-size-base prodDetSectionEntry\" style=\"text-align: left;\">N\u00famero de modelo del producto<\/th>\n<td class=\"a-size-base prodDetAttrValue\">\u200eXPP-5456G<\/td>\n<\/tr>\n<tr>\n<th class=\"a-color-secondary a-size-base prodDetSectionEntry\" style=\"text-align: left;\">Pilas<\/th>\n<td class=\"a-size-base prodDetAttrValue\">\u200e3 AA necesaria(s), incluida(s)<\/td>\n<\/tr>\n<tr>\n<th class=\"a-color-secondary a-size-base prodDetSectionEntry\" style=\"text-align: left;\">Descatalogado por el fabricante<\/th>\n<td class=\"a-size-base prodDetAttrValue\" style=\"text-align: left;\">\u200eNo<\/td>\n<\/tr>\n<tr>\n<th class=\"a-color-secondary a-size-base prodDetSectionEntry\" style=\"text-align: left;\">Tama\u00f1o<\/th>\n<td class=\"a-size-base prodDetAttrValue\">\u200e84mm<\/td>\n<\/tr>\n<tr>\n<th class=\"a-color-secondary a-size-base prodDetSectionEntry\" style=\"text-align: left;\">Acabado<\/th>\n<td class=\"a-size-base prodDetAttrValue\">\u200eVerde<\/td>\n<\/tr>\n<tr>\n<th class=\"a-color-secondary a-size-base prodDetSectionEntry\" style=\"text-align: left;\">Cantidad de paquetes de art\u00edculos<\/th>\n<td class=\"a-size-base prodDetAttrValue\" style=\"text-align: left;\">\u200e1<\/td>\n<\/tr>\n<tr>\n<th class=\"a-color-secondary a-size-base prodDetSectionEntry\" style=\"text-align: left;\">Di\u00e1metro de corte<\/th>\n<td class=\"a-size-base prodDetAttrValue\" style=\"text-align: left;\">\u200e3,3 Pulgadas<\/td>\n<\/tr>\n<tr>\n<th class=\"a-color-secondary a-size-base prodDetSectionEntry\" style=\"text-align: left;\">Cobertura<\/th>\n<td class=\"a-size-base prodDetAttrValue\">\u200eDistancia del haz de 393.7 ft<\/td>\n<\/tr>\n<tr>\n<th class=\"a-color-secondary a-size-base prodDetSectionEntry\" style=\"text-align: left;\">Tipo de interruptor<\/th>\n<td class=\"a-size-base prodDetAttrValue\">\u200ePulsadores dobles del cuerpo<\/td>\n<\/tr>\n<tr>\n<th class=\"a-color-secondary a-size-base prodDetSectionEntry\" style=\"text-align: left;\">Estilo de interruptor<\/th>\n<td class=\"a-size-base prodDetAttrValue\" style=\"text-align: left;\">\u200ePulsador<\/td>\n<\/tr>\n<\/tbody>\n<\/table>\n","protected":false},"excerpt":{"rendered":"<p>Linterna frontal multifunci\u00f3n con doble luz intr\u00ednsecamente segura, color verde<\/p>\n<p><a class=\"accion\" href=\"https:\/\/wa.link\/vbp0f1\" target=\"_blank\" rel=\"noopener\">Cont\u00e1ctanos a WhatsApp<\/a><\/p>\n<h3>\u00bfPara qu\u00e9 entornos se recomienda esta linterna?<\/h3>\n<p>Para ambientes explosivos, miner\u00eda subterr\u00e1nea, rescate industrial y zonas clasificadas ATEX.<\/p>\n<h3>\u00bfQu\u00e9 modos de luz tiene?<\/h3>\n<p>Foco blanco alta\/baja, proyector blanco cercano, luz roja y Dual-Light\u2122.<\/p>\n<h3>\u00bfQu\u00e9 tipos de certificaciones posee?<\/h3>\n<p>cETLus, ATEX, IECEx, UKCA, MSHA, y clasificaciones de zona: Clase I, II, III Div 1 y Zona 0.<\/p>\n<h3>\u00bfEs resistente al agua y productos qu\u00edmicos?<\/h3>\n<p>S\u00ed, carcasa de pol\u00edmero de ingenier\u00eda resistente a impactos, agua y qu\u00edmicos.<\/p>\n<h3>\u00bfQu\u00e9 tipo de alimentaci\u00f3n requiere?<\/h3>\n<p>Funciona con 3 pilas AA (incluidas), compatible con pilas alcalinas, litio o recargables.<\/p>\n","protected":false},"featured_media":2696,"template":"","meta":[],"product_brand":[],"product_cat":[31,193,208,84,202],"product_tag":[242],"class_list":{"0":"post-2694","1":"product","2":"type-product","3":"status-publish","4":"has-post-thumbnail","6":"product_cat-proteccion-contra-incendios","7":"product_cat-epi-incendios-forestales","8":"product_cat-equipos-contra-incendios","9":"product_cat-equipos-de-rescate-y-busqueda","10":"product_cat-equipos-de-rescate","11":"product_tag-linterna-frontal","13":"first","14":"instock","15":"taxable","16":"shipping-taxable","17":"product-type-simple"},"_links":{"self":[{"href":"https:\/\/www.kpnsafety.com\/bo\/wp-json\/wp\/v2\/product\/2694","targetHints":{"allow":["GET"]}}],"collection":[{"href":"https:\/\/www.kpnsafety.com\/bo\/wp-json\/wp\/v2\/product"}],"about":[{"href":"https:\/\/www.kpnsafety.com\/bo\/wp-json\/wp\/v2\/types\/product"}],"wp:featuredmedia":[{"embeddable":true,"href":"https:\/\/www.kpnsafety.com\/bo\/wp-json\/wp\/v2\/media\/2696"}],"wp:attachment":[{"href":"https:\/\/www.kpnsafety.com\/bo\/wp-json\/wp\/v2\/media?parent=2694"}],"wp:term":[{"taxonomy":"product_brand","embeddable":true,"href":"https:\/\/www.kpnsafety.com\/bo\/wp-json\/wp\/v2\/product_brand?post=2694"},{"taxonomy":"product_cat","embeddable":true,"href":"https:\/\/www.kpnsafety.com\/bo\/wp-json\/wp\/v2\/product_cat?post=2694"},{"taxonomy":"product_tag","embeddable":true,"href":"https:\/\/www.kpnsafety.com\/bo\/wp-json\/wp\/v2\/product_tag?post=2694"}],"curies":[{"name":"wp","href":"https:\/\/api.w.org\/{rel}","templated":true}]}}