{"id":3352,"date":"2025-03-26T15:06:24","date_gmt":"2025-03-26T20:06:24","guid":{"rendered":"https:\/\/www.kpnsafety.com\/bo\/?post_type=product&#038;p=3352"},"modified":"2026-02-24T11:54:41","modified_gmt":"2026-02-24T16:54:41","slug":"linterna-multifuncion-con-doble-luz","status":"publish","type":"product","link":"https:\/\/www.kpnsafety.com\/bo\/tienda\/linterna-multifuncion-con-doble-luz\/","title":{"rendered":"Linterna Multifunci\u00f3n con doble luz"},"content":{"rendered":"<h2><span data-sheets-root=\"1\">Linterna Multifunci\u00f3n de Doble Luz \u2013 Visibilidad y Seguridad<br \/>\n<\/span><\/h2>\n<p><span data-sheets-root=\"1\">La Linterna Multifunci\u00f3n de Doble Luz est\u00e1 dise\u00f1ada para ofrecer m\u00e1xima iluminaci\u00f3n y seguridad en ambientes explosivos, oscuros y de alta exigencia operativa. Certificada como intr\u00ednsecamente segura (cULus) y con grado de protecci\u00f3n IP67, es ideal para bomberos forestales, brigadas industriales y personal de rescate t\u00e9cnico.<\/span><\/p>\n<p>Equipada con tecnolog\u00eda Dual-Light, esta linterna frontal permite activar foco, reflector o ambos simult\u00e1neamente, optimizando visibilidad cercana y a distancia. Su cabezal multiposici\u00f3n y sistema de correas duales (el\u00e1stica antideslizante o goma para casco) se adapta tanto a la cabeza como a cascos de seguridad.<\/p>\n<p>Incluye cierres industriales 3M\u2122 Dual Lock\u2122 para uso con banda cero, garantizando fijaci\u00f3n en condiciones extremas. Su interruptor \u00fanico superior permite operaci\u00f3n r\u00e1pida e intuitiva, mientras que la carcasa de pol\u00edmero de ingenier\u00eda brinda resistencia ante impactos, qu\u00edmicos y condiciones clim\u00e1ticas adversas.<\/p>\n<h2><span data-sheets-root=\"1\"><br \/>\nCaracter\u00edsticas Principales<\/span><\/h2>\n<p>&nbsp;<\/p>\n<div id=\"shopify-section-ywm-product-tabs\" class=\"shopify-section\">\n<div class=\"grid product-single page-width\">\n<div id=\"tab-1\">\n<ul>\n<li>Listado cULus como intr\u00ednsecamente seguro<\/li>\n<li>Tecnolog\u00eda LED<\/li>\n<li>Haz de luz enfocado para iluminaci\u00f3n a distancia<\/li>\n<li>Carcasa de pol\u00edmero de ingenier\u00eda<\/li>\n<li>Interruptor \u00fanico ubicado en la parte superior de la luz.<\/li>\n<li>Cabezal de inclinaci\u00f3n de trinquete ajustable<\/li>\n<li>Correa el\u00e1stica antideslizante para la cabeza<\/li>\n<li>Correa de caucho resistente para aplicaciones con casco de seguridad<\/li>\n<li>A prueba de polvo \/ resistente al agua<\/li>\n<li>Resistente a impactos y productos qu\u00edmicos<\/li>\n<li>3 pilas AAA (incluidas)<\/li>\n<li>Garant\u00eda limitada de por vida<\/li>\n<\/ul>\n<\/div>\n<\/div>\n<\/div>\n<div class=\"full-width full-width--return-link\">\n<ul class=\"product-specifications\">\n<li><strong>Multifunci\u00f3n<\/strong>\u00a0: S\u00ed<\/li>\n<li><strong>Altos l\u00famenes<\/strong>\u00a0: 190<\/li>\n<li><strong>L\u00famenes del reflector<\/strong>\u00a0: 170<\/li>\n<li><strong>L\u00famenes de alta potencia<\/strong>\u00a0: 220<\/li>\n<li><strong>Distancia de luz alta (m)<\/strong>\u00a0: 104<\/li>\n<li><strong>Candela alta<\/strong>\u00a0: 2705<\/li>\n<li><strong>Resistencia a ca\u00eddas<\/strong>\u00a0: 2 m<\/li>\n<li><strong>Clasificaci\u00f3n de resistencia al agua<\/strong>\u00a0: IP-67 a prueba de polvo\/agua<\/li>\n<li><strong>Alto tiempo de ejecuci\u00f3n (h)<\/strong>\u00a0: 5<\/li>\n<li><strong>Tiempo de ejecuci\u00f3n de inundaciones altas (h)<\/strong>\u00a0: 5<\/li>\n<li><strong>Alta duraci\u00f3n de la luz dual (h)<\/strong>\u00a0: 5<\/li>\n<li><strong>Funci\u00f3n del interruptor<\/strong>\u00a0: Interruptor \u00fanico. Foco, reflector, doble luz, apagado<\/li>\n<li><strong>Fuente de luz<\/strong>\u00a0: LED<\/li>\n<li><strong>Material de la caja<\/strong>\u00a0: pol\u00edmero de ingenier\u00eda<\/li>\n<li><strong>Color de la carrocer\u00eda<\/strong>\u00a0: Verde IS<\/li>\n<li><strong>Correa\/Soporte<\/strong>\u00a0: Correas el\u00e1sticas y de goma<\/li>\n<li><strong>Cantidad de pilas<\/strong>\u00a0: 3<\/li>\n<li><strong>Fuente de alimentaci\u00f3n<\/strong>\u00a0: AAA<\/li>\n<li><strong>Contenido del paquete<\/strong>\u00a0: Diadema ligera, el\u00e1stica y antideslizante, correa de goma para casco, cierres resellables de doble cierre 3M, almohadilla de limpieza con alcohol, manual de instrucciones y 3 pilas AAA.<\/li>\n<li><strong>Garant\u00eda<\/strong>\u00a0: Garant\u00eda limitada de por vida<\/li>\n<\/ul>\n<\/div>\n<h3><strong>Certificaciones<\/strong><\/h3>\n<ul class=\"product-certs\">\n<li>CLASE I DIV 1:GRPS AD T3C<\/li>\n<li>CLASE II y III DIV 1:GRPS EG T160\u00b0C<\/li>\n<li>ZONA CLASE I 0:IIIC T3<\/li>\n<\/ul>\n<h3><span data-sheets-root=\"1\">Usos Recomendados<\/span><\/h3>\n<ul>\n<li><span data-sheets-root=\"1\">Trabajo en ambientes con riesgo de explosi\u00f3n (gas, polvo, vapores)<\/span><\/li>\n<li><span data-sheets-root=\"1\">Bomberos forestales y brigadas de rescate con casco<\/span><\/li>\n<li><span data-sheets-root=\"1\">Espacios confinados y t\u00faneles<\/span><\/li>\n<li><span data-sheets-root=\"1\">Operaciones nocturnas en mantenimiento o b\u00fasqueda t\u00e9cnica<\/span><\/li>\n<\/ul>\n<p>&nbsp;<\/p>\n<h2><span data-sheets-root=\"1\">FAQ \u2013 Preguntas Frecuentes<\/span><\/h2>\n<h3><span data-sheets-root=\"1\">\u00bfEn qu\u00e9 entornos se puede usar esta linterna?<br \/>\n<\/span><\/h3>\n<p><span data-sheets-root=\"1\">En ambientes explosivos, oscuros o confinados, con presencia de gases, polvo o vapores explosivos.<br \/>\n<\/span><\/p>\n<h3><span data-sheets-root=\"1\"><br \/>\n\u00bfQu\u00e9 tecnolog\u00eda permite su modo dual?<br \/>\n<\/span><\/h3>\n<p><span data-sheets-root=\"1\">Dual-Light permite iluminar simult\u00e1neamente el foco y el reflector, mejorando visibilidad cercana y a distancia.<br \/>\n<\/span><\/p>\n<h3><span data-sheets-root=\"1\"><br \/>\n\u00bfQu\u00e9 certificaciones posee?<br \/>\n<\/span><\/h3>\n<p><span data-sheets-root=\"1\">Cumple CLASE I DIV 1 \/ ZONA 0, NFPA 1971-8.6, IECEx, cULus, INMETRO, KOSHA y UKCA.<br \/>\n<\/span><\/p>\n<h3><span data-sheets-root=\"1\"><br \/>\n\u00bfEs resistente al agua, polvo e impactos?<br \/>\n<\/span><\/h3>\n<p><span data-sheets-root=\"1\">S\u00ed, clasificaci\u00f3n IP67 y resistente a impactos hasta 2 metros, adem\u00e1s de qu\u00edmicos agresivos.<br \/>\n<\/span><\/p>\n<h3><span data-sheets-root=\"1\"><br \/>\n\u00bfSe puede usar sobre casco o cabeza directamente?<br \/>\n<\/span><\/h3>\n<p><span data-sheets-root=\"1\">S\u00ed, con correas duales: el\u00e1stica antideslizante para cabeza o caucho para casco de seguridad.<\/span><\/p>\n","protected":false},"excerpt":{"rendered":"<p>Esta linterna frontal multifunci\u00f3n de doble luz de 220 l\u00famenes cuenta con certificaci\u00f3n cULus como intr\u00ednsecamente segura. La linterna frontal 5453 cuenta con un dise\u00f1o de cabezal inclinable multiposici\u00f3n e incluye una placa posterior para una correa el\u00e1stica con forro antideslizante o la correa de goma resistente incluida. Para uso con banda cero, tambi\u00e9n se incluyen cierres resellables 3M\u2122 Dual Lock\u2122 (consulte las instrucciones para una correcta instalaci\u00f3n). El interruptor superior permite seleccionar entre foco, reflector y nuestra exclusiva tecnolog\u00eda Dual-Light, que permite encender y apagar simult\u00e1neamente.<\/p>\n<p>&nbsp;<\/p>\n<p><a class=\"accion\" href=\"https:\/\/wa.link\/64mnvg\" target=\"_blank\" rel=\"noopener\">Cont\u00e1ctanos a WhatsApp<\/a><\/p>\n<p>&nbsp;<\/p>\n<p>Producto disponible para entrega inmediata.<\/p>\n<p>&nbsp;<\/p>\n","protected":false},"featured_media":3353,"template":"","meta":[],"product_brand":[],"product_cat":[84,198,193,202,31,201],"product_tag":[219,216,215,217,218],"class_list":{"0":"post-3352","1":"product","2":"type-product","3":"status-publish","4":"has-post-thumbnail","6":"product_cat-equipos-de-rescate-y-busqueda","7":"product_cat-epi-incendios-estructurales","8":"product_cat-epi-incendios-forestales","9":"product_cat-equipos-de-rescate","10":"product_cat-proteccion-contra-incendios","11":"product_cat-rescate-en-agua","12":"product_tag-busqueda-y-rescate","13":"product_tag-emergencias","14":"product_tag-recate","15":"product_tag-trabajo-liviano","16":"product_tag-trabajo-pesado","18":"first","19":"instock","20":"taxable","21":"shipping-taxable","22":"product-type-simple"},"_links":{"self":[{"href":"https:\/\/www.kpnsafety.com\/bo\/wp-json\/wp\/v2\/product\/3352","targetHints":{"allow":["GET"]}}],"collection":[{"href":"https:\/\/www.kpnsafety.com\/bo\/wp-json\/wp\/v2\/product"}],"about":[{"href":"https:\/\/www.kpnsafety.com\/bo\/wp-json\/wp\/v2\/types\/product"}],"wp:featuredmedia":[{"embeddable":true,"href":"https:\/\/www.kpnsafety.com\/bo\/wp-json\/wp\/v2\/media\/3353"}],"wp:attachment":[{"href":"https:\/\/www.kpnsafety.com\/bo\/wp-json\/wp\/v2\/media?parent=3352"}],"wp:term":[{"taxonomy":"product_brand","embeddable":true,"href":"https:\/\/www.kpnsafety.com\/bo\/wp-json\/wp\/v2\/product_brand?post=3352"},{"taxonomy":"product_cat","embeddable":true,"href":"https:\/\/www.kpnsafety.com\/bo\/wp-json\/wp\/v2\/product_cat?post=3352"},{"taxonomy":"product_tag","embeddable":true,"href":"https:\/\/www.kpnsafety.com\/bo\/wp-json\/wp\/v2\/product_tag?post=3352"}],"curies":[{"name":"wp","href":"https:\/\/api.w.org\/{rel}","templated":true}]}}