{"id":3360,"date":"2025-03-26T15:21:34","date_gmt":"2025-03-26T20:21:34","guid":{"rendered":"https:\/\/www.kpnsafety.com\/bo\/?post_type=product&#038;p=3360"},"modified":"2026-02-23T16:53:32","modified_gmt":"2026-02-23T21:53:32","slug":"linterna-angular-de-doble-luz-3aa","status":"publish","type":"product","link":"https:\/\/www.kpnsafety.com\/bo\/tienda\/linterna-angular-de-doble-luz-3aa\/","title":{"rendered":"Linterna angular de doble luz 3AA"},"content":{"rendered":"<p><span data-sheets-root=\"1\">La Linterna Angular de Doble Luz 3AA est\u00e1 dise\u00f1ada para entornos exigentes donde la visibilidad, resistencia y seguridad son cr\u00edticas. Es intr\u00ednsecamente segura para operar en \u00e1reas con gases, polvo combustible o vapores explosivos, cumpliendo normas ATEX Zona 0, NFPA 1971-8.6 (2013) y certificaciones internacionales como IECEx, INMETRO, UKCA y KOSHA.<\/span><\/p>\n<p>Su estructura giratoria de 90\u00b0 vertical y reflector fijo a 45\u00b0 permite iluminar simult\u00e1neamente a lo lejos y al suelo, combinando funciones de linterna, reflector y luz dual. Ofrece hasta 8 configuraciones de brillo (20-205 l\u00famenes) y un haz ultrafino de 401 metros de alcance, ideal para atravesar humo, explorar zonas confinadas o mantener visibilidad t\u00e1ctica.<\/p>\n<p>Construida en pol\u00edmero de nailon reforzado con fibra de vidrio, es resistente a ca\u00eddas, qu\u00edmicos y al agua\/polvo (IP67). Funciona con 3 pilas AA (incluidas) y puede actualizarse a un sistema recargable con bater\u00eda de ion-litio y cargador opcionales.<\/p>\n<p>El modo de doble luz permite al usuario ver simult\u00e1neamente objetos a distancia o a trav\u00e9s del humo, as\u00ed como el suelo frente a \u00e9l mientras camina o trabaja. Funciona con 3 pilas AA (incluidas). Se puede actualizar a un modelo recargable a\u00f1adiendo la bater\u00eda recargable de iones de litio opcional y el cargador. Clasificaci\u00f3n IP-67 de resistencia al agua y al polvo. Cumple con los requisitos de la norma NFPA-1971-8.6 (2013).<\/p>\n<ul>\n<li>Listado como intr\u00ednsecamente seguro por cULus, KOSHA, UKCA, ATEX, IECEx e INMETRO<\/li>\n<li>Tecnolog\u00eda LED<\/li>\n<li>Linterna \u2013 Reflector \u2013 Doble luz<\/li>\n<li>8 configuraciones de brillo seleccionables por el usuario para la linterna y el reflector, incluido un modo de supervivencia de 20 l\u00famenes<\/li>\n<li>Reflector parab\u00f3lico profundo de alta eficiencia que crea un haz de luz n\u00edtido y enfocado<\/li>\n<li>La luz dual (la linterna y el reflector encendidos al mismo tiempo) proporciona m\u00e1xima versatilidad de iluminaci\u00f3n y seguridad para el usuario.<\/li>\n<li>Carcasa de pol\u00edmero de nailon reforzado con fibra de vidrio<\/li>\n<li>Interruptores de cuerpo dual<\/li>\n<li>Clip de bolsillo de acero inoxidable de alta resistencia<\/li>\n<li>Indicador de estado de carga de la bater\u00eda (para uso exclusivo con bater\u00eda recargable)<\/li>\n<li>IP-67 a prueba de polvo y agua<\/li>\n<li>Resistente a impactos y productos qu\u00edmicos<\/li>\n<li>Cumple con los requisitos de NFPA-1971-8.6 (2013)<\/li>\n<li>3 pilas AA (incluidas)<\/li>\n<li>Serializado para identificaci\u00f3n personal<\/li>\n<li>Se puede actualizar a recargable a\u00f1adiendo un paquete de bater\u00eda de iones de litio, un cargador y una fuente de alimentaci\u00f3n de CA y\/o CC.<\/li>\n<li>Garant\u00eda limitada de por vida<\/li>\n<\/ul>\n<p>&nbsp;<\/p>\n<h2><strong>Caracter\u00edsticas t\u00e9cnicas<\/strong><\/h2>\n<ul class=\"product-specifications\">\n<li><strong>Multifunci\u00f3n<\/strong>\u00a0: S\u00ed<\/li>\n<li><strong>Altos l\u00famenes<\/strong>\u00a0: 200<\/li>\n<li><strong>L\u00famenes medianos<\/strong>\u00a0: 110<\/li>\n<li><strong>L\u00famenes bajos<\/strong>\u00a0: 60<\/li>\n<li><strong>L\u00famenes del reflector<\/strong>\u00a0: 100<\/li>\n<li><strong>Inundaci\u00f3n media L\u00famenes<\/strong>\u00a0: 40<\/li>\n<li><strong>Inundaci\u00f3n baja L\u00famenes<\/strong>\u00a0: 20<\/li>\n<li><strong>L\u00famenes de alta potencia<\/strong>\u00a0: 205<\/li>\n<li><strong>Distancia de luz alta (m)<\/strong>\u00a0: 401<\/li>\n<li><strong>Distancia del haz medio (m)<\/strong>\u00a0: 250<\/li>\n<li><strong>Distancia de luz baja (m)<\/strong>\u00a0: 187<\/li>\n<li><strong>Candela alta<\/strong>\u00a0: 40,256<\/li>\n<li><strong>Candela mediana<\/strong>\u00a0: 15,625<\/li>\n<li><strong>Candela baja<\/strong>\u00a0: 8,750<\/li>\n<li><strong>Resistencia a ca\u00eddas<\/strong>\u00a0: 2 m<\/li>\n<li><strong>Clasificaci\u00f3n de resistencia al agua<\/strong>\u00a0: IP-67 a prueba de polvo\/agua<\/li>\n<li><strong>Alto tiempo de ejecuci\u00f3n (h)<\/strong>\u00a0: 11<\/li>\n<li><strong>Tiempo de ejecuci\u00f3n medio (h)<\/strong>\u00a0: 18<\/li>\n<li><strong>Tiempo de ejecuci\u00f3n bajo (h)<\/strong>\u00a0: 33<\/li>\n<li><strong>Tiempo de ejecuci\u00f3n de inundaciones altas (h)<\/strong>\u00a0: 11<\/li>\n<li><strong>Tiempo de ejecuci\u00f3n de inundaci\u00f3n media (h)<\/strong>\u00a0: 18<\/li>\n<li><strong>Tiempo de ejecuci\u00f3n de inundaciones bajas (h)<\/strong>\u00a0: 33<\/li>\n<li><strong>Alta duraci\u00f3n de la luz dual (h)<\/strong>\u00a0: 11<\/li>\n<li><strong>Estrobosc\u00f3pico<\/strong>\u00a0: S\u00ed<\/li>\n<li><strong>Color del reflector<\/strong>\u00a0: blanco<\/li>\n<li><strong>Funci\u00f3n del interruptor<\/strong>\u00a0: Interruptores de cuerpo doble: linterna alta\/media\/baja\/estrobosc\u00f3pica, reflector alto\/medio\/de supervivencia, luz dual<\/li>\n<li><strong>Fuente de luz<\/strong>\u00a0: LED<\/li>\n<li><strong>Serializado<\/strong>\u00a0: Y<\/li>\n<li><strong>Material de la caja<\/strong>\u00a0: pol\u00edmero de nailon reforzado con fibra de vidrio<\/li>\n<li><strong>Color del cuerpo<\/strong>\u00a0: Rojo<\/li>\n<li><strong>Cantidad de pilas<\/strong>\u00a0: 3<\/li>\n<li><strong>Fuente de alimentaci\u00f3n<\/strong>\u00a0: AA<\/li>\n<li><strong>Contenido del paquete<\/strong>\u00a0: Luz, portapilas AA y 3 pilas AA<\/li>\n<li><strong>Patentes de EE. UU<\/strong>\u00a0.: 9713217 y 10119663<\/li>\n<li><strong>Garant\u00eda<\/strong>\u00a0: Garant\u00eda limitada de por vida<\/li>\n<\/ul>\n<h3><span data-sheets-root=\"1\">Usos Recomendados<\/span><\/h3>\n<ul>\n<li><span data-sheets-root=\"1\">Operaciones de b\u00fasqueda y rescate en zonas de humo o visibilidad reducida.<\/span><\/li>\n<li><span data-sheets-root=\"1\">Brigadas forestales y subterr\u00e1neas con riesgo de atm\u00f3sferas explosivas.<\/span><\/li>\n<li><span data-sheets-root=\"1\">Equipos de mantenimiento el\u00e9ctrico, gas y miner\u00eda.<\/span><\/li>\n<li><span data-sheets-root=\"1\">Intervenciones prolongadas en terrenos complejos o en movimiento.<\/span><\/li>\n<\/ul>\n<p>FAQ \u2013 Preguntas Frecuentes<\/p>\n<h3><span data-sheets-root=\"1\">\u00bfD\u00f3nde se puede usar la Linterna Angular 3AA?<br \/>\n<\/span><\/h3>\n<p><span data-sheets-root=\"1\">En entornos con gases, polvo combustible o vapores explosivos, tanto en superficie como en espacios confinados.<br \/>\n<\/span><\/p>\n<h3><span data-sheets-root=\"1\"><br \/>\n\u00bfCu\u00e1l es el alcance y potencia de la linterna?<br \/>\n<\/span><\/h3>\n<p><span data-sheets-root=\"1\">Hasta 205 l\u00famenes con haz ultrafino de 401 metros.<br \/>\n<\/span><\/p>\n<h3><span data-sheets-root=\"1\"><br \/>\n\u00bfQu\u00e9 certificaciones posee la Linterna Angular 3AA?<br \/>\n<\/span><\/h3>\n<p><span data-sheets-root=\"1\">Cumple ATEX Zona 0, NFPA 1971-8.6, IECEx, INMETRO, UKCA y KOSHA.<br \/>\n<\/span><\/p>\n<h3><span data-sheets-root=\"1\"><br \/>\n\u00bfEs resistente al agua, polvo y ca\u00eddas?<br \/>\n<\/span><\/h3>\n<p><span data-sheets-root=\"1\">S\u00ed, cuenta con clasificaci\u00f3n IP67 y resistencia a impactos de hasta 2 metros.<br \/>\n<\/span><\/p>\n<h3><span data-sheets-root=\"1\"><br \/>\n\u00bfSe puede actualizar a bater\u00eda recargable?<\/span><\/h3>\n","protected":false},"excerpt":{"rendered":"<p>La linterna angular intr\u00ednsecamente segura\u00a0<strong>INTRANT\u00ae<\/strong>\u00a0es una linterna, un reflector y una linterna angular de doble luz con\u00a0\u00a0certificaci\u00f3n intr\u00ednsecamente segura de UKCA, ATEX Zona 0, IECEx, KOSHA e INMETRO.\u00a0La linterna gira 90 grados hacia arriba y hacia abajo con un reflector inclinado 45 grados hacia abajo.<\/p>\n<p>La linterna ofrece ajustes de brillo seleccionables por el usuario de 200, 110 y 60 l\u00famenes con un alcance de 401 metros. Su haz ultrafino es perfecto para atravesar el humo e iluminar objetos a gran distancia. El reflector ofrece ajustes de brillo seleccionables por el usuario de 100 y 40 l\u00famenes, y un modo de supervivencia de 20 l\u00famenes que proporciona la luz justa en una emergencia con una autonom\u00eda de 33 horas.<\/p>\n<p>&nbsp;<\/p>\n<p><a class=\"accion\" href=\"https:\/\/wa.link\/3l1y9k\" target=\"_blank\" rel=\"noopener\">Cont\u00e1ctanos a WhatsApp<\/a><\/p>\n<p>&nbsp;<\/p>\n<p>Producto disponible para entrega inmediata.<\/p>\n<p>&nbsp;<\/p>\n","protected":false},"featured_media":3361,"template":"","meta":[],"product_brand":[],"product_cat":[84,198,193,202,31,201,224],"product_tag":[219,216,215,217,218],"class_list":{"0":"post-3360","1":"product","2":"type-product","3":"status-publish","4":"has-post-thumbnail","6":"product_cat-equipos-de-rescate-y-busqueda","7":"product_cat-epi-incendios-estructurales","8":"product_cat-epi-incendios-forestales","9":"product_cat-equipos-de-rescate","10":"product_cat-proteccion-contra-incendios","11":"product_cat-rescate-en-agua","12":"product_cat-stock-entrega-inmediata","13":"product_tag-busqueda-y-rescate","14":"product_tag-emergencias","15":"product_tag-recate","16":"product_tag-trabajo-liviano","17":"product_tag-trabajo-pesado","19":"first","20":"instock","21":"taxable","22":"shipping-taxable","23":"purchasable","24":"product-type-simple"},"_links":{"self":[{"href":"https:\/\/www.kpnsafety.com\/bo\/wp-json\/wp\/v2\/product\/3360","targetHints":{"allow":["GET"]}}],"collection":[{"href":"https:\/\/www.kpnsafety.com\/bo\/wp-json\/wp\/v2\/product"}],"about":[{"href":"https:\/\/www.kpnsafety.com\/bo\/wp-json\/wp\/v2\/types\/product"}],"wp:featuredmedia":[{"embeddable":true,"href":"https:\/\/www.kpnsafety.com\/bo\/wp-json\/wp\/v2\/media\/3361"}],"wp:attachment":[{"href":"https:\/\/www.kpnsafety.com\/bo\/wp-json\/wp\/v2\/media?parent=3360"}],"wp:term":[{"taxonomy":"product_brand","embeddable":true,"href":"https:\/\/www.kpnsafety.com\/bo\/wp-json\/wp\/v2\/product_brand?post=3360"},{"taxonomy":"product_cat","embeddable":true,"href":"https:\/\/www.kpnsafety.com\/bo\/wp-json\/wp\/v2\/product_cat?post=3360"},{"taxonomy":"product_tag","embeddable":true,"href":"https:\/\/www.kpnsafety.com\/bo\/wp-json\/wp\/v2\/product_tag?post=3360"}],"curies":[{"name":"wp","href":"https:\/\/api.w.org\/{rel}","templated":true}]}}