{"id":3961,"date":"2026-02-24T10:26:32","date_gmt":"2026-02-24T15:26:32","guid":{"rendered":"https:\/\/www.kpnsafety.com\/bo\/?post_type=product&#038;p=3961"},"modified":"2026-02-24T11:48:41","modified_gmt":"2026-02-24T16:48:41","slug":"guantes-de-bombero-estructural-nfpa-1971-2018","status":"publish","type":"product","link":"https:\/\/www.kpnsafety.com\/bo\/tienda\/guantes-de-bombero-estructural-nfpa-1971-2018\/","title":{"rendered":"Guantes de Bombero Estructural NFPA 1971-2018"},"content":{"rendered":"<p>Guantes de Carnaza con pu\u00f1o de Kevlar para uso Estructural<\/p>\n<p>&nbsp;<\/p>\n<h4>Caracter\u00edsticas:<\/h4>\n<ul>\n<li>Construcci\u00f3n ergon\u00f3mica que facilita la acci\u00f3n.<\/li>\n<li>Forro t\u00e9rmico Nomex\u00ae\/Kevlar\u00ae al dorso de la mano; Modacrylico en la palma de la mano.<\/li>\n<li>Capa 100% hidrof\u00f3bica, resistente contra penetraci\u00f3n qu\u00edmica\/viral y pat\u00f3genos sangu\u00edneos.<\/li>\n<li>Costuras Hilo de Kevlar\u00ae. Todas las costuras cuentan con 5 puntadas para proporcionar mayor duraci\u00f3n.<\/li>\n<li>Largo 33 cm. de largo.<\/li>\n<li>Certificaci\u00f3n Cumplimiento de Norma NFPA 1971-2018 SEI Ref. No. FFG HYG 01 Hygloves 7883 (Wristlet)<\/li>\n<\/ul>\n","protected":false},"excerpt":{"rendered":"<p data-path-to-node=\"4\">Guantes para bombero profesional estructural con certificaci\u00f3n NFPA 1971-2018. Dise\u00f1ado y construido para la lucha contra incendios estructurales. Con una estructura Tridimensional, dise\u00f1o de dedo curvo y pulgar independiente mejora la movilidad y ergonom\u00eda.<\/p>\n<div id=\"product_description\" class=\"contentCut__hidden _mrgTop active\">\n<p><a class=\"accion\" href=\"https:\/\/wa.link\/5rqqj9\" target=\"_blank\" rel=\"noopener\">Cont\u00e1ctanos a WhatsApp<\/a><\/p>\n<p>&nbsp;<\/p>\n<p>Producto disponible para entrega inmediata.<\/p>\n<p>&nbsp;<\/p>\n<\/div>\n","protected":false},"featured_media":3965,"template":"","meta":[],"product_brand":[],"product_cat":[224,198,53,197,262],"product_tag":[285,282,284],"class_list":{"0":"post-3961","1":"product","2":"type-product","3":"status-publish","4":"has-post-thumbnail","6":"product_cat-stock-entrega-inmediata","7":"product_cat-epi-incendios-estructurales","8":"product_cat-guantes-de-proteccion-industrial","9":"product_cat-incendios-estructurales","10":"product_cat-equipos-de-proteccion-para-emergencias-y-rescate","11":"product_tag-bomberos-estructurales","12":"product_tag-guantes-de-proteccion","13":"product_tag-guantes-para-bomberos","15":"first","16":"instock","17":"taxable","18":"shipping-taxable","19":"purchasable","20":"product-type-variable"},"_links":{"self":[{"href":"https:\/\/www.kpnsafety.com\/bo\/wp-json\/wp\/v2\/product\/3961","targetHints":{"allow":["GET"]}}],"collection":[{"href":"https:\/\/www.kpnsafety.com\/bo\/wp-json\/wp\/v2\/product"}],"about":[{"href":"https:\/\/www.kpnsafety.com\/bo\/wp-json\/wp\/v2\/types\/product"}],"wp:featuredmedia":[{"embeddable":true,"href":"https:\/\/www.kpnsafety.com\/bo\/wp-json\/wp\/v2\/media\/3965"}],"wp:attachment":[{"href":"https:\/\/www.kpnsafety.com\/bo\/wp-json\/wp\/v2\/media?parent=3961"}],"wp:term":[{"taxonomy":"product_brand","embeddable":true,"href":"https:\/\/www.kpnsafety.com\/bo\/wp-json\/wp\/v2\/product_brand?post=3961"},{"taxonomy":"product_cat","embeddable":true,"href":"https:\/\/www.kpnsafety.com\/bo\/wp-json\/wp\/v2\/product_cat?post=3961"},{"taxonomy":"product_tag","embeddable":true,"href":"https:\/\/www.kpnsafety.com\/bo\/wp-json\/wp\/v2\/product_tag?post=3961"}],"curies":[{"name":"wp","href":"https:\/\/api.w.org\/{rel}","templated":true}]}}