{"id":851,"date":"2022-07-05T12:02:42","date_gmt":"2022-07-05T17:02:42","guid":{"rendered":"https:\/\/kpn.marketeros.com.co\/uy\/?post_type=product&#038;p=851"},"modified":"2025-05-14T12:56:55","modified_gmt":"2025-05-14T17:56:55","slug":"guante-de-latex-aislante-clase-1-10kv-sg-10-talla-10","status":"publish","type":"product","link":"https:\/\/www.kpnsafety.com\/bo\/tienda\/guante-de-latex-aislante-clase-1-10kv-sg-10-talla-10\/","title":{"rendered":"GUANTE DE LATEX AISLANTE CLASE 1 10KV SG-10 TALLA 10"},"content":{"rendered":"<p><strong>USO<\/strong><\/p>\n<p>Producci\u00f3n, transporte, transformaci\u00f3n y distribuci\u00f3n de electricidad, ferrocarriles, telecomunicaciones, construcci\u00f3n, mantenimiento industrial, paneles fotovoltaicos, bater\u00edas de coches h\u00edbridos, etc.<\/p>\n<p><strong>RECOMENDACIONES<\/strong><\/p>\n<p>Se recomienda el uso de guantes aislantes de l\u00e1tex junto con un guante de cuero adecuado para proporcionar protecci\u00f3n mec\u00e1nica contra la abrasi\u00f3n, el corte, el desgarro y la perforaci\u00f3n.<\/p>\n<p>El guante de l\u00e1tex natural est\u00e1 disponible en beige.<\/p>\n<p>REQUISITOS MEC\u00c1NICOS Y T\u00c9RMICOS Resistencia a la tensi\u00f3n media: 16 MPa Alargamiento medio a la rotura: 600%<br \/>\nResistencia a la perforaci\u00f3n: 18N\/mm<br \/>\nConjunto de voltaje: 15%<br \/>\nResistencia a temperaturas muy bajas: Envasado de los guantes durante 24h a -40\u00baC. + &#8211; 3\u00baC.<br \/>\nPrueba de retardante de llama: Aplicaci\u00f3n de una llama durante 10 segundos en la punta de un dedo.<\/p>\n","protected":false},"excerpt":{"rendered":"<p>La base de l\u00e1tex natural ofrece excelentes propiedades diel\u00e9ctricas.<br \/>\nCuanto m\u00e1s grueso sea el guante, mayor ser\u00e1 la resistencia el\u00e9ctrica.<br \/>\nEl dise\u00f1o ergon\u00f3mico aumenta la comodidad, proporciona m\u00e1s suavidad y permite que el guante se coloque y retire con mucha facilidad.<\/p>\n<p>Los guantes aislantes est\u00e1n entre los Epis m\u00e1s importantes para trabajos en el sector el\u00e9ctrico. Son la primera l\u00ednea de defensa para el contacto con cualquier componente o cable energizado.<\/p>\n<p>&nbsp;<\/p>\n<p><a class=\"accion\" href=\"https:\/\/api.whatsapp.com\/send?phone=573147862881\" target=\"_blank\" rel=\"noopener\">Cont\u00e1ctanos a WhatsApp<\/a><\/p>\n","protected":false},"featured_media":759,"template":"","meta":[],"product_brand":[],"product_cat":[46,27],"product_tag":[],"class_list":{"0":"post-851","1":"product","2":"type-product","3":"status-publish","4":"has-post-thumbnail","6":"product_cat-guantes-dielectricos","7":"product_cat-seguridad-electrica","8":"pa_tallas-188","9":"pa_tallas-189","11":"first","12":"instock","13":"taxable","14":"shipping-taxable","15":"product-type-simple"},"_links":{"self":[{"href":"https:\/\/www.kpnsafety.com\/bo\/wp-json\/wp\/v2\/product\/851","targetHints":{"allow":["GET"]}}],"collection":[{"href":"https:\/\/www.kpnsafety.com\/bo\/wp-json\/wp\/v2\/product"}],"about":[{"href":"https:\/\/www.kpnsafety.com\/bo\/wp-json\/wp\/v2\/types\/product"}],"wp:featuredmedia":[{"embeddable":true,"href":"https:\/\/www.kpnsafety.com\/bo\/wp-json\/wp\/v2\/media\/759"}],"wp:attachment":[{"href":"https:\/\/www.kpnsafety.com\/bo\/wp-json\/wp\/v2\/media?parent=851"}],"wp:term":[{"taxonomy":"product_brand","embeddable":true,"href":"https:\/\/www.kpnsafety.com\/bo\/wp-json\/wp\/v2\/product_brand?post=851"},{"taxonomy":"product_cat","embeddable":true,"href":"https:\/\/www.kpnsafety.com\/bo\/wp-json\/wp\/v2\/product_cat?post=851"},{"taxonomy":"product_tag","embeddable":true,"href":"https:\/\/www.kpnsafety.com\/bo\/wp-json\/wp\/v2\/product_tag?post=851"}],"curies":[{"name":"wp","href":"https:\/\/api.w.org\/{rel}","templated":true}]}}