{"id":866,"date":"2022-07-05T14:45:42","date_gmt":"2022-07-05T19:45:42","guid":{"rendered":"https:\/\/kpn.marketeros.com.co\/uy\/?post_type=product&#038;p=866"},"modified":"2026-02-23T17:22:30","modified_gmt":"2026-02-23T22:22:30","slug":"batefuego-extensible-alaska","status":"publish","type":"product","link":"https:\/\/www.kpnsafety.com\/bo\/tienda\/batefuego-extensible-alaska\/","title":{"rendered":"Batefuego extensible Alaska"},"content":{"rendered":"<p><strong>Peso<\/strong><br \/>\n1,78 kg.<\/p>\n<p><strong>Material de manipulaci\u00f3n r\u00edgido<\/strong><br \/>\nAluminio<\/p>\n<p><strong>Material de cable flexible<\/strong><br \/>\nPom C Delrin<\/p>\n<p><strong>Composici\u00f3n de la cuchilla<\/strong><br \/>\nMulticapa de algod\u00f3n resistente a los desgarros y caucho sint\u00e9tico autoextinguible.<\/p>\n<p><strong>Superficie de trabajo de la paleta<\/strong><br \/>\n30 x 21 cm.<\/p>\n<p><strong>Longitud doblada<\/strong><br \/>\n92 cm.<\/p>\n<p><strong>Desplegado<\/strong><br \/>\n2 m.<\/p>\n<p>&nbsp;<\/p>\n","protected":false},"excerpt":{"rendered":"<p>Batefuegos extensible Alaska, con mango el\u00e1stico y telesc\u00f3pico de hasta 2 metros<\/p>\n<p>El \u00e1ngulo de 45\u00ba en el modo de trabajo facilita el impacto contra el suelo, aprovechando el trabajo f\u00edsico de manera m\u00e1s eficiente. Esto le da al trabajador m\u00e1s ingresos, m\u00e1s comodidad y menos desgaste en el ataque directo contra incendios forestales.<\/p>\n<p>&nbsp;<\/p>\n<p><a class=\"accion\" href=\"https:\/\/wa.link\/1ujnbb\" target=\"_blank\" rel=\"noopener\">Cont\u00e1ctanos a WhatsApp<\/a><\/p>\n<p>&nbsp;<\/p>\n","protected":false},"featured_media":3188,"template":"","meta":[],"product_brand":[],"product_cat":[194,192,31],"product_tag":[],"class_list":{"0":"post-866","1":"product","2":"type-product","3":"status-publish","4":"has-post-thumbnail","6":"product_cat-herramientas-para-incendios-forestales","7":"product_cat-incendios-forestales","8":"product_cat-proteccion-contra-incendios","10":"first","11":"instock","12":"taxable","13":"shipping-taxable","14":"purchasable","15":"product-type-simple"},"_links":{"self":[{"href":"https:\/\/www.kpnsafety.com\/bo\/wp-json\/wp\/v2\/product\/866","targetHints":{"allow":["GET"]}}],"collection":[{"href":"https:\/\/www.kpnsafety.com\/bo\/wp-json\/wp\/v2\/product"}],"about":[{"href":"https:\/\/www.kpnsafety.com\/bo\/wp-json\/wp\/v2\/types\/product"}],"wp:featuredmedia":[{"embeddable":true,"href":"https:\/\/www.kpnsafety.com\/bo\/wp-json\/wp\/v2\/media\/3188"}],"wp:attachment":[{"href":"https:\/\/www.kpnsafety.com\/bo\/wp-json\/wp\/v2\/media?parent=866"}],"wp:term":[{"taxonomy":"product_brand","embeddable":true,"href":"https:\/\/www.kpnsafety.com\/bo\/wp-json\/wp\/v2\/product_brand?post=866"},{"taxonomy":"product_cat","embeddable":true,"href":"https:\/\/www.kpnsafety.com\/bo\/wp-json\/wp\/v2\/product_cat?post=866"},{"taxonomy":"product_tag","embeddable":true,"href":"https:\/\/www.kpnsafety.com\/bo\/wp-json\/wp\/v2\/product_tag?post=866"}],"curies":[{"name":"wp","href":"https:\/\/api.w.org\/{rel}","templated":true}]}}