{"id":882,"date":"2022-07-05T15:28:52","date_gmt":"2022-07-05T20:28:52","guid":{"rendered":"https:\/\/kpn.marketeros.com.co\/uy\/?post_type=product&#038;p=882"},"modified":"2025-05-14T14:55:26","modified_gmt":"2025-05-14T19:55:26","slug":"botas-para-bombero-estructural-2","status":"publish","type":"product","link":"https:\/\/www.kpnsafety.com\/bo\/tienda\/botas-para-bombero-estructural-2\/","title":{"rendered":"Botas para bombero estructural"},"content":{"rendered":"<p><strong>CARACTER\u00cdSTICAS<\/strong><\/p>\n<ul>\n<li>SKU: E780090<\/li>\n<li>COLOR: Ca\u00f1a negra con suela negra y distintivos amarillos.<\/li>\n<li>CAPELLADA: En caucho con espuma aislante en PU.<\/li>\n<li>FORRO INTERNO: Filtrex (aislante al calor).<\/li>\n<li>PLANTILLA: Extra\u00edble, fabricada en poliuretano (PU), la cual tiene surcos de ventilaci\u00f3n, que ayudan a mantener fresco y seco el pie, al ser removible, facilita su limpieza, proporcionando m\u00e1s higiene al calzado, su dise\u00f1o anat\u00f3mico brinda mayor confort al caminar.<\/li>\n<li>PUNTERA: Fabricada en acero, bota certificada, cumple con la resistencia al impacto de 101.7 J. y resiste una fuerza de compresi\u00f3n de 11.121 N. o 2.500lbf seg\u00fan la norma ASTM F2413-18.<\/li>\n<li>CAMBRI\u00d3N INTERNO: Fabricado en acero que brinda mayor estabilidad y soporte durante el ascenso y descenso en escaleras.<\/li>\n<li>SUELA: Caucho vulcanizado en molde. Retardante a la flama , resistente a la abrasi\u00f3n , con labrado profundo que proporciona un mayor agarre en las diferentes zonas de trabajo a las que est\u00e1 expuesta y su dise\u00f1o facilita la remoci\u00f3n de residuos, ayudando al mantenimiento y durabilidad de las mismas.<\/li>\n<li>ENTRESUELA: Entresuela de acero, resiste una fuerza de punci\u00f3n m\u00e1xima de 1.100 N. o 270 lbf seg\u00fan norma ASTM F2413-18.<\/li>\n<li>AGARRADERAS: En caucho vulcanizado que facilitan la calzabilidad.<\/li>\n<li>PROCESO: Armado por piezas y vulcanizado en autoclave.<\/li>\n<li>REFLECTIVO: Cinta reflectiva en contorno de la suela para incrementar visibilidad en espacios de baja luminosidad.<\/li>\n<li>REFERENCIAL T\u00c9CNICO: NFPA 1971-18 \/ ASTM F2413-18 \/ NFPA 1992-18 \/ CSA Z195-14.<\/li>\n<li>PESO \/ TALLA PROMEDIO: 3.573 gr \/ 41.<\/li>\n<li>ALTURA INTERNA: 13\u2033 \/ 33 cm.<\/li>\n<\/ul>\n","protected":false},"excerpt":{"rendered":"<p>Las botas para bombero estructural \u00a0est\u00e1n fabricadas bajo especificaciones t\u00e9cnicas y certificaciones de seguridad que las hacen perfectas para trabajos de rescatistas, brigadistas y bomberos.<\/p>\n<p>Botas para bomberos de seguridad fabricadas en caucho vulcanizado. Tienen puntera de acero que cumple con la resistencia al impacto de 101,7J y resiste una fuerza de compresi\u00f3n de 11.121N o 2.500lbf seg\u00fan la norma ASTM F2413-18. La entresuela de acero resiste una fuerza de punci\u00f3n m\u00ednima de 1.200N o 270lbf, seg\u00fan norma ASTM F2413-18. Estas botas para bomberos est\u00e1n certificadas por Underwriter Laboratories (UL) bajo los requerimientos de las normas NFPA 1971-18, NFPA 1992-18, ASTM F2413-18 y CSA Z195-14.<\/p>\n<p>USO: Brigadistas, rescatistas, bomberos, siderurgia.<\/p>\n<p>&nbsp;<\/p>\n<p><a class=\"accion\" href=\"https:\/\/api.whatsapp.com\/send?phone=573147862881\" target=\"_blank\" rel=\"noopener\">Cont\u00e1ctanos a WhatsApp<\/a><\/p>\n<p>&nbsp;<\/p>\n<p>&nbsp;<\/p>\n","protected":false},"featured_media":784,"template":"","meta":[],"product_brand":[],"product_cat":[198,197,31],"product_tag":[],"class_list":{"0":"post-882","1":"product","2":"type-product","3":"status-publish","4":"has-post-thumbnail","6":"product_cat-epi-incendios-estructurales","7":"product_cat-incendios-estructurales","8":"product_cat-proteccion-contra-incendios","10":"first","11":"instock","12":"taxable","13":"shipping-taxable","14":"product-type-simple"},"_links":{"self":[{"href":"https:\/\/www.kpnsafety.com\/bo\/wp-json\/wp\/v2\/product\/882","targetHints":{"allow":["GET"]}}],"collection":[{"href":"https:\/\/www.kpnsafety.com\/bo\/wp-json\/wp\/v2\/product"}],"about":[{"href":"https:\/\/www.kpnsafety.com\/bo\/wp-json\/wp\/v2\/types\/product"}],"wp:featuredmedia":[{"embeddable":true,"href":"https:\/\/www.kpnsafety.com\/bo\/wp-json\/wp\/v2\/media\/784"}],"wp:attachment":[{"href":"https:\/\/www.kpnsafety.com\/bo\/wp-json\/wp\/v2\/media?parent=882"}],"wp:term":[{"taxonomy":"product_brand","embeddable":true,"href":"https:\/\/www.kpnsafety.com\/bo\/wp-json\/wp\/v2\/product_brand?post=882"},{"taxonomy":"product_cat","embeddable":true,"href":"https:\/\/www.kpnsafety.com\/bo\/wp-json\/wp\/v2\/product_cat?post=882"},{"taxonomy":"product_tag","embeddable":true,"href":"https:\/\/www.kpnsafety.com\/bo\/wp-json\/wp\/v2\/product_tag?post=882"}],"curies":[{"name":"wp","href":"https:\/\/api.w.org\/{rel}","templated":true}]}}