{"id":889,"date":"2022-07-05T15:41:23","date_gmt":"2022-07-05T20:41:23","guid":{"rendered":"https:\/\/kpn.marketeros.com.co\/uy\/?post_type=product&#038;p=889"},"modified":"2025-07-09T15:10:58","modified_gmt":"2025-07-09T20:10:58","slug":"botas-para-bombero-estructural","status":"publish","type":"product","link":"https:\/\/www.kpnsafety.com\/bo\/tienda\/botas-para-bombero-estructural\/","title":{"rendered":"BOTAS PARA BOMBERO ESTRUCTURAL"},"content":{"rendered":"","protected":false},"excerpt":{"rendered":"<p>Botas para bombero estructural de cuero Tan Calf hidr\u00f3fugado color negro, fuelle y collar vacuno negro hidr\u00f3fugado. Forrado con membrana impermeable-transpirable 4 capas Gore-Tex \u00ae. Ca\u00f1as, fuelle y collar acolchados. Sistema de cierre mediante cordones, con siete pares de ojetes en empeine, tres pares de anillas y cremalleras en las ca\u00f1as interiores con empu\u00f1adura de f\u00e1cil agarre. Calzado antiest\u00e1tico, con protecciones en puntera, plantas y material reflectante en trasera. Suela Caucho Nitrilo, ignifugo y antiest\u00e1tica, color negra<\/p>\n<p>&nbsp;<\/p>\n<p><a class=\"accion\" href=\"https:\/\/wa.link\/allrjb\" target=\"_blank\" rel=\"noopener\">Cont\u00e1ctanos a WhatsApp<\/a><\/p>\n<p>&nbsp;<\/p>\n","protected":false},"featured_media":790,"template":"","meta":[],"product_brand":[],"product_cat":[31,197],"product_tag":[],"class_list":{"0":"post-889","1":"product","2":"type-product","3":"status-publish","4":"has-post-thumbnail","6":"product_cat-proteccion-contra-incendios","7":"product_cat-incendios-estructurales","9":"first","10":"instock","11":"taxable","12":"shipping-taxable","13":"product-type-simple"},"_links":{"self":[{"href":"https:\/\/www.kpnsafety.com\/bo\/wp-json\/wp\/v2\/product\/889","targetHints":{"allow":["GET"]}}],"collection":[{"href":"https:\/\/www.kpnsafety.com\/bo\/wp-json\/wp\/v2\/product"}],"about":[{"href":"https:\/\/www.kpnsafety.com\/bo\/wp-json\/wp\/v2\/types\/product"}],"wp:featuredmedia":[{"embeddable":true,"href":"https:\/\/www.kpnsafety.com\/bo\/wp-json\/wp\/v2\/media\/790"}],"wp:attachment":[{"href":"https:\/\/www.kpnsafety.com\/bo\/wp-json\/wp\/v2\/media?parent=889"}],"wp:term":[{"taxonomy":"product_brand","embeddable":true,"href":"https:\/\/www.kpnsafety.com\/bo\/wp-json\/wp\/v2\/product_brand?post=889"},{"taxonomy":"product_cat","embeddable":true,"href":"https:\/\/www.kpnsafety.com\/bo\/wp-json\/wp\/v2\/product_cat?post=889"},{"taxonomy":"product_tag","embeddable":true,"href":"https:\/\/www.kpnsafety.com\/bo\/wp-json\/wp\/v2\/product_tag?post=889"}],"curies":[{"name":"wp","href":"https:\/\/api.w.org\/{rel}","templated":true}]}}