{"id":299,"date":"2022-01-04T10:17:32","date_gmt":"2022-01-04T15:17:32","guid":{"rendered":"https:\/\/kpnsafety.com\/uy\/?page_id=299"},"modified":"2022-06-14T11:28:04","modified_gmt":"2022-06-14T16:28:04","slug":"politicas-de-privacidad-de-uso-de-datos","status":"publish","type":"page","link":"https:\/\/www.kpnsafety.com\/cl\/politicas-de-privacidad-de-uso-de-datos\/","title":{"rendered":"Pol\u00edticas de privacidad de uso de datos"},"content":{"rendered":"<p>[vc_section full_width=\u00bbstretch_row\u00bb content_placement=\u00bbmiddle\u00bb el_class=\u00bbbannerContacto\u00bb css=\u00bb.vc_custom_1641308053872{background-image: url(https:\/\/kpnsafety.com\/uy\/wp-content\/uploads\/2022\/01\/KPN-Safety_contacto-banner.jpg?id=295) !important;background-position: center !important;background-repeat: no-repeat !important;background-size: cover !important;}\u00bb][vc_row][vc_column][vc_column_text css_animation=\u00bbfadeInRight\u00bb el_class=\u00bbencabezado\u00bb]<\/p>\n<h1><strong>Pol\u00edticas de privacidad de uso de datos<\/strong><\/h1>\n<p>[\/vc_column_text][\/vc_column][\/vc_row][\/vc_section][vc_section full_width=\u00bbstretch_row\u00bb el_class=\u00bbcontContact politica\u00bb][vc_row][vc_column][vc_column_text el_class=\u00bbtexto\u00bb]La presente Pol\u00edtica de Privacidad establece los t\u00e9rminos en que KPN Safety Solutions usa y protege la informaci\u00f3n que es proporcionada por sus usuarios al momento de utilizar su sitio web. Esta compa\u00f1\u00eda est\u00e1 comprometida con la seguridad de los datos de sus usuarios. Cuando le pedimos llenar los campos de informaci\u00f3n personal con la cual usted pueda ser identificado, lo hacemos asegurando que s\u00f3lo se emplear\u00e1 de acuerdo con los t\u00e9rminos de este documento. Sin embargo, esta Pol\u00edtica de Privacidad puede cambiar con el tiempo o ser actualizada por lo que le recomendamos y enfatizamos revisar continuamente esta p\u00e1gina para asegurarse que est\u00e1 de acuerdo con dichos cambios. Conforme a lo dispuesto en el art\u00edculo 15 de la Constituci\u00f3n Pol\u00edtica de Colombia, el cual desarrolla el derecho fundamental al h\u00e1beas data, referido al derecho que tienen todos los ciudadanos de conocer, actualizar, rectificar los datos personales que existan sobre ella en bases de datos y en archivos tanto de bases p\u00fablicas como privadas, lo cual se relaciona indefectiblemente con el manejo y tratamiento de la informaci\u00f3n que los receptores de informaci\u00f3n personal deben tener en cuenta. Dicho derecho se ha desarrollado mediante la expedici\u00f3n de la Ley Estatutaria 1581 de 2012 y el Decreto Reglamentario 1377 de 2013, con base en los cuales KPN Safety Solutions en calidad de RESPONSABLE de los datos personales que recibe, maneja y trata la informaci\u00f3n y procede as\u00ed a expedir la presente pol\u00edtica de tratamiento de datos personales, la cual se pone en conocimiento del p\u00fablico para que conozcan la manera como KPN Safety Solutions trata su informaci\u00f3n. Lo dispuesto en la presente pol\u00edtica de tratamiento de datos personales es de obligado cumplimiento por parte de KPN Safety Solutions, sus administradores, trabajadores, contratistas y terceros con los que KPN Safety Solutions entable relaciones de cualquier \u00edndole.<\/p>\n<h2>Informaci\u00f3n que es recogida<\/h2>\n<p>Nuestro sitio web podr\u00e1 recoger informaci\u00f3n personal, por ejemplo: Nombre, informaci\u00f3n de contacto como su direcci\u00f3n de correo electr\u00f3nica e informaci\u00f3n demogr\u00e1fica. As\u00ed mismo cuando sea necesario podr\u00e1 ser requerida informaci\u00f3n espec\u00edfica para procesar alg\u00fan pedido o realizar una entrega o facturaci\u00f3n.<\/p>\n<h2>Uso de la informaci\u00f3n recogida<\/h2>\n<p>Nuestro sitio web emplea la informaci\u00f3n con el fin de proporcionar el mejor servicio posible, particularmente para mantener un registro de usuarios, de pedidos en caso que aplique, y mejorar nuestros productos y servicios. Es posible que sean enviados correos electr\u00f3nicos peri\u00f3dicamente a trav\u00e9s de nuestro sitio con ofertas especiales, nuevos productos y otra informaci\u00f3n publicitaria que consideremos relevante para usted o que pueda brindarle alg\u00fan beneficio, estos correos electr\u00f3nicos ser\u00e1n enviados a la direcci\u00f3n que usted proporcione y podr\u00e1n ser cancelados en cualquier momento. KPN Safety Solutions est\u00e1 altamente comprometido para cumplir con el compromiso de mantener su informaci\u00f3n segura. Usamos los sistemas m\u00e1s avanzados y los actualizamos constantemente para asegurarnos que no exista ning\u00fan acceso no autorizado.<\/p>\n<h2>Cookies<\/h2>\n<p>Una cookie se refiere a un fichero que es enviado con la finalidad de solicitar permiso para almacenarse en su ordenador, al aceptar dicho fichero se crea y la cookie sirve entonces para tener informaci\u00f3n respecto al tr\u00e1fico web, y tambi\u00e9n facilita las futuras visitas a una web recurrente. Otra funci\u00f3n que tienen las cookies es que con ellas las web pueden reconocerte individualmente y por tanto brindarte el mejor servicio personalizado de su web. Nuestro sitio web emplea las cookies para poder identificar las p\u00e1ginas que son visitadas y su frecuencia. Esta informaci\u00f3n es empleada \u00fanicamente para an\u00e1lisis estad\u00edstico y despu\u00e9s la informaci\u00f3n se elimina de forma permanente. Usted puede eliminar las cookies en cualquier momento desde su ordenador. Sin embargo, las cookies ayudan a proporcionar un mejor servicio de los sitios web, est\u00e1s no dan acceso a informaci\u00f3n de su ordenador ni de usted, a menos de que usted as\u00ed lo quiera y la proporcione directamente. Usted puede aceptar o negar el uso de cookies, sin embargo, la mayor\u00eda de navegadores aceptan cookies autom\u00e1ticamente pues sirve para tener un mejor servicio web. Tambi\u00e9n usted puede cambiar la configuraci\u00f3n de su ordenador para declinar las cookies. Si se declinan es posible que no pueda utilizar algunos de nuestros servicios.<\/p>\n<h2>Enlaces a Terceros<\/h2>\n<p>Este sitio web pudiera contener enlaces a otros sitios que pudieran ser de su inter\u00e9s. Una vez que usted de clic en estos enlaces y abandone nuestra p\u00e1gina, ya no tenemos control sobre al sitio al que es redirigido y por lo tanto no somos responsables de los t\u00e9rminos o privacidad ni de la protecci\u00f3n de sus datos en esos otros sitios terceros. Dichos sitios est\u00e1n sujetos a sus propias pol\u00edticas de privacidad por lo cual es recomendable que los consulte para confirmar que usted est\u00e1 de acuerdo con estas.<\/p>\n<h2>Control de su informaci\u00f3n personal<\/h2>\n<p>En cualquier momento usted puede restringir la recopilaci\u00f3n o el uso de la informaci\u00f3n personal que es proporcionada a nuestro sitio web. Cada vez que se le solicite rellenar un formulario, como el de alta de usuario, puede marcar o desmarcar la opci\u00f3n de recibir informaci\u00f3n por correo electr\u00f3nico. En caso de que haya marcado la opci\u00f3n de recibir nuestro bolet\u00edn o publicidad usted puede cancelarla en cualquier momento. Esta compa\u00f1\u00eda no vender\u00e1, ceder\u00e1 ni distribuir\u00e1 la informaci\u00f3n personal que es recopilada sin su consentimiento, salvo que sea requerido por un juez con un orden judicial. KPN Safety Solutions Se reserva el derecho de cambiar los t\u00e9rminos de la presente Pol\u00edtica de Privacidad en cualquier momento.<\/p>\n<p>Cualquier inquietud por favor comun\u00edcate al <a href=\"tel:+59824112863\">(+598) 2411 2863<\/a> o al <a href=\"tel:5713041223721\">57+1 304 122 3721<\/a> KPN Safety Solutions[\/vc_column_text][\/vc_column][\/vc_row][\/vc_section]<\/p>\n","protected":false},"excerpt":{"rendered":"<p>[vc_section full_width=\u00bbstretch_row\u00bb content_placement=\u00bbmiddle\u00bb el_class=\u00bbbannerContacto\u00bb css=\u00bb.vc_custom_1641308053872{background-image: url(https:\/\/kpnsafety.com\/uy\/wp-content\/uploads\/2022\/01\/KPN-Safety_contacto-banner.jpg?id=295) !important;background-position: center !important;background-repeat: no-repeat !important;background-size: cover !important;}\u00bb][vc_row][vc_column][vc_column_text css_animation=\u00bbfadeInRight\u00bb el_class=\u00bbencabezado\u00bb] Pol\u00edticas de privacidad de uso<\/p>\n","protected":false},"author":2,"featured_media":0,"parent":0,"menu_order":0,"comment_status":"closed","ping_status":"closed","template":"","meta":{"footnotes":""},"class_list":["post-299","page","type-page","status-publish","hentry"],"_links":{"self":[{"href":"https:\/\/www.kpnsafety.com\/cl\/wp-json\/wp\/v2\/pages\/299","targetHints":{"allow":["GET"]}}],"collection":[{"href":"https:\/\/www.kpnsafety.com\/cl\/wp-json\/wp\/v2\/pages"}],"about":[{"href":"https:\/\/www.kpnsafety.com\/cl\/wp-json\/wp\/v2\/types\/page"}],"author":[{"embeddable":true,"href":"https:\/\/www.kpnsafety.com\/cl\/wp-json\/wp\/v2\/users\/2"}],"replies":[{"embeddable":true,"href":"https:\/\/www.kpnsafety.com\/cl\/wp-json\/wp\/v2\/comments?post=299"}],"version-history":[{"count":4,"href":"https:\/\/www.kpnsafety.com\/cl\/wp-json\/wp\/v2\/pages\/299\/revisions"}],"predecessor-version":[{"id":669,"href":"https:\/\/www.kpnsafety.com\/cl\/wp-json\/wp\/v2\/pages\/299\/revisions\/669"}],"wp:attachment":[{"href":"https:\/\/www.kpnsafety.com\/cl\/wp-json\/wp\/v2\/media?parent=299"}],"curies":[{"name":"wp","href":"https:\/\/api.w.org\/{rel}","templated":true}]}}