{"id":1728,"date":"2023-07-24T06:00:19","date_gmt":"2023-07-24T11:00:19","guid":{"rendered":"https:\/\/www.kpnsafety.com\/cl\/?post_type=product&#038;p=1728"},"modified":"2025-10-27T11:04:16","modified_gmt":"2025-10-27T16:04:16","slug":"guantes-kpn-cr5","status":"publish","type":"product","link":"https:\/\/www.kpnsafety.com\/cl\/producto\/guantes-kpn-cr5\/","title":{"rendered":"Guantes KPN CR5"},"content":{"rendered":"<ul>\n<li>Resistencia a cortes ANSI A9<\/li>\n<li>Material exclusivo de la palma que proporciona un 25% m\u00e1s resistencia a la abrasi\u00f3n que el cuero sint\u00e9tico;<\/li>\n<li>Palma punteada pen material sint\u00e9tico para un mejor agarre.<\/li>\n<li>Fabricado con fibras sint\u00e9ticas compuestas por Poliamida, Poli\u00e9ster, Elastano y Poliuretano extremadamente maleables, confortables y con resistencia mec\u00e1nica.<\/li>\n<li>Tratamiento Hidrofugado que repele grasas, polvo y sustancias y facilita su limpieza.<\/li>\n<li>Resistencia al calor por contacto.<\/li>\n<\/ul>\n<div class=\"elementor-element elementor-element-0741ac9 elementor-widget elementor-widget-text-editor\" data-id=\"0741ac9\" data-element_type=\"widget\" data-widget_type=\"text-editor.default\">\n<div class=\"elementor-widget-container\">\n<div class=\"elementor-element elementor-element-4fbc322 elementor-widget elementor-widget-heading\" data-id=\"4fbc322\" data-element_type=\"widget\" data-widget_type=\"heading.default\">\n<div class=\"elementor-widget-container\">\n<h2 class=\"elementor-heading-title elementor-size-default\"><strong>\u00bfC\u00f3mo te protegen las normas EN-388 y EN 407 en los guantes KPN?<\/strong><\/h2>\n<p><a href=\"https:\/\/www.kpnsafety.com\/cl\/wp-content\/uploads\/2023\/07\/norma-en-388-guantes-kpn-force.jpg\"><img fetchpriority=\"high\" decoding=\"async\" class=\"alignnone wp-image-1950\" src=\"https:\/\/www.kpnsafety.com\/cl\/wp-content\/uploads\/2023\/07\/norma-en-388-guantes-kpn-force.jpg\" alt=\"\" width=\"352\" height=\"308\" srcset=\"https:\/\/www.kpnsafety.com\/cl\/wp-content\/uploads\/2023\/07\/norma-en-388-guantes-kpn-force.jpg 575w, https:\/\/www.kpnsafety.com\/cl\/wp-content\/uploads\/2023\/07\/norma-en-388-guantes-kpn-force-300x262.jpg 300w, https:\/\/www.kpnsafety.com\/cl\/wp-content\/uploads\/2023\/07\/norma-en-388-guantes-kpn-force-64x56.jpg 64w\" sizes=\"(max-width: 352px) 100vw, 352px\" \/><\/a><a href=\"https:\/\/www.kpnsafety.com\/cl\/wp-content\/uploads\/2023\/07\/pictograma-EN-388-guantes-KPN-CR5-nuevo.jpg\"><img decoding=\"async\" class=\"alignnone size-full wp-image-1956\" src=\"https:\/\/www.kpnsafety.com\/cl\/wp-content\/uploads\/2023\/07\/pictograma-EN-388-guantes-KPN-CR5-nuevo.jpg\" alt=\"\" width=\"282\" height=\"241\" srcset=\"https:\/\/www.kpnsafety.com\/cl\/wp-content\/uploads\/2023\/07\/pictograma-EN-388-guantes-KPN-CR5-nuevo.jpg 282w, https:\/\/www.kpnsafety.com\/cl\/wp-content\/uploads\/2023\/07\/pictograma-EN-388-guantes-KPN-CR5-nuevo-64x55.jpg 64w\" sizes=\"(max-width: 282px) 100vw, 282px\" \/><\/a><a href=\"https:\/\/www.kpnsafety.com\/cl\/wp-content\/uploads\/2023\/07\/calor-por-contacto-1.jpg\"><img decoding=\"async\" class=\"alignnone size-full wp-image-1951\" src=\"https:\/\/www.kpnsafety.com\/cl\/wp-content\/uploads\/2023\/07\/calor-por-contacto-1.jpg\" alt=\"\" width=\"282\" height=\"241\" srcset=\"https:\/\/www.kpnsafety.com\/cl\/wp-content\/uploads\/2023\/07\/calor-por-contacto-1.jpg 282w, https:\/\/www.kpnsafety.com\/cl\/wp-content\/uploads\/2023\/07\/calor-por-contacto-1-64x55.jpg 64w\" sizes=\"(max-width: 282px) 100vw, 282px\" \/><\/a><\/p>\n<\/div>\n<\/div>\n<\/div>\n<\/div>\n<p>&nbsp;<\/p>\n","protected":false},"excerpt":{"rendered":"<p><a href=\"https:\/\/www.kpnsafety.com\/cl\/wp-content\/uploads\/2023\/07\/LOGO-KPN-FORCE-2-1.png\"><img loading=\"lazy\" decoding=\"async\" class=\"alignnone size-medium wp-image-1942\" src=\"https:\/\/www.kpnsafety.com\/cl\/wp-content\/uploads\/2023\/07\/LOGO-KPN-FORCE-2-1-300x40.png\" alt=\"\" width=\"300\" height=\"40\" srcset=\"https:\/\/www.kpnsafety.com\/cl\/wp-content\/uploads\/2023\/07\/LOGO-KPN-FORCE-2-1-300x40.png 300w, https:\/\/www.kpnsafety.com\/cl\/wp-content\/uploads\/2023\/07\/LOGO-KPN-FORCE-2-1-1024x137.png 1024w, https:\/\/www.kpnsafety.com\/cl\/wp-content\/uploads\/2023\/07\/LOGO-KPN-FORCE-2-1-768x102.png 768w, https:\/\/www.kpnsafety.com\/cl\/wp-content\/uploads\/2023\/07\/LOGO-KPN-FORCE-2-1-1536x205.png 1536w, https:\/\/www.kpnsafety.com\/cl\/wp-content\/uploads\/2023\/07\/LOGO-KPN-FORCE-2-1-600x80.png 600w, https:\/\/www.kpnsafety.com\/cl\/wp-content\/uploads\/2023\/07\/LOGO-KPN-FORCE-2-1-64x9.png 64w, https:\/\/www.kpnsafety.com\/cl\/wp-content\/uploads\/2023\/07\/LOGO-KPN-FORCE-2-1.png 1560w\" sizes=\"(max-width: 300px) 100vw, 300px\" \/><\/a><\/p>\n<p>Guantes de la l\u00ednea FORCE\u00a0\u00a0<strong>KPN CR5<\/strong>\u00a0de protecci\u00f3n desarrollado para la protecci\u00f3n contra agentes mec\u00e1nicos y t\u00e9rmicos.<\/p>\n<p><strong>\u00c1rea de aplicaci\u00f3n:<\/strong><\/p>\n<ul>\n<li>Petr\u00f3leo y gas<\/li>\n<li>Miner\u00eda<\/li>\n<li>Construcci\u00f3n civil<\/li>\n<li>Mantenimiento<\/li>\n<li>Servicios generales<\/li>\n<li>Emergencias y rescate<\/li>\n<\/ul>\n<p>Industrias y procesos productivos con riesgos mec\u00e1nicos y t\u00e9rmicos identificados.<\/p>\n<p><a href=\"https:\/\/www.kpnsafety.com\/cl\/wp-content\/uploads\/2023\/07\/normativa-CR5-nuevo.jpg\"><img loading=\"lazy\" decoding=\"async\" class=\"alignnone wp-image-1953\" src=\"https:\/\/www.kpnsafety.com\/cl\/wp-content\/uploads\/2023\/07\/normativa-CR5-nuevo.jpg\" alt=\"\" width=\"579\" height=\"113\" srcset=\"https:\/\/www.kpnsafety.com\/cl\/wp-content\/uploads\/2023\/07\/normativa-CR5-nuevo.jpg 1024w, https:\/\/www.kpnsafety.com\/cl\/wp-content\/uploads\/2023\/07\/normativa-CR5-nuevo-300x59.jpg 300w, https:\/\/www.kpnsafety.com\/cl\/wp-content\/uploads\/2023\/07\/normativa-CR5-nuevo-768x150.jpg 768w, https:\/\/www.kpnsafety.com\/cl\/wp-content\/uploads\/2023\/07\/normativa-CR5-nuevo-600x117.jpg 600w, https:\/\/www.kpnsafety.com\/cl\/wp-content\/uploads\/2023\/07\/normativa-CR5-nuevo-64x13.jpg 64w\" sizes=\"(max-width: 579px) 100vw, 579px\" \/><\/a><\/p>\n<p>&nbsp;<\/p>\n<p><a class=\"accion\" href=\"https:\/\/www.kpnsafety.com\/cl\/wp-content\/uploads\/2025\/10\/FT_Guantes-KPN-CR5-ES-Nueva.pdf\" target=\"_blank\" rel=\"noopener\">Ficha t\u00e9cnica<\/a><\/p>\n<p><a class=\"accion\" href=\"https:\/\/kpnsafety.com\/ec\/contacto\/\" target=\"_blank\" rel=\"noopener\">Solicitar presupuesto<\/a><\/p>\n<p><a class=\"accion\" href=\"https:\/\/api.whatsapp.com\/send?phone=573147862881\" target=\"_blank\" rel=\"noopener\">Contactar un consultor<\/a><\/p>\n","protected":false},"featured_media":1715,"template":"","meta":[],"product_brand":[],"product_cat":[16,17],"product_tag":[177],"class_list":{"0":"post-1728","1":"product","2":"type-product","3":"status-publish","4":"has-post-thumbnail","6":"product_cat-seguridad-industrial","7":"product_cat-guantes-kpn-force","8":"product_tag-guantes-kpn-cr5","10":"first","11":"instock","12":"featured","13":"shipping-taxable","14":"product-type-simple"},"_links":{"self":[{"href":"https:\/\/www.kpnsafety.com\/cl\/wp-json\/wp\/v2\/product\/1728","targetHints":{"allow":["GET"]}}],"collection":[{"href":"https:\/\/www.kpnsafety.com\/cl\/wp-json\/wp\/v2\/product"}],"about":[{"href":"https:\/\/www.kpnsafety.com\/cl\/wp-json\/wp\/v2\/types\/product"}],"wp:featuredmedia":[{"embeddable":true,"href":"https:\/\/www.kpnsafety.com\/cl\/wp-json\/wp\/v2\/media\/1715"}],"wp:attachment":[{"href":"https:\/\/www.kpnsafety.com\/cl\/wp-json\/wp\/v2\/media?parent=1728"}],"wp:term":[{"taxonomy":"product_brand","embeddable":true,"href":"https:\/\/www.kpnsafety.com\/cl\/wp-json\/wp\/v2\/product_brand?post=1728"},{"taxonomy":"product_cat","embeddable":true,"href":"https:\/\/www.kpnsafety.com\/cl\/wp-json\/wp\/v2\/product_cat?post=1728"},{"taxonomy":"product_tag","embeddable":true,"href":"https:\/\/www.kpnsafety.com\/cl\/wp-json\/wp\/v2\/product_tag?post=1728"}],"curies":[{"name":"wp","href":"https:\/\/api.w.org\/{rel}","templated":true}]}}