{"id":1823,"date":"2024-02-08T16:05:54","date_gmt":"2024-02-08T21:05:54","guid":{"rendered":"https:\/\/www.kpnsafety.com\/cl\/?post_type=product&#038;p=1823"},"modified":"2024-02-13T10:54:20","modified_gmt":"2024-02-13T15:54:20","slug":"kit-de-extincion-con-bomba-centrifuga","status":"publish","type":"product","link":"https:\/\/www.kpnsafety.com\/cl\/producto\/kit-de-extincion-con-bomba-centrifuga\/","title":{"rendered":"Kit de extinci\u00f3n con bomba Centr\u00edfuga"},"content":{"rendered":"<ul>\n<li>Componentes de alta calidad<\/li>\n<li>Con la mejor relaci\u00f3n calidad\/precio.<\/li>\n<li>Gran disponibilidad de recambios<\/li>\n<li>2 a\u00f1os de garant\u00eda<\/li>\n<\/ul>\n<p>&nbsp;<\/p>\n<div class=\"titles3 titles--black\">\n<ul>\n<li>Dep\u00f3sito de agua &#8211; Configuraci\u00f3n a medida<\/li>\n<li><strong>Capacidades<\/strong>: 120 &#8211; 1.000 litros.<\/li>\n<li><strong>M\u00faltiples materiales a elegir<\/strong><\/li>\n<li>Acero inoxidable.<\/li>\n<li>Polietileno.<\/li>\n<li>Lona flexible.<\/li>\n<\/ul>\n<p>&nbsp;<\/p>\n<\/div>\n<div class=\"titles3 titles--black\">\n<h3 class=\"title\">Accesorios incluidos<\/h3>\n<ul>\n<li class=\"subtitle\"><strong>Devanadera<\/strong> montada en la estructura principal. Capacidad: 2 tramos de 20 metros y 25 mm. de di\u00e1metro.<\/li>\n<li class=\"subtitle\"><strong>Mangote de succi\u00f3n<\/strong>\u00a0aspiralado transl\u00facido con una longitud de 5 metros.<\/li>\n<\/ul>\n<\/div>\n","protected":false},"excerpt":{"rendered":"<p><strong>Kits de extinci\u00f3n de intervenci\u00f3n r\u00e1pida<\/strong>\u00a0dise\u00f1ados para veh\u00edculos PickUp y remolques, equipados con bombas centr\u00edfugas de hasta 25 bares y con un caudal m\u00e1ximo de hasta 390 litros minuto.<\/p>\n<p><a class=\"accion\" href=\"https:\/\/kpnsafety.com\/ec\/contacto\/\" target=\"_blank\" rel=\"noopener\">Solicitar presupuesto<\/a><\/p>\n<p><a class=\"accion\" href=\"https:\/\/api.whatsapp.com\/send?phone=573147862881\" target=\"_blank\" rel=\"noopener\">Contactar un consultor<\/a><\/p>\n","protected":false},"featured_media":1825,"template":"","meta":[],"product_brand":[],"product_cat":[180],"product_tag":[182,185,184,181,183],"class_list":{"0":"post-1823","1":"product","2":"type-product","3":"status-publish","4":"has-post-thumbnail","6":"product_cat-kits-de-extincion","7":"product_tag-bomba","8":"product_tag-incendios","9":"product_tag-incendios-forestales","10":"product_tag-kit-de-extincion-con-bomba-centrifuga","11":"product_tag-rescate","13":"first","14":"instock","15":"shipping-taxable","16":"product-type-simple"},"_links":{"self":[{"href":"https:\/\/www.kpnsafety.com\/cl\/wp-json\/wp\/v2\/product\/1823","targetHints":{"allow":["GET"]}}],"collection":[{"href":"https:\/\/www.kpnsafety.com\/cl\/wp-json\/wp\/v2\/product"}],"about":[{"href":"https:\/\/www.kpnsafety.com\/cl\/wp-json\/wp\/v2\/types\/product"}],"wp:featuredmedia":[{"embeddable":true,"href":"https:\/\/www.kpnsafety.com\/cl\/wp-json\/wp\/v2\/media\/1825"}],"wp:attachment":[{"href":"https:\/\/www.kpnsafety.com\/cl\/wp-json\/wp\/v2\/media?parent=1823"}],"wp:term":[{"taxonomy":"product_brand","embeddable":true,"href":"https:\/\/www.kpnsafety.com\/cl\/wp-json\/wp\/v2\/product_brand?post=1823"},{"taxonomy":"product_cat","embeddable":true,"href":"https:\/\/www.kpnsafety.com\/cl\/wp-json\/wp\/v2\/product_cat?post=1823"},{"taxonomy":"product_tag","embeddable":true,"href":"https:\/\/www.kpnsafety.com\/cl\/wp-json\/wp\/v2\/product_tag?post=1823"}],"curies":[{"name":"wp","href":"https:\/\/api.w.org\/{rel}","templated":true}]}}