{"id":1836,"date":"2024-02-08T16:52:54","date_gmt":"2024-02-08T21:52:54","guid":{"rendered":"https:\/\/www.kpnsafety.com\/cl\/?post_type=product&#038;p=1836"},"modified":"2025-10-27T11:08:51","modified_gmt":"2025-10-27T16:08:51","slug":"guantes-kcr5h","status":"publish","type":"product","link":"https:\/\/www.kpnsafety.com\/cl\/producto\/guantes-kcr5h\/","title":{"rendered":"Guantes KCR5H"},"content":{"rendered":"<ul>\n<li>Resistencia a cortes ANSI A9<\/li>\n<li>Alto contraste en la palma y dorso que proporciona mayor visibilidad.<\/li>\n<li>Primera capa resistente al aceite y la segunda, arenosa para mejor adherencia.<\/li>\n<li>Palma especial con ba\u00f1o de espuma de nitrilo, proporcionando mejor agarre y mejorando la adherencia en contacto con piezas h\u00famedas y con resistencia al calor por contacto.<\/li>\n<li>Manga confeccionada en malla de polietileno de alto rendimiento (HPPE), alambre de acero, nylon y spandex (poliuretano).<\/li>\n<li>Tratamiento Hidrofugado que repele grasas, polvo y sustancias y facilita su limpieza.<\/li>\n<li>Refuerzos con innovadora tecnolog\u00eda en el exterior de los dedos, pulgar, nudillos y puntas de los dedos y regi\u00f3n metacarpiana (dorso) en Caucho termopl\u00e1stico (TPR). ANSI 138 \u2013 Nivel 3.<\/li>\n<\/ul>\n<p>&nbsp;<\/p>\n<p>Los Guantes KPN, fabricados con material ultrafino de calibre 18, ofrecen mayor sensibilidad t\u00e1ctil y precisi\u00f3n, ideales para manipulaci\u00f3n de instrumentos peque\u00f1os. Su dise\u00f1o mejora la adherencia, reduce la fatiga en usos prolongados y permite mayor destreza manual. Adem\u00e1s, son m\u00e1s c\u00f3modos para pieles sensibles y generan menos residuos.<\/p>\n<div class=\"elementor-element elementor-element-4fbc322 elementor-widget elementor-widget-heading\" data-id=\"4fbc322\" data-element_type=\"widget\" data-widget_type=\"heading.default\">\n<div class=\"elementor-widget-container\">\n<div class=\"elementor-element elementor-element-4fbc322 elementor-widget elementor-widget-heading\" data-id=\"4fbc322\" data-element_type=\"widget\" data-widget_type=\"heading.default\">\n<div class=\"elementor-widget-container\">\n<h2 class=\"elementor-heading-title elementor-size-default\">\u00bfC\u00f3mo te protegen las normas EN-388 y EN 407 en los guantes KPN?<\/h2>\n<p><a href=\"https:\/\/www.kpnsafety.com\/cl\/wp-content\/uploads\/2023\/07\/norma-en-388-guantes-kpn-force.jpg\"><img fetchpriority=\"high\" decoding=\"async\" class=\"alignnone wp-image-1950\" src=\"https:\/\/www.kpnsafety.com\/cl\/wp-content\/uploads\/2023\/07\/norma-en-388-guantes-kpn-force.jpg\" alt=\"\" width=\"352\" height=\"308\" srcset=\"https:\/\/www.kpnsafety.com\/cl\/wp-content\/uploads\/2023\/07\/norma-en-388-guantes-kpn-force.jpg 575w, https:\/\/www.kpnsafety.com\/cl\/wp-content\/uploads\/2023\/07\/norma-en-388-guantes-kpn-force-300x262.jpg 300w, https:\/\/www.kpnsafety.com\/cl\/wp-content\/uploads\/2023\/07\/norma-en-388-guantes-kpn-force-64x56.jpg 64w\" sizes=\"(max-width: 352px) 100vw, 352px\" \/><\/a> <a href=\"https:\/\/www.kpnsafety.com\/cl\/wp-content\/uploads\/2024\/02\/pictograma-EN-388-guantes-KPN-KCR5H-nuevo.jpg\"><img decoding=\"async\" class=\"alignnone size-medium wp-image-1962\" src=\"https:\/\/www.kpnsafety.com\/cl\/wp-content\/uploads\/2024\/02\/pictograma-EN-388-guantes-KPN-KCR5H-nuevo.jpg\" alt=\"\" width=\"282\" height=\"241\" srcset=\"https:\/\/www.kpnsafety.com\/cl\/wp-content\/uploads\/2024\/02\/pictograma-EN-388-guantes-KPN-KCR5H-nuevo.jpg 282w, https:\/\/www.kpnsafety.com\/cl\/wp-content\/uploads\/2024\/02\/pictograma-EN-388-guantes-KPN-KCR5H-nuevo-64x55.jpg 64w\" sizes=\"(max-width: 282px) 100vw, 282px\" \/><\/a><a href=\"https:\/\/www.kpnsafety.com\/cl\/wp-content\/uploads\/2024\/02\/calor-por-contacto-2.jpg\"><img decoding=\"async\" class=\"alignnone size-full wp-image-1961\" src=\"https:\/\/www.kpnsafety.com\/cl\/wp-content\/uploads\/2024\/02\/calor-por-contacto-2.jpg\" alt=\"\" width=\"282\" height=\"241\" srcset=\"https:\/\/www.kpnsafety.com\/cl\/wp-content\/uploads\/2024\/02\/calor-por-contacto-2.jpg 282w, https:\/\/www.kpnsafety.com\/cl\/wp-content\/uploads\/2024\/02\/calor-por-contacto-2-64x55.jpg 64w\" sizes=\"(max-width: 282px) 100vw, 282px\" \/><\/a><\/p>\n<\/div>\n<\/div>\n<\/div>\n<\/div>\n","protected":false},"excerpt":{"rendered":"<p><a href=\"https:\/\/www.kpnsafety.com\/cl\/wp-content\/uploads\/2023\/07\/LOGO-KPN-FORCE-2-1.png\"><img loading=\"lazy\" decoding=\"async\" class=\"alignnone size-medium wp-image-1942\" src=\"https:\/\/www.kpnsafety.com\/cl\/wp-content\/uploads\/2023\/07\/LOGO-KPN-FORCE-2-1-300x40.png\" alt=\"\" width=\"300\" height=\"40\" srcset=\"https:\/\/www.kpnsafety.com\/cl\/wp-content\/uploads\/2023\/07\/LOGO-KPN-FORCE-2-1-300x40.png 300w, https:\/\/www.kpnsafety.com\/cl\/wp-content\/uploads\/2023\/07\/LOGO-KPN-FORCE-2-1-1024x137.png 1024w, https:\/\/www.kpnsafety.com\/cl\/wp-content\/uploads\/2023\/07\/LOGO-KPN-FORCE-2-1-768x102.png 768w, https:\/\/www.kpnsafety.com\/cl\/wp-content\/uploads\/2023\/07\/LOGO-KPN-FORCE-2-1-1536x205.png 1536w, https:\/\/www.kpnsafety.com\/cl\/wp-content\/uploads\/2023\/07\/LOGO-KPN-FORCE-2-1-600x80.png 600w, https:\/\/www.kpnsafety.com\/cl\/wp-content\/uploads\/2023\/07\/LOGO-KPN-FORCE-2-1-64x9.png 64w, https:\/\/www.kpnsafety.com\/cl\/wp-content\/uploads\/2023\/07\/LOGO-KPN-FORCE-2-1.png 1560w\" sizes=\"(max-width: 300px) 100vw, 300px\" \/><\/a><\/p>\n<p>Guante KPN de la l\u00ednea FORCE desarrollado para la protecci\u00f3n contra agentes mec\u00e1nicos y t\u00e9rmicos.<\/p>\n<p>El guante\u00a0<strong>KCR5H KPN<\/strong>\u00a0fue dise\u00f1ado anat\u00f3micamente con tela especial desarrollada por KPN para brindar mayor toque en actividades donde el usuario requiere mayor sensibilidad en los dedos manteniendo los factores de protecci\u00f3n m\u00e1s altos del mercado.<\/p>\n<p><strong>\u00c1rea de aplicaci\u00f3n:<\/strong><\/p>\n<ul>\n<li>Petr\u00f3leo y gas<\/li>\n<li>Miner\u00eda<\/li>\n<li>Construcci\u00f3n civil<\/li>\n<li>Mantenimiento<\/li>\n<li>Servicios generales<\/li>\n<li>Emergencias y rescate<\/li>\n<\/ul>\n<p>Industrias y procesos productivos con riesgos mec\u00e1nicos y t\u00e9rmicos identificados.<\/p>\n<p><a href=\"https:\/\/www.kpnsafety.com\/cl\/wp-content\/uploads\/2024\/02\/KCR5H-normas.png\"><img loading=\"lazy\" decoding=\"async\" class=\"alignnone  wp-image-1969\" src=\"https:\/\/www.kpnsafety.com\/cl\/wp-content\/uploads\/2024\/02\/KCR5H-normas.png\" alt=\"\" width=\"578\" height=\"113\" srcset=\"https:\/\/www.kpnsafety.com\/cl\/wp-content\/uploads\/2024\/02\/KCR5H-normas.png 1024w, https:\/\/www.kpnsafety.com\/cl\/wp-content\/uploads\/2024\/02\/KCR5H-normas-300x59.png 300w, https:\/\/www.kpnsafety.com\/cl\/wp-content\/uploads\/2024\/02\/KCR5H-normas-768x150.png 768w, https:\/\/www.kpnsafety.com\/cl\/wp-content\/uploads\/2024\/02\/KCR5H-normas-320x63.png 320w, https:\/\/www.kpnsafety.com\/cl\/wp-content\/uploads\/2024\/02\/KCR5H-normas-480x94.png 480w, https:\/\/www.kpnsafety.com\/cl\/wp-content\/uploads\/2024\/02\/KCR5H-normas-800x156.png 800w, https:\/\/www.kpnsafety.com\/cl\/wp-content\/uploads\/2024\/02\/KCR5H-normas-600x117.png 600w, https:\/\/www.kpnsafety.com\/cl\/wp-content\/uploads\/2024\/02\/KCR5H-normas-64x13.png 64w\" sizes=\"(max-width: 578px) 100vw, 578px\" \/><\/a><\/p>\n<p><a class=\"accion\" href=\"https:\/\/www.kpnsafety.com\/cl\/wp-content\/uploads\/2025\/10\/FT_Guantes-KPN-KCR5H-ES-Nueva.pdf\" target=\"_blank\" rel=\"noopener\">Ficha t\u00e9cnica<\/a><\/p>\n<p><a class=\"accion\" href=\"https:\/\/kpnsafety.com\/ec\/contacto\/\" target=\"_blank\" rel=\"noopener\">Solicitar presupuesto<\/a><\/p>\n<p><a class=\"accion\" href=\"https:\/\/api.whatsapp.com\/send?phone=573147862881\" target=\"_blank\" rel=\"noopener\">Contactar un consultor<\/a><\/p>\n","protected":false},"featured_media":1971,"template":"","meta":[],"product_brand":[],"product_cat":[17],"product_tag":[193,192,191,194,190],"class_list":{"0":"post-1836","1":"product","2":"type-product","3":"status-publish","4":"has-post-thumbnail","6":"product_cat-guantes-kpn-force","7":"product_tag-construccion-pesada","8":"product_tag-demolicion","9":"product_tag-extraccion-y-refinacion-de-petroleo-y-gas-fracturamiento-hidraulico-mineria","10":"product_tag-operaciones-de-elevacion-y-gruas","11":"product_tag-perforacion","13":"first","14":"instock","15":"shipping-taxable","16":"product-type-simple"},"_links":{"self":[{"href":"https:\/\/www.kpnsafety.com\/cl\/wp-json\/wp\/v2\/product\/1836","targetHints":{"allow":["GET"]}}],"collection":[{"href":"https:\/\/www.kpnsafety.com\/cl\/wp-json\/wp\/v2\/product"}],"about":[{"href":"https:\/\/www.kpnsafety.com\/cl\/wp-json\/wp\/v2\/types\/product"}],"wp:featuredmedia":[{"embeddable":true,"href":"https:\/\/www.kpnsafety.com\/cl\/wp-json\/wp\/v2\/media\/1971"}],"wp:attachment":[{"href":"https:\/\/www.kpnsafety.com\/cl\/wp-json\/wp\/v2\/media?parent=1836"}],"wp:term":[{"taxonomy":"product_brand","embeddable":true,"href":"https:\/\/www.kpnsafety.com\/cl\/wp-json\/wp\/v2\/product_brand?post=1836"},{"taxonomy":"product_cat","embeddable":true,"href":"https:\/\/www.kpnsafety.com\/cl\/wp-json\/wp\/v2\/product_cat?post=1836"},{"taxonomy":"product_tag","embeddable":true,"href":"https:\/\/www.kpnsafety.com\/cl\/wp-json\/wp\/v2\/product_tag?post=1836"}],"curies":[{"name":"wp","href":"https:\/\/api.w.org\/{rel}","templated":true}]}}