{"id":1847,"date":"2024-02-08T17:10:26","date_gmt":"2024-02-08T22:10:26","guid":{"rendered":"https:\/\/www.kpnsafety.com\/cl\/?post_type=product&#038;p=1847"},"modified":"2024-02-13T10:33:01","modified_gmt":"2024-02-13T15:33:01","slug":"chaqueta-ignifuga-para-bombero-forestal","status":"publish","type":"product","link":"https:\/\/www.kpnsafety.com\/cl\/producto\/chaqueta-ignifuga-para-bombero-forestal\/","title":{"rendered":"CHAQUETA IGN\u00cdFUGA PARA BOMBERO FORESTAL"},"content":{"rendered":"<ul>\n<li><strong>Composici\u00f3n del plegado<\/strong><br \/>\n100% algod\u00f3n ign\u00edfugo<\/li>\n<li><strong>Composici\u00f3n<\/strong><br \/>\nLenzing F.R. 65% | Nomex 30% | Kevlar 5%<\/li>\n<li><strong>Gramaje<\/strong><br \/>\n270 g\/m2<\/li>\n<li><strong>Gramaje de la forro<\/strong><br \/>\n260 g\/m2<\/li>\n<li><strong>EPI<\/strong><br \/>\nCategor\u00eda III<\/li>\n<\/ul>\n<p><em>Las im\u00e1genes son solo de referencia y pueden variar seg\u00fan disponibilidad, para mayor informaci\u00f3n sobre tallas, colores, materiales y otros consulte a sus asesor de confianza.<\/em><\/p>\n","protected":false},"excerpt":{"rendered":"<p>Confeccionada con materiales de alta calidad, la chaqueta bombero forestal 1 capa + forro capa simple es una vestimenta c\u00f3moda y ligera, con alto nivel de protecci\u00f3n gracias a las propiedades ign\u00edfugas del tejido. Costuras hechas enteramente con hilo NOMEX\u00ae aumentando la resistencia de la pieza a la fricci\u00f3n y al desgaste t\u00edpicos de ambientes forestales. Protege contra el arco el\u00e9ctrico (antiest\u00e1tico), contra llama, desgarro, tracci\u00f3n y abrasi\u00f3n.<\/p>\n<p><em>Normas: EN ISO 13688\/13, EN ISO 11612\/15, EN ISO 1149-5 \/ 09, EN ISO 15614\/07 y EN ISO 15384\/20.<\/em><\/p>\n<p><a class=\"accion\" href=\"https:\/\/kpnsafety.com\/ec\/contacto\/\" target=\"_blank\" rel=\"noopener\">Solicitar presupuesto<\/a><\/p>\n<p><a class=\"accion\" href=\"https:\/\/api.whatsapp.com\/send?phone=573147862881\" target=\"_blank\" rel=\"noopener\">Contactar un consultor<\/a><\/p>\n","protected":false},"featured_media":1850,"template":"","meta":[],"product_brand":[],"product_cat":[207],"product_tag":[195,184,196],"class_list":{"0":"post-1847","1":"product","2":"type-product","3":"status-publish","4":"has-post-thumbnail","6":"product_cat-equipos-de-proteccion","7":"product_tag-epi-incendios-forestales","8":"product_tag-incendios-forestales","9":"product_tag-proteccion-contra-incendios","11":"first","12":"instock","13":"shipping-taxable","14":"product-type-simple"},"_links":{"self":[{"href":"https:\/\/www.kpnsafety.com\/cl\/wp-json\/wp\/v2\/product\/1847","targetHints":{"allow":["GET"]}}],"collection":[{"href":"https:\/\/www.kpnsafety.com\/cl\/wp-json\/wp\/v2\/product"}],"about":[{"href":"https:\/\/www.kpnsafety.com\/cl\/wp-json\/wp\/v2\/types\/product"}],"wp:featuredmedia":[{"embeddable":true,"href":"https:\/\/www.kpnsafety.com\/cl\/wp-json\/wp\/v2\/media\/1850"}],"wp:attachment":[{"href":"https:\/\/www.kpnsafety.com\/cl\/wp-json\/wp\/v2\/media?parent=1847"}],"wp:term":[{"taxonomy":"product_brand","embeddable":true,"href":"https:\/\/www.kpnsafety.com\/cl\/wp-json\/wp\/v2\/product_brand?post=1847"},{"taxonomy":"product_cat","embeddable":true,"href":"https:\/\/www.kpnsafety.com\/cl\/wp-json\/wp\/v2\/product_cat?post=1847"},{"taxonomy":"product_tag","embeddable":true,"href":"https:\/\/www.kpnsafety.com\/cl\/wp-json\/wp\/v2\/product_tag?post=1847"}],"curies":[{"name":"wp","href":"https:\/\/api.w.org\/{rel}","templated":true}]}}