{"id":1851,"date":"2024-02-08T17:20:04","date_gmt":"2024-02-08T22:20:04","guid":{"rendered":"https:\/\/www.kpnsafety.com\/cl\/?post_type=product&#038;p=1851"},"modified":"2024-02-13T10:32:31","modified_gmt":"2024-02-13T15:32:31","slug":"pantalon-ignifugo-para-bombero-forestal","status":"publish","type":"product","link":"https:\/\/www.kpnsafety.com\/cl\/producto\/pantalon-ignifugo-para-bombero-forestal\/","title":{"rendered":"Pantal\u00f3n Ign\u00edfugo para Bombero Forestal"},"content":{"rendered":"<div><strong class=\"specifications__title\">Normativas<\/strong><\/div>\n<p>&nbsp;<\/p>\n<ul>\n<li><strong>EN ISO 13688: 2013 &#8211; <\/strong>Prendas protectoras. Requerimientos generales.<\/li>\n<\/ul>\n<ul>\n<li><strong>EN ISO 11612: 2015 &#8211; <\/strong>Ropa protectora contra el calor y las llamas.<\/li>\n<\/ul>\n<ul>\n<li><strong>EN 1149-5: 2019 &#8211; <\/strong>Ropa protectora. Propiedades electrost\u00e1ticas. Requisitos y dise\u00f1o de comportamiento material.<\/li>\n<\/ul>\n<ul>\n<li><strong>EN ISO 15384: 2020 &#8211; <\/strong>Requisitos m\u00ednimos para la ropa de protecci\u00f3n contra incendios forestales<\/li>\n<\/ul>\n<ul>\n<li><strong>EN 15614:2007 &#8211; <\/strong>Ropa de protecci\u00f3n para bomberos. M\u00e9todos de ensayo y requisitos de prestaciones para ropa forestal<\/li>\n<\/ul>\n<p>&nbsp;<\/p>\n<p><strong>Composici\u00f3n del tejido principal<\/strong><\/p>\n<p>65% Lenzing\u00ae F.R. | 30% Nomex\u00ae | 5% de Kevlar\u00ae<\/p>\n<p><strong>Gramaje del tejido principal<\/strong><\/p>\n<p>270 g \/ m2<\/p>\n<p><strong>Composici\u00f3n del forro<\/strong><\/p>\n<p>100% algod\u00f3n ign\u00edfugo<\/p>\n<p><strong>Gramaje del revestimiento<\/strong><\/p>\n<p>260 g \/ m2<\/p>\n<p><strong>EPI<\/strong><\/p>\n<p>Categor\u00eda III<\/p>\n<p>&nbsp;<\/p>\n<p><em>Las im\u00e1genes son solo de referencia y pueden variar seg\u00fan disponibilidad, para mayor informaci\u00f3n sobre tallas, colores, materiales y otros consulte a sus asesor de confianza.<\/em><\/p>\n","protected":false},"excerpt":{"rendered":"<p>Fabricado con materiales de gran calidad, el\u00a0<strong>pantal\u00f3n de bombero forestal de 1 capa<\/strong>\u00a0<strong>simple\u00a0<\/strong>es una prenda c\u00f3moda y ligera, con un\u00a0<strong>elevado nivel de protecci\u00f3n contra la radiaci\u00f3n<\/strong>\u00a0en ataque directo gracias a las propiedades ign\u00edfugas del tejido. Costuras elaboradas \u00edntegramente con hilo NOMEX\u00ae aumentando la resistencia de la pieza a los roces y el desgaste propios de los medios forestales. Protege contra el arco el\u00e9ctrico (antiest\u00e1tica), frente a la llama, desgarro, tracci\u00f3n y abrasi\u00f3n.<\/p>\n<p><strong>Normativas:<\/strong><em>\u00a0EN ISO 13688\/13, EN ISO 11612\/15\/13, EN ISO 1149-5\/08, EN ISO 15384\/20 y\u00a0EN 15614\/07<\/em><\/p>\n<p><a class=\"accion\" href=\"https:\/\/kpnsafety.com\/ec\/contacto\/\" target=\"_blank\" rel=\"noopener\">Solicitar presupuesto<\/a><\/p>\n<p><a class=\"accion\" href=\"https:\/\/api.whatsapp.com\/send?phone=573147862881\" target=\"_blank\" rel=\"noopener\">Contactar un consultor<\/a><\/p>\n<p>&nbsp;<\/p>\n","protected":false},"featured_media":1852,"template":"","meta":[],"product_brand":[],"product_cat":[207],"product_tag":[195,184,196],"class_list":{"0":"post-1851","1":"product","2":"type-product","3":"status-publish","4":"has-post-thumbnail","6":"product_cat-equipos-de-proteccion","7":"product_tag-epi-incendios-forestales","8":"product_tag-incendios-forestales","9":"product_tag-proteccion-contra-incendios","11":"first","12":"instock","13":"shipping-taxable","14":"product-type-simple"},"_links":{"self":[{"href":"https:\/\/www.kpnsafety.com\/cl\/wp-json\/wp\/v2\/product\/1851","targetHints":{"allow":["GET"]}}],"collection":[{"href":"https:\/\/www.kpnsafety.com\/cl\/wp-json\/wp\/v2\/product"}],"about":[{"href":"https:\/\/www.kpnsafety.com\/cl\/wp-json\/wp\/v2\/types\/product"}],"wp:featuredmedia":[{"embeddable":true,"href":"https:\/\/www.kpnsafety.com\/cl\/wp-json\/wp\/v2\/media\/1852"}],"wp:attachment":[{"href":"https:\/\/www.kpnsafety.com\/cl\/wp-json\/wp\/v2\/media?parent=1851"}],"wp:term":[{"taxonomy":"product_brand","embeddable":true,"href":"https:\/\/www.kpnsafety.com\/cl\/wp-json\/wp\/v2\/product_brand?post=1851"},{"taxonomy":"product_cat","embeddable":true,"href":"https:\/\/www.kpnsafety.com\/cl\/wp-json\/wp\/v2\/product_cat?post=1851"},{"taxonomy":"product_tag","embeddable":true,"href":"https:\/\/www.kpnsafety.com\/cl\/wp-json\/wp\/v2\/product_tag?post=1851"}],"curies":[{"name":"wp","href":"https:\/\/api.w.org\/{rel}","templated":true}]}}