{"id":1856,"date":"2024-02-12T15:36:22","date_gmt":"2024-02-12T20:36:22","guid":{"rendered":"https:\/\/www.kpnsafety.com\/cl\/?post_type=product&#038;p=1856"},"modified":"2024-02-13T10:24:39","modified_gmt":"2024-02-13T15:24:39","slug":"mascara","status":"publish","type":"product","link":"https:\/\/www.kpnsafety.com\/cl\/producto\/mascara\/","title":{"rendered":"M\u00e1scara"},"content":{"rendered":"<div class=\"titles3 titles--black\">\n<div class=\"title\"><strong>Perfecta integraci\u00f3n con el resto del equipo de protecci\u00f3n<\/strong><\/div>\n<ul>\n<li class=\"subtitle\">Ajustes r\u00e1pidos sin necesidad de quitarse el casco gracias a su sistema de doble velcro\u00ae. Dos posiciones: estado de uso y estado de descanso. Incluye bandas reflectantes en la parte frontal.}<\/li>\n<\/ul>\n<div><\/div>\n<\/div>\n<div>\n<div class=\"titles3 titles--black\">\n<div class=\"title\"><strong>M\u00e1xima protecci\u00f3n contra la radiaci\u00f3n<\/strong><\/div>\n<ul>\n<li class=\"subtitle\">Tejido doble capa con certificaci\u00f3n EN 15614:2007 + EN ISO 15384:2020 de patr\u00f3n ergon\u00f3mico que se adapta a cualquier tipo de fisonom\u00eda.<\/li>\n<\/ul>\n<\/div>\n<\/div>\n<div><\/div>\n<div>\n<div class=\"titles3 titles--black\">\n<div class=\"title\"><strong>Respirador intercambiable<\/strong><\/div>\n<ul>\n<li class=\"subtitle\">Su cavidad interior permite intercambiar el filtro de carbono activo de forma f\u00e1cil y r\u00e1pida. Dispone de una semiestructura r\u00edgida moldeable para adaptaci\u00f3n a la cavidad nasal.<\/li>\n<\/ul>\n<\/div>\n<\/div>\n","protected":false},"excerpt":{"rendered":"<p>La<strong> m\u00e1scara <\/strong>ofrece una\u00a0<strong>protecci\u00f3n total de la cara frente a la radiaci\u00f3n y part\u00edculas<\/strong>\u00a0incandescentes evitando quemaduras y reduciendo posibles inhalaciones de contaminantes gracias a su filtro de carbono activo intercambiable con v\u00e1lvula de exhalaci\u00f3n.<\/p>\n<p><strong>Normas:<\/strong>\u00a0EN ISO 11612\/15, EN 15614\/07, EN 13688\/13\u200b.<\/p>\n<p><a class=\"accion\" href=\"https:\/\/kpnsafety.com\/ec\/contacto\/\" target=\"_blank\" rel=\"noopener\">Solicitar presupuesto<\/a><\/p>\n<p><a class=\"accion\" href=\"https:\/\/api.whatsapp.com\/send?phone=573147862881\" target=\"_blank\" rel=\"noopener\">Contactar un consultor<\/a><\/p>\n","protected":false},"featured_media":1858,"template":"","meta":[],"product_brand":[],"product_cat":[207],"product_tag":[195,184,196,197],"class_list":{"0":"post-1856","1":"product","2":"type-product","3":"status-publish","4":"has-post-thumbnail","6":"product_cat-equipos-de-proteccion","7":"product_tag-epi-incendios-forestales","8":"product_tag-incendios-forestales","9":"product_tag-proteccion-contra-incendios","10":"product_tag-proteccion-respiratoria","12":"first","13":"instock","14":"shipping-taxable","15":"product-type-simple"},"_links":{"self":[{"href":"https:\/\/www.kpnsafety.com\/cl\/wp-json\/wp\/v2\/product\/1856","targetHints":{"allow":["GET"]}}],"collection":[{"href":"https:\/\/www.kpnsafety.com\/cl\/wp-json\/wp\/v2\/product"}],"about":[{"href":"https:\/\/www.kpnsafety.com\/cl\/wp-json\/wp\/v2\/types\/product"}],"wp:featuredmedia":[{"embeddable":true,"href":"https:\/\/www.kpnsafety.com\/cl\/wp-json\/wp\/v2\/media\/1858"}],"wp:attachment":[{"href":"https:\/\/www.kpnsafety.com\/cl\/wp-json\/wp\/v2\/media?parent=1856"}],"wp:term":[{"taxonomy":"product_brand","embeddable":true,"href":"https:\/\/www.kpnsafety.com\/cl\/wp-json\/wp\/v2\/product_brand?post=1856"},{"taxonomy":"product_cat","embeddable":true,"href":"https:\/\/www.kpnsafety.com\/cl\/wp-json\/wp\/v2\/product_cat?post=1856"},{"taxonomy":"product_tag","embeddable":true,"href":"https:\/\/www.kpnsafety.com\/cl\/wp-json\/wp\/v2\/product_tag?post=1856"}],"curies":[{"name":"wp","href":"https:\/\/api.w.org\/{rel}","templated":true}]}}