{"id":1876,"date":"2024-02-12T16:17:50","date_gmt":"2024-02-12T21:17:50","guid":{"rendered":"https:\/\/www.kpnsafety.com\/cl\/?post_type=product&#038;p=1876"},"modified":"2026-03-31T17:44:07","modified_gmt":"2026-03-31T22:44:07","slug":"motobomba-portatil-bp4","status":"publish","type":"product","link":"https:\/\/www.kpnsafety.com\/cl\/producto\/motobomba-portatil-bp4\/","title":{"rendered":"Motobomba port\u00e1til BP4"},"content":{"rendered":"<div class=\"titles3 titles--black\">\n<div class=\"title\">Bomba Centr\u00edfuga de 4 etapas<\/div>\n<div class=\"subtitle\"><\/div>\n<\/div>\n<ul>\n<li>Compacta, eficiente y fiable.<\/li>\n<li>Cuerpo e impelers fabricados en aluminio con tratamiento anticorrosivo.<\/li>\n<li>Eje y resto de componentes est\u00e1n fabricados en acero inoxidable.<\/li>\n<li>Compatible con espum\u00f3geno.<\/li>\n<\/ul>\n<p>&nbsp;<\/p>\n<div class=\"titles3 titles--black\">\n<div class=\"title\">Motor Polini Thor 130 Evo<\/div>\n<div class=\"subtitle\"><\/div>\n<\/div>\n<ul>\n<li>Motor de altas prestaciones, en formato compacto y ligero.<\/li>\n<li>2 tiempos gasolina.<\/li>\n<li>Peso en seco: 12,5 kg.<\/li>\n<\/ul>\n<div class=\"titles3 titles--black\">\n<div class=\"title\">Interfaz de uso intuitiva<\/div>\n<div class=\"subtitle\">Panel LED de indicadores y tac\u00f3metro integrado para horas\/rpm.<\/div>\n<div><\/div>\n<\/div>\n<div><\/div>\n<div>\n<div class=\"titles3 titles--black\">\n<div class=\"title\">F\u00e1cil de transportar<\/div>\n<div class=\"subtitle\">Gracias a su peso de solo 22kg en seco, puede ser f\u00e1cilmente transportada en una mochila de carga, o mediante su asa ergon\u00f3mica.<\/div>\n<\/div>\n<\/div>\n<div><\/div>\n<div><\/div>\n<div>\n<div class=\"titles3 titles--black\">\n<div class=\"title\">El arranque m\u00e1s f\u00e1cil<\/div>\n<div class=\"subtitle\">Las caracter\u00edsticas \u00fanicas del motor de 2 tiempos de la BP4, 125cc \/ 10 HP, permiten un arranque suave y sin esfuerzo, minimizando roturas en el tirador de arranque, y ofreciendo un rendimiento caudal \/ presi\u00f3n \u00fanico. Poner en marcha una motobomba nunca fue tan f\u00e1cil.<\/div>\n<\/div>\n<\/div>\n","protected":false},"excerpt":{"rendered":"<p>Presentamos la nueva\u00a0<strong>motobomba port\u00e1til BP4<\/strong>. Una motobomba robusta y potente, equipada con una bomba centr\u00edfuga de 4 etapas y un motor de 2 tiempos. Esta poderosa combinaci\u00f3n permite trabajar con gran caudal y presi\u00f3n en grandes distancias y elevaciones.<\/p>\n<p><a class=\"accion\" href=\"https:\/\/kpnsafety.com\/ec\/contacto\/\" target=\"_blank\" rel=\"noopener\">Solicitar presupuesto<\/a><\/p>\n<p><a class=\"accion\" href=\"https:\/\/api.whatsapp.com\/send?phone=573147862881\" target=\"_blank\" rel=\"noopener\">Contactar un consultor<\/a><\/p>\n","protected":false},"featured_media":1994,"template":"","meta":[],"product_brand":[],"product_cat":[206],"product_tag":[184,205,203,204,196],"class_list":{"0":"post-1876","1":"product","2":"type-product","3":"status-publish","4":"has-post-thumbnail","6":"product_cat-motobombas-contra-incendios","7":"product_tag-incendios-forestales","8":"product_tag-lucha-contra-incendios","9":"product_tag-motobomba","10":"product_tag-motobomba-portatil","11":"product_tag-proteccion-contra-incendios","13":"first","14":"instock","15":"shipping-taxable","16":"product-type-simple"},"_links":{"self":[{"href":"https:\/\/www.kpnsafety.com\/cl\/wp-json\/wp\/v2\/product\/1876","targetHints":{"allow":["GET"]}}],"collection":[{"href":"https:\/\/www.kpnsafety.com\/cl\/wp-json\/wp\/v2\/product"}],"about":[{"href":"https:\/\/www.kpnsafety.com\/cl\/wp-json\/wp\/v2\/types\/product"}],"wp:featuredmedia":[{"embeddable":true,"href":"https:\/\/www.kpnsafety.com\/cl\/wp-json\/wp\/v2\/media\/1994"}],"wp:attachment":[{"href":"https:\/\/www.kpnsafety.com\/cl\/wp-json\/wp\/v2\/media?parent=1876"}],"wp:term":[{"taxonomy":"product_brand","embeddable":true,"href":"https:\/\/www.kpnsafety.com\/cl\/wp-json\/wp\/v2\/product_brand?post=1876"},{"taxonomy":"product_cat","embeddable":true,"href":"https:\/\/www.kpnsafety.com\/cl\/wp-json\/wp\/v2\/product_cat?post=1876"},{"taxonomy":"product_tag","embeddable":true,"href":"https:\/\/www.kpnsafety.com\/cl\/wp-json\/wp\/v2\/product_tag?post=1876"}],"curies":[{"name":"wp","href":"https:\/\/api.w.org\/{rel}","templated":true}]}}