{"id":11835,"date":"2022-12-15T09:23:52","date_gmt":"2022-12-15T14:23:52","guid":{"rendered":"https:\/\/www.kpnsafety.com\/colombia\/?page_id=11835"},"modified":"2023-08-15T17:03:22","modified_gmt":"2023-08-15T22:03:22","slug":"pqrs","status":"publish","type":"page","link":"https:\/\/www.kpnsafety.com\/colombia\/pqrs\/","title":{"rendered":"PQRS"},"content":{"rendered":"<div class=\"wpb-content-wrapper\"><p>[vc_row css=&#8221;.vc_custom_1671114330252{background-color: rgba(244,244,244,0.01) !important;*background-color: rgb(244,244,244) !important;}&#8221;][vc_column width=&#8221;1\/2&#8243; css=&#8221;.vc_custom_1692136951039{padding-right: 50px !important;}&#8221;][vc_column_text]<\/p>\n<h2 class=\"title-bottom-line\" style=\"font-weight: bold; color: #000000; text-align: left;\">Bienvenido al Sistema<br \/>\nde Registro de PQRS<\/h2>\n<p>[\/vc_column_text][vc_custom_heading text=&#8221;Estimado Cliente, para KPN es muy importante contar con usted. Para generar una solicitud de PQRS, por favor diligenciar la siguiente informaci\u00f3n, el tiempo de respuesta es de <strong>8 d\u00edas h\u00e1biles<\/strong>.&#8221; font_container=&#8221;tag:p|text_align:justify|color:%23202020&#8243; google_fonts=&#8221;font_family:Roboto%20Condensed%3A300%2C300italic%2Cregular%2Citalic%2C700%2C700italic|font_style:400%20regular%3A400%3Anormal&#8221;][\/vc_column][vc_column width=&#8221;1\/2&#8243; css=&#8221;.vc_custom_1671114453964{background-color: rgba(239,239,239,0.01) !important;*background-color: rgb(239,239,239) !important;}&#8221;]\n<div class=\"wpcf7 no-js\" id=\"wpcf7-f11833-o1\" lang=\"en-US\" dir=\"ltr\" data-wpcf7-id=\"11833\">\n<div class=\"screen-reader-response\"><p role=\"status\" aria-live=\"polite\" aria-atomic=\"true\"><\/p> <ul><\/ul><\/div>\n<form action=\"\/colombia\/wp-json\/wp\/v2\/pages\/11835#wpcf7-f11833-o1\" method=\"post\" class=\"wpcf7-form init\" aria-label=\"Contact form\" novalidate=\"novalidate\" data-status=\"init\">\n<fieldset class=\"hidden-fields-container\"><input type=\"hidden\" name=\"_wpcf7\" value=\"11833\" \/><input type=\"hidden\" name=\"_wpcf7_version\" value=\"6.1.5\" \/><input type=\"hidden\" name=\"_wpcf7_locale\" value=\"en_US\" \/><input type=\"hidden\" name=\"_wpcf7_unit_tag\" value=\"wpcf7-f11833-o1\" \/><input type=\"hidden\" name=\"_wpcf7_container_post\" value=\"0\" \/><input type=\"hidden\" name=\"_wpcf7_posted_data_hash\" value=\"\" \/><input type=\"hidden\" name=\"_wpcf7_recaptcha_response\" value=\"\" \/>\n<\/fieldset>\n<p><span class=\"wpcf7-form-control-wrap NoConsecutivo\"><input class=\"wpcf7-form-control wpcf7-submission_id_hidden wpcf7-validates-as-number\" id=\"Q\" readonly=\"readonly\" aria-invalid=\"false\" value=\"35\" name=\"NoConsecutivo\" type=\"hidden\" \/><\/span>\n<\/p>\n<div class=\"contact-form\">\n\t<p><span class=\"wpcf7-form-control-wrap\" data-name=\"your-name\"><input size=\"40\" maxlength=\"400\" class=\"wpcf7-form-control wpcf7-text wpcf7-validates-as-required\" aria-required=\"true\" aria-invalid=\"false\" placeholder=\"Nombre\" value=\"\" type=\"text\" name=\"your-name\" \/><\/span>\n\t<\/p>\n\t<p><span class=\"wpcf7-form-control-wrap\" data-name=\"empresa\"><input size=\"40\" maxlength=\"400\" class=\"wpcf7-form-control wpcf7-text wpcf7-validates-as-required\" aria-required=\"true\" aria-invalid=\"false\" placeholder=\"Empresa\" value=\"\" type=\"text\" name=\"empresa\" \/><\/span>\n\t<\/p>\n\t<p><span class=\"wpcf7-form-control-wrap\" data-name=\"ciudad\"><input size=\"40\" maxlength=\"400\" class=\"wpcf7-form-control wpcf7-text wpcf7-validates-as-required\" aria-required=\"true\" aria-invalid=\"false\" placeholder=\"Ciudad \/ Pa\u00eds\" value=\"\" type=\"text\" name=\"ciudad\" \/><\/span>\n\t<\/p>\n\t<p><span class=\"wpcf7-form-control-wrap\" data-name=\"your-email\"><input size=\"40\" maxlength=\"400\" class=\"wpcf7-form-control wpcf7-email wpcf7-validates-as-required wpcf7-text wpcf7-validates-as-email\" aria-required=\"true\" aria-invalid=\"false\" placeholder=\"Correo\" value=\"\" type=\"email\" name=\"your-email\" \/><\/span>\n\t<\/p>\n\t<p><span class=\"wpcf7-form-control-wrap\" data-name=\"telefono\"><input size=\"40\" maxlength=\"400\" class=\"wpcf7-form-control wpcf7-tel wpcf7-validates-as-required wpcf7-text wpcf7-validates-as-tel\" aria-required=\"true\" aria-invalid=\"false\" placeholder=\"\" value=\"\" type=\"tel\" name=\"telefono\" \/><\/span>\n\t<\/p>\n\t<p><span class=\"wpcf7-form-control-wrap\" data-name=\"Asunto\"><input size=\"40\" maxlength=\"400\" class=\"wpcf7-form-control wpcf7-text wpcf7-validates-as-required\" aria-required=\"true\" aria-invalid=\"false\" value=\"Asunto\" type=\"text\" name=\"Asunto\" \/><\/span>\n\t<\/p>\n\t<p><span class=\"wpcf7-form-control-wrap\" data-name=\"your-message\"><textarea cols=\"40\" rows=\"10\" maxlength=\"2000\" class=\"wpcf7-form-control wpcf7-textarea wpcf7-validates-as-required\" aria-required=\"true\" aria-invalid=\"false\" placeholder=\"Describe tu solicitud\" name=\"your-message\"><\/textarea><\/span>\n\t<\/p>\n\t<p><span class=\"wpcf7-form-control-wrap\" data-name=\"acceptance-952\"><span class=\"wpcf7-form-control wpcf7-acceptance\"><span class=\"wpcf7-list-item\"><label><input type=\"checkbox\" name=\"acceptance-952\" value=\"1\" aria-invalid=\"false\" \/><span class=\"wpcf7-list-item-label\">Estoy de acuerdo en que mis datos enviados sean recopilados para el env\u00edo de informaci\u00f3n de KPN SAFETY SOLUTIONS.<\/span><\/label><\/span><\/span><\/span>\n\t<\/p>\n\t<p>Para obtener m\u00e1s informaci\u00f3n sobre el manejo de datos de usuarios, consulte nuestra <a href=\"https:\/\/www.kpnsafety.com\/colombia\/servicio-al-cliente\/#tab-1598719478542-2-4\">Pol\u00edtica de privacidad.<\/a>\n\t<\/p>\n<span class=\"wpcf7-form-control-wrap recaptcha\" data-name=\"recaptcha\"><span data-sitekey=\"6LemTAkpAAAAANNKdwYPjtwTTlu3rq5fL60aubFK\" class=\"wpcf7-form-control wpcf7-recaptcha g-recaptcha\"><\/span>\r\n<noscript>\r\n\t<div class=\"grecaptcha-noscript\">\r\n\t\t<iframe src=\"https:\/\/www.google.com\/recaptcha\/api\/fallback?k=6LemTAkpAAAAANNKdwYPjtwTTlu3rq5fL60aubFK\" frameborder=\"0\" scrolling=\"no\" width=\"310\" height=\"430\">\r\n\t\t<\/iframe>\r\n\t\t<textarea name=\"g-recaptcha-response\" rows=\"3\" cols=\"40\" placeholder=\"reCaptcha Response Here\">\r\n\t\t<\/textarea>\r\n\t<\/div>\r\n<\/noscript>\r\n<\/span>\n\t<div class=\"sumbit-contact\">\n\t\t<p><input class=\"wpcf7-form-control wpcf7-submit has-spinner\" type=\"submit\" value=\"Enviar\" \/>\n\t\t<\/p>\n\t<\/div>\n<\/div><div class=\"wpcf7-response-output\" aria-hidden=\"true\"><\/div>\n<\/form>\n<\/div>\n[\/vc_column][\/vc_row]<\/p>\n<\/div>","protected":false},"excerpt":{"rendered":"<p>[vc_row css=&#8221;.vc_custom_1671114330252{background-color: rgba(244,244,244,0.01) !important;*background-color: rgb(244,244,244) !important;}&#8221;][vc_column width=&#8221;1\/2&#8243; css=&#8221;.vc_custom_1692136951039{padding-right: 50px !important;}&#8221;][vc_column_text] Bienvenido al Sistema de Registro de PQRS [\/vc_column_text][vc_custom_heading text=&#8221;Estimado Cliente, para KPN es muy importante contar con usted. Para generar una solicitud de PQRS, por favor diligenciar la siguiente informaci\u00f3n, el tiempo de respuesta es de 8 d\u00edas h\u00e1biles.&#8221; font_container=&#8221;tag:p|text_align:justify|color:%23202020&#8243; google_fonts=&#8221;font_family:Roboto%20Condensed%3A300%2C300italic%2Cregular%2Citalic%2C700%2C700italic|font_style:400%20regular%3A400%3Anormal&#8221;][\/vc_column][vc_column width=&#8221;1\/2&#8243; css=&#8221;.vc_custom_1671114453964{background-color: rgba(239,239,239,0.01) !important;*background-color: [&hellip;]<\/p>\n","protected":false},"author":1,"featured_media":0,"parent":0,"menu_order":0,"comment_status":"closed","ping_status":"closed","template":"","meta":{"footnotes":""},"class_list":["post-11835","page","type-page","status-publish","hentry"],"_links":{"self":[{"href":"https:\/\/www.kpnsafety.com\/colombia\/wp-json\/wp\/v2\/pages\/11835","targetHints":{"allow":["GET"]}}],"collection":[{"href":"https:\/\/www.kpnsafety.com\/colombia\/wp-json\/wp\/v2\/pages"}],"about":[{"href":"https:\/\/www.kpnsafety.com\/colombia\/wp-json\/wp\/v2\/types\/page"}],"author":[{"embeddable":true,"href":"https:\/\/www.kpnsafety.com\/colombia\/wp-json\/wp\/v2\/users\/1"}],"replies":[{"embeddable":true,"href":"https:\/\/www.kpnsafety.com\/colombia\/wp-json\/wp\/v2\/comments?post=11835"}],"version-history":[{"count":8,"href":"https:\/\/www.kpnsafety.com\/colombia\/wp-json\/wp\/v2\/pages\/11835\/revisions"}],"predecessor-version":[{"id":12601,"href":"https:\/\/www.kpnsafety.com\/colombia\/wp-json\/wp\/v2\/pages\/11835\/revisions\/12601"}],"wp:attachment":[{"href":"https:\/\/www.kpnsafety.com\/colombia\/wp-json\/wp\/v2\/media?parent=11835"}],"curies":[{"name":"wp","href":"https:\/\/api.w.org\/{rel}","templated":true}]}}