{"id":4182,"date":"2015-06-20T16:11:19","date_gmt":"2015-06-20T16:11:19","guid":{"rendered":"https:\/\/www.kpnsafety.com\/colombia\/?page_id=4182"},"modified":"2026-02-20T13:10:18","modified_gmt":"2026-02-20T18:10:18","slug":"nosotros","status":"publish","type":"page","link":"https:\/\/www.kpnsafety.com\/colombia\/nosotros\/","title":{"rendered":"Sobre Nosotros"},"content":{"rendered":"<div class=\"wpb-content-wrapper\">\t\t<div data-elementor-type=\"wp-page\" data-elementor-id=\"4182\" class=\"elementor elementor-4182\">\n\t\t\t\t\t\t<section class=\"elementor-section elementor-top-section elementor-element elementor-element-4c5f235e elementor-section-boxed elementor-section-height-default elementor-section-height-default\" data-id=\"4c5f235e\" data-element_type=\"section\" data-e-type=\"section\">\n\t\t\t\t\t\t<div class=\"elementor-container elementor-column-gap-default\">\n\t\t\t\t\t<div class=\"elementor-column elementor-col-100 elementor-top-column elementor-element elementor-element-728d516f\" data-id=\"728d516f\" data-element_type=\"column\" data-e-type=\"column\">\n\t\t\t<div class=\"elementor-widget-wrap elementor-element-populated\">\n\t\t\t\t\t\t<div class=\"elementor-element elementor-element-532a97ba elementor-widget elementor-widget-text-editor\" data-id=\"532a97ba\" data-element_type=\"widget\" data-e-type=\"widget\" data-widget_type=\"text-editor.default\">\n\t\t\t\t<div class=\"elementor-widget-container\">\n\t\t\t\t\t\t\t\t\t<p>[vc_row css=&#8221;.vc_custom_1598715264806{margin-bottom: 0px !important;padding-bottom: 0px !important;}&#8221;][vc_column width=&#8221;1\/2&#8243; css=&#8221;.vc_custom_1598715273220{margin-bottom: 0px !important;padding-bottom: 0px !important;}&#8221;][vc_custom_heading text=&#8221;QUIENES SOMOS&#8221; font_container=&#8221;tag:h2|text_align:left|color:%23e72305&#8243; google_fonts=&#8221;font_family:Roboto%20Condensed%3A300%2C300italic%2Cregular%2Citalic%2C700%2C700italic|font_style:700%20bold%20regular%3A700%3Anormal&#8221;][vc_custom_heading text=&#8221;Somos una compa\u00f1\u00eda especializada en soluciones de seguridad industrial para los diferentes sectores econ\u00f3micos brindando asesor\u00eda personalizada por la protecci\u00f3n de la vida de aquellos que afrontan d\u00eda a d\u00eda labores que ponen en riesgo su integridad f\u00edsica, esos valientes hombres y mujeres que lo arriesgan todo por sus familias y la sociedad, trabajadores incansables que forman parte de nuestro objetivo como organizaci\u00f3n.<\/p><p>Nuestro modelo de negocio es din\u00e1mico, otorgando a nuestros clientes valores agregados en productos y servicios, mediante la asesor\u00eda profesional de nuestro equipo comercial, destacando nuestras capacitaciones enmarcadas en el programa KPN Academic, de esta forma impartimos nuestra experiencia y conocimiento a entidades privadas y gubernamentales, formando profesionales capaces de atender cualquier situaci\u00f3n de emergencia.<\/p><p>Queremos ir un paso m\u00e1s all\u00e1 para contribuir al \u00e1mbito social y ecol\u00f3gico, con el fin de impactar de manera inmediata y directa la vida de ciudadanos y comunidades, alcanzando nuestro principal objetivo: Disminuir las tasas de accidentalidad y permitir que nuestros clientes y aliados sean parte de la globalizaci\u00f3n gracias al cumplimiento de altos est\u00e1ndares de seguridad y cuidado de la vida.&#8221; font_container=&#8221;tag:p|text_align:justify|color:%23202020&#8243; google_fonts=&#8221;font_family:Roboto%20Condensed%3A300%2C300italic%2Cregular%2Citalic%2C700%2C700italic|font_style:400%20regular%3A400%3Anormal&#8221;][\/vc_column][vc_column width=&#8221;1\/2&#8243; css=&#8221;.vc_custom_1598715280890{margin-bottom: 0px !important;padding-bottom: 0px !important;}&#8221;][vc_column_text]<img fetchpriority=\"high\" decoding=\"async\" class=\"aligncenter wp-image-8500 size-full\" src=\"https:\/\/www.kpnsafety.com\/colombia\/wp-content\/uploads\/2020\/08\/kpnsafety_nosotros-colombia-1.jpg\" alt=\"\" width=\"601\" height=\"398\" srcset=\"https:\/\/www.kpnsafety.com\/colombia\/wp-content\/uploads\/2020\/08\/kpnsafety_nosotros-colombia-1.jpg 601w, https:\/\/www.kpnsafety.com\/colombia\/wp-content\/uploads\/2020\/08\/kpnsafety_nosotros-colombia-1-550x364.jpg 550w, https:\/\/www.kpnsafety.com\/colombia\/wp-content\/uploads\/2020\/08\/kpnsafety_nosotros-colombia-1-300x199.jpg 300w\" sizes=\"(max-width: 601px) 100vw, 601px\" \/>[\/vc_column_text][\/vc_column][\/vc_row][vc_row full_width=&#8221;stretch_row&#8221; content_placement=&#8221;middle&#8221; css=&#8221;.vc_custom_1600873018017{margin-top: -30px !important;margin-right: 0px !important;margin-left: 0px !important;padding-top: 40px !important;padding-right: 0px !important;padding-bottom: 10px !important;padding-left: 0px !important;background-color: #000000 !important;}&#8221;][vc_column width=&#8221;3\/5&#8243; offset=&#8221;vc_hidden-lg vc_hidden-sm vc_hidden-xs&#8221;][vc_row_inner][vc_column_inner width=&#8221;1\/3&#8243;][vc_single_image image=&#8221;8443&#8243; img_size=&#8221;medium&#8221;][\/vc_column_inner][vc_column_inner width=&#8221;1\/3&#8243;][vc_single_image image=&#8221;8444&#8243; img_size=&#8221;medium&#8221;][\/vc_column_inner][vc_column_inner width=&#8221;1\/3&#8243;][vc_single_image image=&#8221;8442&#8243; img_size=&#8221;medium&#8221;][\/vc_column_inner][\/vc_row_inner][\/vc_column][vc_column width=&#8221;2\/5&#8243; offset=&#8221;vc_hidden-lg vc_hidden-sm vc_hidden-xs&#8221;][vc_column_text]<\/p><h2 style=\"text-align: center; margin: 0;\"><span style=\"color: #ffffff; font-family: 'Roboto Condensed', sans-serif;\">Juntos Protegiendo Vidas<\/span><\/h2><p>[\/vc_column_text][\/vc_column][\/vc_row][vc_row full_width=&#8221;stretch_row&#8221; content_placement=&#8221;middle&#8221; css=&#8221;.vc_custom_1600880837098{margin-top: -30px !important;margin-right: 0px !important;margin-left: 0px !important;padding-top: 40px !important;padding-right: 24% !important;padding-bottom: 10px !important;padding-left: 24% !important;background-color: #000000 !important;}&#8221;][vc_column width=&#8221;2\/3&#8243; offset=&#8221;vc_hidden-md vc_hidden-sm vc_hidden-xs&#8221;][vc_row_inner content_placement=&#8221;middle&#8221;][vc_column_inner width=&#8221;1\/3&#8243;][vc_single_image image=&#8221;8443&#8243; img_size=&#8221;medium&#8221;][\/vc_column_inner][vc_column_inner width=&#8221;1\/3&#8243;][vc_single_image image=&#8221;8444&#8243; img_size=&#8221;medium&#8221;][\/vc_column_inner][vc_column_inner width=&#8221;1\/3&#8243;][vc_single_image image=&#8221;8442&#8243; img_size=&#8221;medium&#8221;][\/vc_column_inner][\/vc_row_inner][\/vc_column][vc_column width=&#8221;1\/3&#8243; offset=&#8221;vc_hidden-md vc_hidden-sm vc_hidden-xs&#8221;][vc_column_text]<\/p><h2 style=\"margin: 0px; text-align: left;\"><span style=\"color: #ffffff; font-family: 'Roboto Condensed', sans-serif;\">Juntos Protegiendo Vidas<\/span><\/h2><p>[\/vc_column_text][\/vc_column][\/vc_row][vc_row full_width=&#8221;stretch_row&#8221; content_placement=&#8221;middle&#8221; css=&#8221;.vc_custom_1600380815081{margin-top: -30px !important;margin-right: 0px !important;margin-left: 0px !important;padding-top: 40px !important;padding-right: 15% !important;padding-bottom: 10px !important;padding-left: 15% !important;background-color: #000000 !important;}&#8221;][vc_column offset=&#8221;vc_hidden-lg vc_hidden-md&#8221;][vc_column_text]<\/p><h2 style=\"text-align: center; margin: 0;\"><span style=\"color: #ffffff; font-family: 'Roboto Condensed', sans-serif;\">Juntos Protegiendo Vidas<\/span><\/h2><p>[\/vc_column_text][vc_row_inner][vc_column_inner width=&#8221;1\/3&#8243;][vc_single_image image=&#8221;8443&#8243; img_size=&#8221;medium&#8221; alignment=&#8221;center&#8221;][\/vc_column_inner][vc_column_inner width=&#8221;1\/3&#8243;][vc_single_image image=&#8221;8444&#8243; img_size=&#8221;medium&#8221; alignment=&#8221;center&#8221;][\/vc_column_inner][vc_column_inner width=&#8221;1\/3&#8243;][vc_single_image image=&#8221;8442&#8243; img_size=&#8221;medium&#8221; alignment=&#8221;center&#8221;][\/vc_column_inner][\/vc_row_inner][\/vc_column][\/vc_row][vc_row][vc_column width=&#8221;1\/2&#8243; css=&#8221;.vc_custom_1494128134903{margin-bottom: 30px !important;}&#8221;][vc_empty_space height=&#8221;50px&#8221;][vc_custom_heading text=&#8221;NUESTRA MISI\u00d3N&#8221; font_container=&#8221;tag:h3|text_align:left|color:%23e72305&#8243; google_fonts=&#8221;font_family:Roboto%20Condensed%3A300%2C300italic%2Cregular%2Citalic%2C700%2C700italic|font_style:700%20bold%20regular%3A700%3Anormal&#8221;][vc_empty_space height=&#8221;20px&#8221;][vc_row_inner][vc_column_inner width=&#8221;1\/4&#8243;][vc_single_image image=&#8221;8459&#8243; img_size=&#8221;full&#8221;][\/vc_column_inner][vc_column_inner width=&#8221;3\/4&#8243;][vc_custom_heading text=&#8221;Especializarnos en soluciones de seguridad industrial para los diferentes sectores econ\u00f3micos brindando asesor\u00eda personalizada por la protecci\u00f3n de la vida de aquellos que afrontan d\u00eda a d\u00eda labores que ponen en riesgo su integridad f\u00edsica, mediante el desarrollo de un modelo de negocio din\u00e1mico, que otorgue a nuestros clientes valores agregados en productos y servicios, con la asesor\u00eda profesional de nuestro equipo comercial y destacando nuestras capacitaciones a trav\u00e9s del programa KPN Academic con las cuales impartimos nuestra experiencia y conocimiento a entidades privadas y gubernamentales, formando profesionales capaces de atender cualquier situaci\u00f3n de emergencia.&#8221; font_container=&#8221;tag:p|text_align:justify|color:%23202020&#8243; google_fonts=&#8221;font_family:Roboto%20Condensed%3A300%2C300italic%2Cregular%2Citalic%2C700%2C700italic|font_style:400%20regular%3A400%3Anormal&#8221;][\/vc_column_inner][\/vc_row_inner][\/vc_column][vc_column width=&#8221;1\/2&#8243;][vc_empty_space height=&#8221;50px&#8221;][vc_custom_heading text=&#8221;NUESTRA VISI\u00d3N&#8221; font_container=&#8221;tag:h3|text_align:left|color:%23e72305&#8243; google_fonts=&#8221;font_family:Roboto%20Condensed%3A300%2C300italic%2Cregular%2Citalic%2C700%2C700italic|font_style:700%20bold%20regular%3A700%3Anormal&#8221;][vc_empty_space height=&#8221;20px&#8221;][vc_row_inner][vc_column_inner width=&#8221;1\/4&#8243;][vc_single_image image=&#8221;8461&#8243; img_size=&#8221;full&#8221;][\/vc_column_inner][vc_column_inner width=&#8221;3\/4&#8243;][vc_custom_heading text=&#8221;Para el a\u00f1o 2027 KPN SAFETY SOLUTIONS estar\u00e1 posicionada como una marca innovadora, con procesos claros, r\u00e1pidos y eficientes que ayudar\u00e1n a dar respuestas m\u00e1s efectivas a nuestros clientes, optimizando tiempos y aumentando la productividad. As\u00ed mismo tendr\u00e1 un equipo conformado por los mejores talentos profesionales y seguir\u00e1 enfocado en el desarrollo y mejora continua del bienestar de los colaboradores. Nuestros valores est\u00e1n reflejados en el crecimiento y consolidaci\u00f3n de KPN FOUNDATION donde fomentaremos la \u00e9tica, el apoyo a la comunidad y el medio ambiente contribuyendo a la construcci\u00f3n del bien social bajo el reconocimiento constante de las necesidades de nuestros diferentes sectores de inter\u00e9s. De igual forma nuestro programa KPN ACADEMIC seguir\u00e1 impartiendo conocimiento en seguridad y salud en el trabajo, a trav\u00e9s de la educaci\u00f3n con el prop\u00f3sito de salvar m\u00e1s vidas&#8221; font_container=&#8221;tag:p|text_align:justify|color:%23202020&#8243; google_fonts=&#8221;font_family:Roboto%20Condensed%3A300%2C300italic%2Cregular%2Citalic%2C700%2C700italic|font_style:400%20regular%3A400%3Anormal&#8221;][\/vc_column_inner][\/vc_row_inner][\/vc_column][\/vc_row][vc_row][vc_column][vc_column_text]<\/p><p><style>.breadcrumb-title-wrapper .breadcrumb-title h1{color:#ffff !important;}.breadcrumb-title-wrapper .breadcrumb-title *{color:#ffff;}<\/style><\/p><p>[\/vc_column_text][\/vc_column][\/vc_row][vc_column offset=&#8221;vc_hidden-sm vc_hidden-xs&#8221;][\/vc_column][vc_column_inner width=&#8221;1\/4&#8243; css=&#8221;.vc_custom_1598653661967{border-right-width: 2px !important;border-right-color: #adadad !important;border-right-style: solid !important;}&#8221;][\/vc_column_inner][vc_column_inner width=&#8221;1\/4&#8243; css=&#8221;. vc_custom_1598653668705 {border-right-width: 2px! important; border-right-color: #adadad! important; border-right-style: s\u00f3lido! importante;}&#8221;][\/vc_column_inner][vc_column_inner width=&#8221;1\/4&#8243; css=&#8221;. vc_custom_1598653675213 {border-right-width: 2px! important; border-right-color: #adadad! important; border-right-style: s\u00f3lido! importante;}&#8221;][\/vc_column_inner][vc_column_inner width=&#8221;1\/4&#8243;][\/vc_column_inner]<\/p>\t\t\t\t\t\t\t\t<\/div>\n\t\t\t\t<\/div>\n\t\t\t\t\t<\/div>\n\t\t<\/div>\n\t\t\t\t\t<\/div>\n\t\t<\/section>\n\t\t\t\t<\/div>\n\t\t<\/div>","protected":false},"excerpt":{"rendered":"<p>[vc_row css=&#8221;.vc_custom_1598715264806{margin-bottom: 0px !important;padding-bottom: 0px !important;}&#8221;][vc_column width=&#8221;1\/2&#8243; css=&#8221;.vc_custom_1598715273220{margin-bottom: 0px !important;padding-bottom: 0px !important;}&#8221;][vc_custom_heading text=&#8221;QUIENES SOMOS&#8221; font_container=&#8221;tag:h2|text_align:left|color:%23e72305&#8243; google_fonts=&#8221;font_family:Roboto%20Condensed%3A300%2C300italic%2Cregular%2Citalic%2C700%2C700italic|font_style:700%20bold%20regular%3A700%3Anormal&#8221;][\/vc_column][vc_column width=&#8221;1\/2&#8243; css=&#8221;.vc_custom_1598715280890{margin-bottom: 0px !important;padding-bottom: 0px !important;}&#8221;][vc_column_text][\/vc_column_text][vc_column_text css=&#8221;&#8221;]I am text block. Click edit button to change this text. Lorem ipsum dolor sit amet, consectetur adipiscing elit. Ut elit tellus, luctus nec ullamcorper mattis, pulvinar dapibus leo.[\/vc_column_text][\/vc_column][\/vc_row][vc_row full_width=&#8221;stretch_row&#8221; content_placement=&#8221;middle&#8221; css=&#8221;.vc_custom_1600873018017{margin-top: -30px [&hellip;]<\/p>\n","protected":false},"author":1,"featured_media":0,"parent":0,"menu_order":0,"comment_status":"closed","ping_status":"closed","template":"","meta":{"footnotes":""},"class_list":["post-4182","page","type-page","status-publish","hentry"],"_links":{"self":[{"href":"https:\/\/www.kpnsafety.com\/colombia\/wp-json\/wp\/v2\/pages\/4182","targetHints":{"allow":["GET"]}}],"collection":[{"href":"https:\/\/www.kpnsafety.com\/colombia\/wp-json\/wp\/v2\/pages"}],"about":[{"href":"https:\/\/www.kpnsafety.com\/colombia\/wp-json\/wp\/v2\/types\/page"}],"author":[{"embeddable":true,"href":"https:\/\/www.kpnsafety.com\/colombia\/wp-json\/wp\/v2\/users\/1"}],"replies":[{"embeddable":true,"href":"https:\/\/www.kpnsafety.com\/colombia\/wp-json\/wp\/v2\/comments?post=4182"}],"version-history":[{"count":120,"href":"https:\/\/www.kpnsafety.com\/colombia\/wp-json\/wp\/v2\/pages\/4182\/revisions"}],"predecessor-version":[{"id":16468,"href":"https:\/\/www.kpnsafety.com\/colombia\/wp-json\/wp\/v2\/pages\/4182\/revisions\/16468"}],"wp:attachment":[{"href":"https:\/\/www.kpnsafety.com\/colombia\/wp-json\/wp\/v2\/media?parent=4182"}],"curies":[{"name":"wp","href":"https:\/\/api.w.org\/{rel}","templated":true}]}}