{"id":10550,"date":"2021-12-13T10:30:06","date_gmt":"2021-12-13T15:30:06","guid":{"rendered":"https:\/\/www.kpnsafety.com\/colombia\/product\/guante-11-800-talla-8\/"},"modified":"2025-01-14T08:58:29","modified_gmt":"2025-01-14T13:58:29","slug":"guante-11-800-talla-8","status":"publish","type":"product","link":"https:\/\/www.kpnsafety.com\/colombia\/product\/guante-11-800-talla-8\/","title":{"rendered":"GUANTES HYFLEX 11-800"},"content":{"rendered":"<p><span class=\"overline\">CARACTER\u00cdSTICAS Y VENTAJAS CLAVES<\/span><\/p>\n<div class=\"details-content expand\">\n<ul>\n<li>Recubrimiento de espuma que ofrece m\u00e1s transpirabilidad, mejorando la comodidad del usuario y ofreciendo un mejor agarre para que el operario pueda realizar tareas t\u00e1ctiles con facilidad<\/li>\n<li>Ajuste optimizado en la base del me\u00f1ique que conforma mejor el contorno natural de la mano<\/li>\n<li>El guante se somete a un proceso de lavado exclusivo que extrae eficazmente las impurezas, creando as\u00ed un guante m\u00e1s limpio y m\u00e1s c\u00f3modo. Certificado independientemente como inocuo para la piel por el sistema de certificaci\u00f3n y pruebas Oeko-Tex<sup>\u00ae<\/sup><\/li>\n<li>No se traspasan contaminantes de silicona a las piezas met\u00e1licas antes del proceso de pintura<\/li>\n<\/ul>\n<\/div>\n","protected":false},"excerpt":{"rendered":"<p>Guantes de trabajo transpirables de nitrilo, ofrecen un dise\u00f1o mejorado que provee hasta un 30% m\u00e1s transpirabilidad. Para comodidad durante todo el d\u00eda.<\/p>\n<ul>\n<li>Estos guantes de trabajo transpirables han sido lavados mediante un proceso propio que extrae eficientemente las impurezas para crear un guante m\u00e1s limpio y m\u00e1s c\u00f3modo.<\/li>\n<li>El recubrimiento mejorado de estos guantes transpirables de nitrilo ofrecen un agarre mejorado en ambientes de trabajo secos y ligeramente aceitosos, junto con una durabilidad extendida, comparado con su f\u00f3rmula previa.<\/li>\n<\/ul>\n<p><strong>Consulte disponibilidad con nuestros asesores especializados<\/strong><\/p>\n<p><a href=\"https:\/\/api.whatsapp.com\/send?phone=573147862881\" target=\"_blank\" rel=\"noopener\"><button class=\"boton\">Contactar un asesor<\/button><\/a><\/p>\n<p><a href=\"https:\/\/www.kpnsafety.com\/colombia\/contactanos\/\" target=\"_blank\" rel=\"noopener\"><button class=\"boton\">Solicitar presupuesto<\/button><\/a><\/p>\n","protected":false},"featured_media":11907,"comment_status":"closed","ping_status":"closed","template":"","meta":[],"product_brand":[],"product_cat":[151,115],"product_tag":[],"class_list":{"0":"post-10550","1":"product","2":"type-product","3":"status-publish","4":"has-post-thumbnail","6":"product_cat-guantes-industriales","7":"product_cat-proteccion-manual","9":"first","10":"instock","11":"taxable","12":"shipping-taxable","13":"product-type-simple"},"_links":{"self":[{"href":"https:\/\/www.kpnsafety.com\/colombia\/wp-json\/wp\/v2\/product\/10550","targetHints":{"allow":["GET"]}}],"collection":[{"href":"https:\/\/www.kpnsafety.com\/colombia\/wp-json\/wp\/v2\/product"}],"about":[{"href":"https:\/\/www.kpnsafety.com\/colombia\/wp-json\/wp\/v2\/types\/product"}],"replies":[{"embeddable":true,"href":"https:\/\/www.kpnsafety.com\/colombia\/wp-json\/wp\/v2\/comments?post=10550"}],"wp:featuredmedia":[{"embeddable":true,"href":"https:\/\/www.kpnsafety.com\/colombia\/wp-json\/wp\/v2\/media\/11907"}],"wp:attachment":[{"href":"https:\/\/www.kpnsafety.com\/colombia\/wp-json\/wp\/v2\/media?parent=10550"}],"wp:term":[{"taxonomy":"product_brand","embeddable":true,"href":"https:\/\/www.kpnsafety.com\/colombia\/wp-json\/wp\/v2\/product_brand?post=10550"},{"taxonomy":"product_cat","embeddable":true,"href":"https:\/\/www.kpnsafety.com\/colombia\/wp-json\/wp\/v2\/product_cat?post=10550"},{"taxonomy":"product_tag","embeddable":true,"href":"https:\/\/www.kpnsafety.com\/colombia\/wp-json\/wp\/v2\/product_tag?post=10550"}],"curies":[{"name":"wp","href":"https:\/\/api.w.org\/{rel}","templated":true}]}}