{"id":10750,"date":"2022-02-03T09:33:55","date_gmt":"2022-02-03T14:33:55","guid":{"rendered":"https:\/\/www.kpnsafety.com\/colombia\/product\/panoplia-de-salvamento-sz-51s\/"},"modified":"2025-01-15T12:07:47","modified_gmt":"2025-01-15T17:07:47","slug":"panoplia-de-salvamento-sz-51s","status":"publish","type":"product","link":"https:\/\/www.kpnsafety.com\/colombia\/product\/panoplia-de-salvamento-sz-51s\/","title":{"rendered":"Panoplia de Salvamento SZ-51S"},"content":{"rendered":"","protected":false},"excerpt":{"rendered":"<h2>Panoplia de salvamento o Kit de rescate el\u00e9ctrico<\/h2>\n<p>Referencia: SZ-51S<br \/>\nMarca: SOFAMEL<\/p>\n<p>En el caso de accidente el\u00e9ctrico, la rapidez de intervenci\u00f3n es fundamental.<br \/>\nLa panoplia contiene todos los \u00fatiles de salvamento en un \u00fanico lugar, accesible a todos los usuarios para una r\u00e1pida intervenci\u00f3n en caso de necesidad.<\/p>\n<p>&nbsp;<\/p>\n<p><strong>Tiempo de entrega de 45 a 60 d\u00edas si no se cuenta con stock<\/strong><\/p>\n<p><strong>Consulte disponibilidad con nuestros asesores especializados<\/strong><\/p>\n<p><a href=\"https:\/\/api.whatsapp.com\/send?phone=573147862881\" target=\"_blank\" rel=\"noopener\"><button class=\"boton\">Contactar un asesor<\/button><\/a><\/p>\n<p><a href=\"https:\/\/www.kpnsafety.com\/colombia\/contactanos\/\" target=\"_blank\" rel=\"noopener\"><button class=\"boton\">Solicitar presupuesto<\/button><\/a><\/p>\n","protected":false},"featured_media":11249,"comment_status":"closed","ping_status":"closed","template":"","meta":[],"product_brand":[],"product_cat":[198,335,130],"product_tag":[],"class_list":{"0":"post-10750","1":"product","2":"type-product","3":"status-publish","4":"has-post-thumbnail","6":"product_cat-banquetas-aislantes","7":"product_cat-kits-de-rescate-y-panoplias","8":"product_cat-seguridad-electrica","10":"first","11":"instock","12":"taxable","13":"shipping-taxable","14":"product-type-simple"},"_links":{"self":[{"href":"https:\/\/www.kpnsafety.com\/colombia\/wp-json\/wp\/v2\/product\/10750","targetHints":{"allow":["GET"]}}],"collection":[{"href":"https:\/\/www.kpnsafety.com\/colombia\/wp-json\/wp\/v2\/product"}],"about":[{"href":"https:\/\/www.kpnsafety.com\/colombia\/wp-json\/wp\/v2\/types\/product"}],"replies":[{"embeddable":true,"href":"https:\/\/www.kpnsafety.com\/colombia\/wp-json\/wp\/v2\/comments?post=10750"}],"wp:featuredmedia":[{"embeddable":true,"href":"https:\/\/www.kpnsafety.com\/colombia\/wp-json\/wp\/v2\/media\/11249"}],"wp:attachment":[{"href":"https:\/\/www.kpnsafety.com\/colombia\/wp-json\/wp\/v2\/media?parent=10750"}],"wp:term":[{"taxonomy":"product_brand","embeddable":true,"href":"https:\/\/www.kpnsafety.com\/colombia\/wp-json\/wp\/v2\/product_brand?post=10750"},{"taxonomy":"product_cat","embeddable":true,"href":"https:\/\/www.kpnsafety.com\/colombia\/wp-json\/wp\/v2\/product_cat?post=10750"},{"taxonomy":"product_tag","embeddable":true,"href":"https:\/\/www.kpnsafety.com\/colombia\/wp-json\/wp\/v2\/product_tag?post=10750"}],"curies":[{"name":"wp","href":"https:\/\/api.w.org\/{rel}","templated":true}]}}