{"id":11093,"date":"2022-04-04T10:19:14","date_gmt":"2022-04-04T15:19:14","guid":{"rendered":"https:\/\/www.kpnsafety.com\/colombia\/?post_type=product&#038;p=11093"},"modified":"2025-01-15T10:47:41","modified_gmt":"2025-01-15T15:47:41","slug":"traje-esctructural-categoria-iii","status":"publish","type":"product","link":"https:\/\/www.kpnsafety.com\/colombia\/product\/traje-esctructural-categoria-iii\/","title":{"rendered":"&#8220;ULTIMA TALLA&#8221; TRAJE DE BOMBERO ORION TALLA S"},"content":{"rendered":"<div class=\"wpb-content-wrapper\"><p>[vc_row][vc_column][vc_column_text css=&#8221;&#8221;]<\/p>\n<h2><strong>Traje de Bombero Ori\u00f3n | Traje Estructural<\/strong><\/h2>\n<h3><strong>DISE\u00d1O DEL CHAQUET\u00d3N<\/strong><\/h3>\n<p>\u2022 Hombros y espalda alta con separadores acolchados que<br \/>\ncompensan el peso del E.R.A<\/p>\n<p>\u2022 Cuello con fuelle el\u00e1stico de punto que facilita el ajuste<\/p>\n<p>\u2022 Sistema de rescate oculto en parte superior espalda de<br \/>\nacuerdo a NFPA 1971<\/p>\n<p>\u2022 Codos y hombros incorporan tejidos de refuerzo de aramida<br \/>\nsiliconado con acolchado interno<\/p>\n<p>\u2022 Cuatro bolsillos exteriores. Dos superiores a la altura del<br \/>\npecho con abertura vertical y dos inferiores a la altura de la<br \/>\ncintura cerrados en diagonal para facilitar el acceso.<\/p>\n<p>\u2022 Compartimientos para emisora y linterna situados sobre<br \/>\nbolsillos de pecho<\/p>\n<p>\u2022 Barrera anti capilaridad en interior de mangas y cintura<\/p>\n<h3><strong>DISE\u00d1O DEL CUBRE <\/strong><b>PANTAL\u00d3N<\/b><\/h3>\n<p>\u2022 Zona lumbar ampliada para proteger en cualquier movimiento<br \/>\ndel usuario hacia delante.<\/p>\n<p>\u2022 Tirantes ajustables y desmontables.<\/p>\n<p>\u2022 Bolsillos de parche inclinados . Ajuste en cintura .<\/p>\n<p>\u2022 En rodillas incorpora refuerzos de tejido de aramida siliconada<br \/>\ncon acolchado interior.<\/p>\n<p>\u2022 Tirantes en \u201c Y\u201d acolchados y desmontables.<\/p>\n<p>\u2022 Barrera anti capilaridad en interior de bajos[\/vc_column_text][\/vc_column][\/vc_row]<\/p>\n<\/div>","protected":false},"excerpt":{"rendered":"<p>NORMA: EN 469 -2020<\/p>\n<p>Marca: Iturri<\/p>\n<p>Traje de bombero es ergon\u00f3mico y ligero de tres capas de altas prestaciones t\u00e9rmicas y mec\u00e1nicas.<\/p>\n<p><strong>\u00a1El traje no incluye Accesorios!<\/strong><\/p>\n<p><strong>Tiempo de entrega de 45 a 60 d\u00edas si no se cuenta con stock<\/strong><\/p>\n<p><strong>Consulte disponibilidad con nuestros asesores especializados<\/strong><\/p>\n<p>&nbsp;<\/p>\n<p><a href=\"https:\/\/api.whatsapp.com\/send?phone=573147862881\" target=\"_blank\" rel=\"noopener\"><button class=\"boton\">Contactar un asesor<\/button><\/a><\/p>\n<p><a href=\"https:\/\/www.kpnsafety.com\/colombia\/contactanos\/\" target=\"_blank\" rel=\"noopener\"><button class=\"boton\">Solicitar presupuesto<\/button><\/a><\/p>\n","protected":false},"featured_media":15386,"comment_status":"closed","ping_status":"closed","template":"","meta":[],"product_brand":[],"product_cat":[131,352],"product_tag":[342,339,340,341,353],"class_list":{"0":"post-11093","1":"product","2":"type-product","3":"status-publish","4":"has-post-thumbnail","6":"product_cat-bomberos-y-emergencias","7":"product_cat-trajes-estructurales-para-bomberos","8":"product_tag-iturri","9":"product_tag-proteccion-corporal","10":"product_tag-traje-estructural","11":"product_tag-traje-orion","12":"product_tag-traje-para-bombero","14":"first","15":"instock","16":"taxable","17":"shipping-taxable","18":"purchasable","19":"product-type-simple"},"_links":{"self":[{"href":"https:\/\/www.kpnsafety.com\/colombia\/wp-json\/wp\/v2\/product\/11093","targetHints":{"allow":["GET"]}}],"collection":[{"href":"https:\/\/www.kpnsafety.com\/colombia\/wp-json\/wp\/v2\/product"}],"about":[{"href":"https:\/\/www.kpnsafety.com\/colombia\/wp-json\/wp\/v2\/types\/product"}],"replies":[{"embeddable":true,"href":"https:\/\/www.kpnsafety.com\/colombia\/wp-json\/wp\/v2\/comments?post=11093"}],"wp:featuredmedia":[{"embeddable":true,"href":"https:\/\/www.kpnsafety.com\/colombia\/wp-json\/wp\/v2\/media\/15386"}],"wp:attachment":[{"href":"https:\/\/www.kpnsafety.com\/colombia\/wp-json\/wp\/v2\/media?parent=11093"}],"wp:term":[{"taxonomy":"product_brand","embeddable":true,"href":"https:\/\/www.kpnsafety.com\/colombia\/wp-json\/wp\/v2\/product_brand?post=11093"},{"taxonomy":"product_cat","embeddable":true,"href":"https:\/\/www.kpnsafety.com\/colombia\/wp-json\/wp\/v2\/product_cat?post=11093"},{"taxonomy":"product_tag","embeddable":true,"href":"https:\/\/www.kpnsafety.com\/colombia\/wp-json\/wp\/v2\/product_tag?post=11093"}],"curies":[{"name":"wp","href":"https:\/\/api.w.org\/{rel}","templated":true}]}}