{"id":11124,"date":"2022-04-04T13:54:43","date_gmt":"2022-04-04T18:54:43","guid":{"rendered":"https:\/\/www.kpnsafety.com\/colombia\/?post_type=product&#038;p=11124"},"modified":"2026-04-01T10:24:39","modified_gmt":"2026-04-01T15:24:39","slug":"kit-de-extincion-de-intervencionkit-de-extincion-rapida-con-bomba-de-membranas","status":"publish","type":"product","link":"https:\/\/www.kpnsafety.com\/colombia\/product\/kit-de-extincion-de-intervencionkit-de-extincion-rapida-con-bomba-de-membranas\/","title":{"rendered":"Kit de extinci\u00f3n de intervenci\u00f3n r\u00e1pida con bomba de membranas"},"content":{"rendered":"<h3><strong>Incluye:<\/strong><\/h3>\n<p>\u2022\u00a0 Devanadera de ataque r\u00e1pido.<\/p>\n<p>\u2022\u00a0 70m. de manguera DN10 de alta presi\u00f3n.<\/p>\n<p>\u2022\u00a0 Dep\u00f3sito de agua. Lanza de agua.<\/p>\n<p>\u2022\u00a0 Mangote de absorci\u00f3n.<\/p>\n<h4><strong>CARACTER\u00cdSTICAS:<\/strong><\/h4>\n<p>\u2022\u00a0 Componentes de alta calidad.<\/p>\n<p>\u2022\u00a0 La mejor relaci\u00f3n calidad \/ precio.<\/p>\n<p>\u2022\u00a0 Gran disponibilidad de recambios.<\/p>\n","protected":false},"excerpt":{"rendered":"<p><strong>Kit de extinci\u00f3n de intervenci\u00f3n r\u00e1pida<\/strong>\u00a0dise\u00f1ados para veh\u00edculos Pickup y remolques, equipados con bombas de membranas de hasta 50 bares y con un caudal m\u00e1ximo de hasta 102 l\/min.<\/p>\n<p><strong>Tiempo de entrega de 45 a 60 d\u00edas si no se cuenta con stock<\/strong><\/p>\n<p>&nbsp;<\/p>\n<p><a href=\"https:\/\/api.whatsapp.com\/send?phone=573147862881\" target=\"_blank\" rel=\"noopener\"><button class=\"boton\">Contactar un asesor<\/button><\/a><\/p>\n<p><a href=\"https:\/\/www.kpnsafety.com\/colombia\/contactanos\/\" target=\"_blank\" rel=\"noopener\"><button class=\"boton\">Solicitar presupuesto<\/button><\/a><\/p>\n","protected":false},"featured_media":16592,"comment_status":"closed","ping_status":"closed","template":"","meta":[],"product_brand":[],"product_cat":[355,131,517,558,171,174],"product_tag":[345,351,346,500,349,519,501],"class_list":{"0":"post-11124","1":"product","2":"type-product","3":"status-publish","4":"has-post-thumbnail","6":"product_cat-bomberos-forestales","7":"product_cat-bomberos-y-emergencias","8":"product_cat-equipos-especializados","9":"product_cat-equipos-para-incendios-forestales","10":"product_cat-herramientas-forestales","11":"product_cat-kits-de-extincion-y-bombas","12":"product_tag-bomberos","13":"product_tag-bomberos-y-emergencias","14":"product_tag-equipos-bomberos-forestales","15":"product_tag-extincion-de-incendios","16":"product_tag-incendios-forestales","17":"product_tag-kit-de-extincion","18":"product_tag-motobomba","20":"first","21":"instock","22":"taxable","23":"shipping-taxable","24":"product-type-simple"},"_links":{"self":[{"href":"https:\/\/www.kpnsafety.com\/colombia\/wp-json\/wp\/v2\/product\/11124","targetHints":{"allow":["GET"]}}],"collection":[{"href":"https:\/\/www.kpnsafety.com\/colombia\/wp-json\/wp\/v2\/product"}],"about":[{"href":"https:\/\/www.kpnsafety.com\/colombia\/wp-json\/wp\/v2\/types\/product"}],"replies":[{"embeddable":true,"href":"https:\/\/www.kpnsafety.com\/colombia\/wp-json\/wp\/v2\/comments?post=11124"}],"wp:featuredmedia":[{"embeddable":true,"href":"https:\/\/www.kpnsafety.com\/colombia\/wp-json\/wp\/v2\/media\/16592"}],"wp:attachment":[{"href":"https:\/\/www.kpnsafety.com\/colombia\/wp-json\/wp\/v2\/media?parent=11124"}],"wp:term":[{"taxonomy":"product_brand","embeddable":true,"href":"https:\/\/www.kpnsafety.com\/colombia\/wp-json\/wp\/v2\/product_brand?post=11124"},{"taxonomy":"product_cat","embeddable":true,"href":"https:\/\/www.kpnsafety.com\/colombia\/wp-json\/wp\/v2\/product_cat?post=11124"},{"taxonomy":"product_tag","embeddable":true,"href":"https:\/\/www.kpnsafety.com\/colombia\/wp-json\/wp\/v2\/product_tag?post=11124"}],"curies":[{"name":"wp","href":"https:\/\/api.w.org\/{rel}","templated":true}]}}