{"id":11327,"date":"2022-05-12T10:28:55","date_gmt":"2022-05-12T15:28:55","guid":{"rendered":"https:\/\/www.kpnsafety.com\/colombia\/?post_type=product&#038;p=11327"},"modified":"2026-02-18T17:15:18","modified_gmt":"2026-02-18T22:15:18","slug":"traje-hazmat-encapsulado-nivel-a","status":"publish","type":"product","link":"https:\/\/www.kpnsafety.com\/colombia\/product\/traje-hazmat-encapsulado-nivel-a\/","title":{"rendered":"TRAJE HAZMAT ENCAPSULADO NIVEL &#8220;A&#8221;"},"content":{"rendered":"","protected":false},"excerpt":{"rendered":"<p>Traje Hazmat Encapsulado Nivel A totalmente encapsulado herm\u00e9tico a gases con la espalda distendida que permite alojamiento de SCBA. Incorpora visor de PVC con recubrimiento de tefl\u00f3n y 2 v\u00e1lvulas de salida de aire protegidas contra salpicaduras. Cierre frontal con doble solapa de protecci\u00f3n y cintur\u00f3n interior ajustable. Incorpora botas tipo calcet\u00edn, con solapas de salvaguarda contra salpicaduras y guantes de butilo f\u00e1cilmente recambiables. Fabricado de ZYTRON pel\u00edcula de COMPOSITE multicapas.<br \/>\nTermo sellada, laminada a ambos lados de un sustrato de polipropileno.<br \/>\nPeso: 288,2 g\/m2<br \/>\nColor: naranja emergencias.<br \/>\nDise\u00f1o: patr\u00f3n especialmente dise\u00f1ado para m\u00e1ximo confort y mejor movimiento de los brazos. Permite extraer manos y brazos de las mangas en el interior del traje. Cierre herm\u00e9tico a gases de 121 cmts. de longitud con doble solapa de protecci\u00f3n que incorporan un sistema de cierre tipo velcro.<br \/>\nCosturas: cosidas y selladas mediante bandas termo selladas tanto en el interior como en el exterior del traje. Nivel de Protecci\u00f3n: Herm\u00e9tico a gases. Se utiliza generalmente cuando existe probabilidades de contacto con productos qu\u00edmicos desconocidos, en presencia de gases o vapores y con sustancias qu\u00edmicas t\u00f3xicas en cantidades importantes.<\/p>\n<p>&nbsp;<\/p>\n<p><strong>Consulte disponibilidad con nuestros asesores especializados<\/strong><\/p>\n<p><a href=\"https:\/\/api.whatsapp.com\/send?phone=573147862881\" target=\"_blank\" rel=\"noopener\"><button class=\"boton\">Contactar un asesor<\/button><\/a><\/p>\n<p><a href=\"https:\/\/www.kpnsafety.com\/colombia\/contactanos\/\" target=\"_blank\" rel=\"noopener\"><button class=\"boton\">Solicitar presupuesto<\/button><\/a><\/p>\n","protected":false},"featured_media":11328,"comment_status":"closed","ping_status":"closed","template":"","meta":[],"product_brand":[],"product_cat":[127,188],"product_tag":[339,343,235,365],"class_list":{"0":"post-11327","1":"product","2":"type-product","3":"status-publish","4":"has-post-thumbnail","6":"product_cat-proteccion-corporal","7":"product_cat-proteccion-quimica-proteccion-corporal","8":"product_tag-proteccion-corporal","9":"product_tag-proteccion-industrial","10":"product_tag-proteccion-quimica","11":"product_tag-traje-hazmat","13":"first","14":"instock","15":"taxable","16":"shipping-taxable","17":"product-type-simple"},"_links":{"self":[{"href":"https:\/\/www.kpnsafety.com\/colombia\/wp-json\/wp\/v2\/product\/11327","targetHints":{"allow":["GET"]}}],"collection":[{"href":"https:\/\/www.kpnsafety.com\/colombia\/wp-json\/wp\/v2\/product"}],"about":[{"href":"https:\/\/www.kpnsafety.com\/colombia\/wp-json\/wp\/v2\/types\/product"}],"replies":[{"embeddable":true,"href":"https:\/\/www.kpnsafety.com\/colombia\/wp-json\/wp\/v2\/comments?post=11327"}],"wp:featuredmedia":[{"embeddable":true,"href":"https:\/\/www.kpnsafety.com\/colombia\/wp-json\/wp\/v2\/media\/11328"}],"wp:attachment":[{"href":"https:\/\/www.kpnsafety.com\/colombia\/wp-json\/wp\/v2\/media?parent=11327"}],"wp:term":[{"taxonomy":"product_brand","embeddable":true,"href":"https:\/\/www.kpnsafety.com\/colombia\/wp-json\/wp\/v2\/product_brand?post=11327"},{"taxonomy":"product_cat","embeddable":true,"href":"https:\/\/www.kpnsafety.com\/colombia\/wp-json\/wp\/v2\/product_cat?post=11327"},{"taxonomy":"product_tag","embeddable":true,"href":"https:\/\/www.kpnsafety.com\/colombia\/wp-json\/wp\/v2\/product_tag?post=11327"}],"curies":[{"name":"wp","href":"https:\/\/api.w.org\/{rel}","templated":true}]}}