{"id":11401,"date":"2022-07-05T08:52:01","date_gmt":"2022-07-05T13:52:01","guid":{"rendered":"https:\/\/www.kpnsafety.com\/colombia\/?post_type=product&#038;p=11401"},"modified":"2026-02-23T17:11:43","modified_gmt":"2026-02-23T22:11:43","slug":"monja-ignifuga-24-cal-cm2","status":"publish","type":"product","link":"https:\/\/www.kpnsafety.com\/colombia\/product\/monja-ignifuga-24-cal-cm2\/","title":{"rendered":"Balaclava Westex Ultrasoft 24 CAL\/cm2"},"content":{"rendered":"<p><strong>CARACTER\u00cdSTICAS:<\/strong><\/p>\n<ul>\n<li>Costura plana para mayor comodidad cuando se usa debajo de un casco<\/li>\n<li>Intr\u00ednsecamente resistente a las llamas, la protecci\u00f3n FR no se lavar\u00e1 ni desgastar\u00e1<\/li>\n<li>Durable y ligero<\/li>\n<li>Dise\u00f1ado para la comodidad y la flexibilidad<\/li>\n<li>La tela FR no se derrite, gotea ni se enciende<\/li>\n<li>UltraSoft\u00ae de una sola capa<\/li>\n<\/ul>\n<h3>Especificaciones<\/h3>\n<ul>\n<li>Cumple con NFPA 70E para Arc Flash<\/li>\n<li>Certificaci\u00f3n UL seg\u00fan NFPA 2112<\/li>\n<li>Cumple con la norma ASTM F1506 para Arc Flash<\/li>\n<li>Cumple con CSA Z462 para Arc Flash (Canad\u00e1)<\/li>\n<li>Cumple con OSHA 1910.269<\/li>\n<\/ul>\n<p><strong>NORMAS<\/strong><\/p>\n<ul>\n<li>Certificada bajo UNE-EN 13911.<\/li>\n<li>Los materiales, dise\u00f1o, y todos sus componentes exceden y cumplen los requisitos de la norma EN 13911 \u00faltima edici\u00f3n<\/li>\n<\/ul>\n","protected":false},"excerpt":{"rendered":"<p>Marca: Nacional<\/p>\n<p>Dise\u00f1ada y confeccionada para el uso en trabajo industrial, el\u00e9ctrica y proveer protecci\u00f3n contra calor por contacto, convectivo y radiante.<\/p>\n<p><strong>Clasificaci\u00f3n ATPV: <\/strong>24 cal\/cm\u00b2<\/p>\n<p><strong>Color:<\/strong> Azul Navy<\/p>\n<h3>Aplicaciones<\/h3>\n<ul>\n<li>FR Ropa<\/li>\n<li>EPI contra arco el\u00e9ctrico<\/li>\n<li>FR Protecci\u00f3n para la cabeza y la cara<\/li>\n<li>Utilidades<\/li>\n<li>Contratistas El\u00e9ctricos<\/li>\n<li>Construcci\u00f3n<\/li>\n<\/ul>\n<p><strong>Tiempo de entrega de 15 d\u00edas si no se cuenta con stock<\/strong><\/p>\n<p><strong>Consulte disponibilidad con nuestros asesores especializados<\/strong><\/p>\n<p><strong>1 A\u00f1o de Garant\u00eda con KPN<\/strong><\/p>\n<p><a href=\"https:\/\/api.whatsapp.com\/send?phone=573147862881\" target=\"_blank\" rel=\"noopener\"><button class=\"boton\">Contactar un asesor<\/button><\/a><\/p>\n<p><a href=\"https:\/\/www.kpnsafety.com\/colombia\/contactanos\/\" target=\"_blank\" rel=\"noopener\"><button class=\"boton\">Solicitar presupuesto<\/button><\/a><\/p>\n","protected":false},"featured_media":9648,"comment_status":"closed","ping_status":"closed","template":"","meta":[],"product_brand":[],"product_cat":[187,319,320,190,123,130,129],"product_tag":[],"class_list":{"0":"post-11401","1":"product","2":"type-product","3":"status-publish","4":"has-post-thumbnail","6":"product_cat-arco-electrico","7":"product_cat-equipos-proteccion-electrica","8":"product_cat-monjas-y-escafandras","9":"product_cat-prendas-ignifugas","10":"product_cat-proteccion-facial","11":"product_cat-seguridad-electrica","12":"product_cat-seguridad-industrial","14":"first","15":"instock","16":"featured","17":"sold-individually","18":"taxable","19":"shipping-taxable","20":"purchasable","21":"product-type-simple"},"_links":{"self":[{"href":"https:\/\/www.kpnsafety.com\/colombia\/wp-json\/wp\/v2\/product\/11401","targetHints":{"allow":["GET"]}}],"collection":[{"href":"https:\/\/www.kpnsafety.com\/colombia\/wp-json\/wp\/v2\/product"}],"about":[{"href":"https:\/\/www.kpnsafety.com\/colombia\/wp-json\/wp\/v2\/types\/product"}],"replies":[{"embeddable":true,"href":"https:\/\/www.kpnsafety.com\/colombia\/wp-json\/wp\/v2\/comments?post=11401"}],"wp:featuredmedia":[{"embeddable":true,"href":"https:\/\/www.kpnsafety.com\/colombia\/wp-json\/wp\/v2\/media\/9648"}],"wp:attachment":[{"href":"https:\/\/www.kpnsafety.com\/colombia\/wp-json\/wp\/v2\/media?parent=11401"}],"wp:term":[{"taxonomy":"product_brand","embeddable":true,"href":"https:\/\/www.kpnsafety.com\/colombia\/wp-json\/wp\/v2\/product_brand?post=11401"},{"taxonomy":"product_cat","embeddable":true,"href":"https:\/\/www.kpnsafety.com\/colombia\/wp-json\/wp\/v2\/product_cat?post=11401"},{"taxonomy":"product_tag","embeddable":true,"href":"https:\/\/www.kpnsafety.com\/colombia\/wp-json\/wp\/v2\/product_tag?post=11401"}],"curies":[{"name":"wp","href":"https:\/\/api.w.org\/{rel}","templated":true}]}}