{"id":12039,"date":"2023-03-23T12:59:21","date_gmt":"2023-03-23T17:59:21","guid":{"rendered":"https:\/\/www.kpnsafety.com\/colombia\/?post_type=product&#038;p=12039"},"modified":"2025-01-14T08:47:56","modified_gmt":"2025-01-14T13:47:56","slug":"linea-de-vida-vertical-16mm-temporal-con-gancho-2","status":"publish","type":"product","link":"https:\/\/www.kpnsafety.com\/colombia\/product\/linea-de-vida-vertical-16mm-temporal-con-gancho-2\/","title":{"rendered":"LINEA DE VIDA VERTICAL 11MM TEMPORAL CON GANCHO 20MTS SOSEGA"},"content":{"rendered":"<div class=\"wpb-content-wrapper\"><p>[vc_row][vc_column][vc_column_text]<strong>Mosquet\u00f3n:<\/strong> Estructurero de doble seguro. Resistencia 25Kn.<br \/>\n<strong>Cuerda:<\/strong> Trenzada de 16 mm, 13 mm, 11 mm<br \/>\n<strong>Hilos:<\/strong> Poliamida.<br \/>\n<strong>Costuras:<\/strong> Computarizadas, permiten mayor precisi\u00f3n en puntadas y mayor resistencia al desgarro.<br \/>\n<strong>Protector Costura:<\/strong> Pl\u00e1stico.<br \/>\n<strong>Largo:<\/strong> 10mts, 20mts, 30mts, 40mts, 50mts, hasta 200mts.&#8221;[\/vc_column_text][\/vc_column][\/vc_row]<\/p>\n<\/div>","protected":false},"excerpt":{"rendered":"<p>Referencia: 167169<\/p>\n<p>Marca: Sosega<\/p>\n<p>La L\u00ednea de Vida de 50 metros con Mosquet\u00f3n Estructurero en Cuerda SOSEGA es un componente de un sistema o equipo de protecci\u00f3n para trabajos en altura, su objetivo es limitar la ca\u00edda de un trabajador y sostenerlo en trabajos verticales.<\/p>\n<p>&nbsp;<\/p>\n<p>&nbsp;<\/p>\n<p><strong>Tiempo de entrega de 15 d\u00edas si no se cuenta con stock<\/strong><\/p>\n<p><strong>Consulte disponibilidad con nuestros asesores especializados<\/strong><\/p>\n<p><a href=\"https:\/\/api.whatsapp.com\/send?phone=573147862881\" target=\"_blank\" rel=\"noopener\"><button class=\"boton\">Contactar un asesor<\/button><\/a><\/p>\n<p><a href=\"https:\/\/www.kpnsafety.com\/colombia\/contactanos\/\" target=\"_blank\" rel=\"noopener\"><button class=\"boton\">Solicitar presupuesto<\/button><\/a><\/p>\n","protected":false},"featured_media":8795,"comment_status":"closed","ping_status":"closed","template":"","meta":[],"product_brand":[],"product_cat":[143,148,129],"product_tag":[201,203,207,153,202],"class_list":{"0":"post-12039","1":"product","2":"type-product","3":"status-publish","4":"has-post-thumbnail","6":"product_cat-alturas-y-rescate","7":"product_cat-cuerdas-y-lineas-de-vida","8":"product_cat-seguridad-industrial","9":"product_tag-linea-de-vida","10":"product_tag-proteccion-caidas","11":"product_tag-seguridad-industrial","12":"product_tag-sosega","13":"product_tag-trabajo-en-alturas","14":"vtmin_rule_category-minimum-purchase-category","16":"first","17":"instock","18":"taxable","19":"shipping-taxable","20":"product-type-simple"},"_links":{"self":[{"href":"https:\/\/www.kpnsafety.com\/colombia\/wp-json\/wp\/v2\/product\/12039","targetHints":{"allow":["GET"]}}],"collection":[{"href":"https:\/\/www.kpnsafety.com\/colombia\/wp-json\/wp\/v2\/product"}],"about":[{"href":"https:\/\/www.kpnsafety.com\/colombia\/wp-json\/wp\/v2\/types\/product"}],"replies":[{"embeddable":true,"href":"https:\/\/www.kpnsafety.com\/colombia\/wp-json\/wp\/v2\/comments?post=12039"}],"wp:featuredmedia":[{"embeddable":true,"href":"https:\/\/www.kpnsafety.com\/colombia\/wp-json\/wp\/v2\/media\/8795"}],"wp:attachment":[{"href":"https:\/\/www.kpnsafety.com\/colombia\/wp-json\/wp\/v2\/media?parent=12039"}],"wp:term":[{"taxonomy":"product_brand","embeddable":true,"href":"https:\/\/www.kpnsafety.com\/colombia\/wp-json\/wp\/v2\/product_brand?post=12039"},{"taxonomy":"product_cat","embeddable":true,"href":"https:\/\/www.kpnsafety.com\/colombia\/wp-json\/wp\/v2\/product_cat?post=12039"},{"taxonomy":"product_tag","embeddable":true,"href":"https:\/\/www.kpnsafety.com\/colombia\/wp-json\/wp\/v2\/product_tag?post=12039"}],"curies":[{"name":"wp","href":"https:\/\/api.w.org\/{rel}","templated":true}]}}