{"id":12104,"date":"2023-05-18T15:57:19","date_gmt":"2023-05-18T20:57:19","guid":{"rendered":"https:\/\/www.kpnsafety.com\/colombia\/?post_type=product&#038;p=12104"},"modified":"2025-01-14T08:46:45","modified_gmt":"2025-01-14T13:46:45","slug":"guante-pvc-alphatec-rugoso-talla-9-l","status":"publish","type":"product","link":"https:\/\/www.kpnsafety.com\/colombia\/product\/guante-pvc-alphatec-rugoso-talla-9-l\/","title":{"rendered":"GUANTE PVC ALPHATEC RUGOSO REF 23-201 TALLA 9\/L"},"content":{"rendered":"","protected":false},"excerpt":{"rendered":"<p id=\"title\" class=\"a-size-large a-spacing-none a-color-secondary\"><span id=\"productTitle\" class=\"a-size-large product-title-word-break\">Guantes de trabajo industriales de PVC con acabado rugoso para alimentos, mec\u00e1nicos, limpieza, aceite y gas, color azul<\/span><\/p>\n<table class=\"a-normal a-spacing-micro\">\n<tbody>\n<tr class=\"a-spacing-small po-material\">\n<td class=\"a-span3\"><span class=\"a-size-base a-text-bold\">Material<\/span><\/td>\n<td class=\"a-span9\"><span class=\"a-size-base po-break-word\">Cloruro de polivinilo<\/span><\/td>\n<\/tr>\n<tr class=\"a-spacing-small po-brand\">\n<td class=\"a-span3\"><span class=\"a-size-base a-text-bold\">Marca<\/span><\/td>\n<td class=\"a-span9\"><span class=\"a-size-base po-break-word\">Ansell<\/span><\/td>\n<\/tr>\n<tr class=\"a-spacing-small po-size\">\n<td class=\"a-span3\"><span class=\"a-size-base a-text-bold\">Talla<\/span><\/td>\n<td class=\"a-span9\"><span class=\"a-size-base po-break-word\">Medium (Pack of 3)<\/span><\/td>\n<\/tr>\n<tr class=\"a-spacing-small po-color\">\n<td class=\"a-span3\"><span class=\"a-size-base a-text-bold\">Color<\/span><\/td>\n<td class=\"a-span9\"><span class=\"a-size-base po-break-word\">Azul<\/span><\/td>\n<\/tr>\n<tr class=\"a-spacing-small po-special_feature\">\n<td class=\"a-span3\"><span class=\"a-size-base a-text-bold\">Caracter\u00edsticas especiales<\/span><\/td>\n<td class=\"a-span9\"><span class=\"a-size-base po-break-word\">Estirable<\/span><\/td>\n<\/tr>\n<\/tbody>\n<\/table>\n<p>&nbsp;<\/p>\n<h2 class=\"a-size-base-plus a-text-bold\">Sobre este art\u00edculo<\/h2>\n<ul class=\"a-unordered-list a-vertical a-spacing-mini\">\n<li class=\"a-spacing-small\"><span class=\"a-list-item\">Cierre de Pull On<\/span><\/li>\n<li class=\"a-spacing-small\"><span class=\"a-list-item\">Limpiar solo las manchas<\/span><\/li>\n<li class=\"a-spacing-small\"><span class=\"a-list-item\">Guantes vers\u00e1tiles de PVC: ideales para varias industrias, incluyendo automoci\u00f3n, procesamiento de alimentos, aceite y gas, productos qu\u00edmicos, conserjer\u00eda y saneamiento<\/span><\/li>\n<li class=\"a-spacing-small\"><span class=\"a-list-item\">Guantes texturizados: los guantes de manga larga cuentan con un acabado rugoso sumergido que hace que el manejo de materiales h\u00famedos y resbaladizos sea m\u00e1s f\u00e1cil y seguro<\/span><\/li>\n<li class=\"a-spacing-small\"><span class=\"a-list-item\">Gran flexibilidad: revestimiento de PVC suave en el guante de longitud del codo mantiene la destreza y la flexibilidad incluso a bajas temperaturas para una comodidad \u00f3ptima.<\/span><\/li>\n<\/ul>\n<p>&nbsp;<\/p>\n<p><a href=\"https:\/\/api.whatsapp.com\/send?phone=573147862881\" target=\"_blank\" rel=\"noopener\"><button class=\"boton\">Contactar un asesor<\/button><\/a><\/p>\n<p><a href=\"https:\/\/www.kpnsafety.com\/colombia\/contactanos\/\" target=\"_blank\" rel=\"noopener\"><button class=\"boton\">Solicitar presupuesto<\/button><\/a><\/p>\n","protected":false},"featured_media":15338,"comment_status":"closed","ping_status":"closed","template":"","meta":[],"product_brand":[],"product_cat":[151,115],"product_tag":[232,496,497,495],"class_list":{"0":"post-12104","1":"product","2":"type-product","3":"status-publish","4":"has-post-thumbnail","6":"product_cat-guantes-industriales","7":"product_cat-proteccion-manual","8":"product_tag-guantes","9":"product_tag-guantes-de-proteccion","10":"product_tag-guantes-de-pvc","11":"product_tag-guantes-industriales","13":"first","14":"instock","15":"taxable","16":"shipping-taxable","17":"purchasable","18":"product-type-simple"},"_links":{"self":[{"href":"https:\/\/www.kpnsafety.com\/colombia\/wp-json\/wp\/v2\/product\/12104","targetHints":{"allow":["GET"]}}],"collection":[{"href":"https:\/\/www.kpnsafety.com\/colombia\/wp-json\/wp\/v2\/product"}],"about":[{"href":"https:\/\/www.kpnsafety.com\/colombia\/wp-json\/wp\/v2\/types\/product"}],"replies":[{"embeddable":true,"href":"https:\/\/www.kpnsafety.com\/colombia\/wp-json\/wp\/v2\/comments?post=12104"}],"wp:featuredmedia":[{"embeddable":true,"href":"https:\/\/www.kpnsafety.com\/colombia\/wp-json\/wp\/v2\/media\/15338"}],"wp:attachment":[{"href":"https:\/\/www.kpnsafety.com\/colombia\/wp-json\/wp\/v2\/media?parent=12104"}],"wp:term":[{"taxonomy":"product_brand","embeddable":true,"href":"https:\/\/www.kpnsafety.com\/colombia\/wp-json\/wp\/v2\/product_brand?post=12104"},{"taxonomy":"product_cat","embeddable":true,"href":"https:\/\/www.kpnsafety.com\/colombia\/wp-json\/wp\/v2\/product_cat?post=12104"},{"taxonomy":"product_tag","embeddable":true,"href":"https:\/\/www.kpnsafety.com\/colombia\/wp-json\/wp\/v2\/product_tag?post=12104"}],"curies":[{"name":"wp","href":"https:\/\/api.w.org\/{rel}","templated":true}]}}