{"id":12107,"date":"2023-05-18T16:21:19","date_gmt":"2023-05-18T21:21:19","guid":{"rendered":"https:\/\/www.kpnsafety.com\/colombia\/?post_type=product&#038;p=12107"},"modified":"2025-01-14T08:37:37","modified_gmt":"2025-01-14T13:37:37","slug":"guante-soldador-ansell-48-216-talla-10","status":"publish","type":"product","link":"https:\/\/www.kpnsafety.com\/colombia\/product\/guante-soldador-ansell-48-216-talla-10\/","title":{"rendered":"GUANTE SOLDADOR   ANSELL 48-216 TALLA 10"},"content":{"rendered":"","protected":false},"excerpt":{"rendered":"<ul>\n<li>EDGE<sup>\u00ae<\/sup>\u00a048-216 es un guante para soldadura intensiva que ofrece protecci\u00f3n EN12477 Tipo A para operaciones de soldadura exigentes y trabajos con calor.<\/li>\n<li>Ideal para soldadura con electrodo y MIG, y para corte con soplete y afilado. Ofrece altos niveles de protecci\u00f3n contra el calor, llamas, chispas y pinchazos.<\/li>\n<li>El guante est\u00e1 fabricado en cuero vacuno duradero de color natural. Se emplea aramida en las costuras para lograr una mayor durabilidad.<\/li>\n<li>El recubrimiento interno de algod\u00f3n proporciona aislamiento t\u00e9rmico y mayor comodidad.<\/li>\n<li>El pu\u00f1o m\u00e1s largo protege tambi\u00e9n el antebrazo.<\/li>\n<\/ul>\n<p>&nbsp;<\/p>\n<p><a href=\"https:\/\/api.whatsapp.com\/send?phone=573147862881\" target=\"_blank\" rel=\"noopener\"><button class=\"boton\">Contactar un asesor<\/button><\/a><\/p>\n<p><a href=\"https:\/\/www.kpnsafety.com\/colombia\/contactanos\/\" target=\"_blank\" rel=\"noopener\"><button class=\"boton\">Solicitar presupuesto<\/button><\/a><\/p>\n","protected":false},"featured_media":12108,"comment_status":"closed","ping_status":"closed","template":"","meta":[],"product_brand":[],"product_cat":[151,115],"product_tag":[504,503],"class_list":{"0":"post-12107","1":"product","2":"type-product","3":"status-publish","4":"has-post-thumbnail","6":"product_cat-guantes-industriales","7":"product_cat-proteccion-manual","8":"product_tag-guante-industrial","9":"product_tag-guante-soldador","11":"first","12":"instock","13":"taxable","14":"shipping-taxable","15":"purchasable","16":"product-type-simple"},"_links":{"self":[{"href":"https:\/\/www.kpnsafety.com\/colombia\/wp-json\/wp\/v2\/product\/12107","targetHints":{"allow":["GET"]}}],"collection":[{"href":"https:\/\/www.kpnsafety.com\/colombia\/wp-json\/wp\/v2\/product"}],"about":[{"href":"https:\/\/www.kpnsafety.com\/colombia\/wp-json\/wp\/v2\/types\/product"}],"replies":[{"embeddable":true,"href":"https:\/\/www.kpnsafety.com\/colombia\/wp-json\/wp\/v2\/comments?post=12107"}],"wp:featuredmedia":[{"embeddable":true,"href":"https:\/\/www.kpnsafety.com\/colombia\/wp-json\/wp\/v2\/media\/12108"}],"wp:attachment":[{"href":"https:\/\/www.kpnsafety.com\/colombia\/wp-json\/wp\/v2\/media?parent=12107"}],"wp:term":[{"taxonomy":"product_brand","embeddable":true,"href":"https:\/\/www.kpnsafety.com\/colombia\/wp-json\/wp\/v2\/product_brand?post=12107"},{"taxonomy":"product_cat","embeddable":true,"href":"https:\/\/www.kpnsafety.com\/colombia\/wp-json\/wp\/v2\/product_cat?post=12107"},{"taxonomy":"product_tag","embeddable":true,"href":"https:\/\/www.kpnsafety.com\/colombia\/wp-json\/wp\/v2\/product_tag?post=12107"}],"curies":[{"name":"wp","href":"https:\/\/api.w.org\/{rel}","templated":true}]}}