{"id":12135,"date":"2023-05-23T10:47:51","date_gmt":"2023-05-23T15:47:51","guid":{"rendered":"https:\/\/www.kpnsafety.com\/colombia\/?post_type=product&#038;p=12135"},"modified":"2025-01-14T08:33:29","modified_gmt":"2025-01-14T13:33:29","slug":"guante-poliester-palma-nitrilo-edge-48-128","status":"publish","type":"product","link":"https:\/\/www.kpnsafety.com\/colombia\/product\/guante-poliester-palma-nitrilo-edge-48-128\/","title":{"rendered":"GUANTE POLIESTER PALMA EN NITRILO EDGE 48-128"},"content":{"rendered":"<div class=\"wpb-content-wrapper\"><p>[vc_row][vc_column][vc_column_text]<\/p>\n<ul>\n<li>Los guantes de trabajo industriales EDGE<sup>\u00ae<\/sup>\u00a048-128 combinan un forro tejido sin costuras con una mu\u00f1eca tejida el\u00e1stica sumergida en un recubrimiento de nitrilo negro.<\/li>\n<li>Esta combinaci\u00f3n proporciona una buena flexibilidad y destreza de dedos en comparaci\u00f3n a los guantes gruesos de algod\u00f3n.<\/li>\n<li>EDGE<sup>\u00ae<\/sup>\u00a048-128 es la opci\u00f3n eficiente para una soluci\u00f3n de guantes ligeros de bajo costo con caracter\u00edsticas de calidad.<\/li>\n<\/ul>\n<h5 class=\"d-none d-xl-block\">APLICACIONES IDEALES<\/h5>\n<ul>\n<li>Montaje de piezas peque\u00f1as<\/li>\n<li>Manipulaci\u00f3n en general<\/li>\n<li>Envasado<\/li>\n<li>Control de calidad<\/li>\n<\/ul>\n<h5 class=\"d-none d-xl-block\">INDUSTRIAS PRIMARIAS<\/h5>\n<ul>\n<li>Automotriz<\/li>\n<li>Maquinaria y Equipo<\/li>\n<\/ul>\n<p>[\/vc_column_text][\/vc_column][\/vc_row]<\/p>\n<\/div>","protected":false},"excerpt":{"rendered":"<p>Mejores alternativas a los guantes tejidos de algod\u00f3n ligeros o de peso medio gracias al recubrimiento de nitrilo que ofrece un mejor agarre, amortiguaci\u00f3n y una mayor resistencia a la abrasi\u00f3n.<\/p>\n<h5>CARACTER\u00cdSTICAS Y VENTAJAS CLAVES<\/h5>\n<ul>\n<li>Buen nivel de resistencia a la abrasi\u00f3n y al aceite<\/li>\n<li>El modelo 48-128 de EDGE<sup>\u00ae<\/sup>\u00a0de color negro\u00a0muestra la contaminaci\u00f3n de la suciedad con menos rapidez<\/li>\n<li>Estructura sin costuras, que garantiza comodidad y fomenta la seguridad y el uso de los guantes<\/li>\n<li>Muy ligero y c\u00f3modo<\/li>\n<li>Alto nivel de destreza y flexibilidad<\/li>\n<\/ul>\n<p><a href=\"https:\/\/api.whatsapp.com\/send?phone=573147862881\" target=\"_blank\" rel=\"noopener\"><button class=\"boton\">Contactar un asesor<\/button><\/a><\/p>\n<p><a href=\"https:\/\/www.kpnsafety.com\/colombia\/contactanos\/\" target=\"_blank\" rel=\"noopener\"><button class=\"boton\">Solicitar presupuesto<\/button><\/a><\/p>\n","protected":false},"featured_media":12139,"comment_status":"closed","ping_status":"closed","template":"","meta":[],"product_brand":[],"product_cat":[117,151,115],"product_tag":[506,504,503,232,207],"class_list":{"0":"post-12135","1":"product","2":"type-product","3":"status-publish","4":"has-post-thumbnail","6":"product_cat-guantes-anti-corte","7":"product_cat-guantes-industriales","8":"product_cat-proteccion-manual","9":"product_tag-abrasion","10":"product_tag-guante-industrial","11":"product_tag-guante-soldador","12":"product_tag-guantes","13":"product_tag-seguridad-industrial","15":"first","16":"instock","17":"taxable","18":"shipping-taxable","19":"purchasable","20":"product-type-variable"},"_links":{"self":[{"href":"https:\/\/www.kpnsafety.com\/colombia\/wp-json\/wp\/v2\/product\/12135","targetHints":{"allow":["GET"]}}],"collection":[{"href":"https:\/\/www.kpnsafety.com\/colombia\/wp-json\/wp\/v2\/product"}],"about":[{"href":"https:\/\/www.kpnsafety.com\/colombia\/wp-json\/wp\/v2\/types\/product"}],"replies":[{"embeddable":true,"href":"https:\/\/www.kpnsafety.com\/colombia\/wp-json\/wp\/v2\/comments?post=12135"}],"wp:featuredmedia":[{"embeddable":true,"href":"https:\/\/www.kpnsafety.com\/colombia\/wp-json\/wp\/v2\/media\/12139"}],"wp:attachment":[{"href":"https:\/\/www.kpnsafety.com\/colombia\/wp-json\/wp\/v2\/media?parent=12135"}],"wp:term":[{"taxonomy":"product_brand","embeddable":true,"href":"https:\/\/www.kpnsafety.com\/colombia\/wp-json\/wp\/v2\/product_brand?post=12135"},{"taxonomy":"product_cat","embeddable":true,"href":"https:\/\/www.kpnsafety.com\/colombia\/wp-json\/wp\/v2\/product_cat?post=12135"},{"taxonomy":"product_tag","embeddable":true,"href":"https:\/\/www.kpnsafety.com\/colombia\/wp-json\/wp\/v2\/product_tag?post=12135"}],"curies":[{"name":"wp","href":"https:\/\/api.w.org\/{rel}","templated":true}]}}