{"id":12159,"date":"2023-05-24T10:19:15","date_gmt":"2023-05-24T15:19:15","guid":{"rendered":"https:\/\/www.kpnsafety.com\/colombia\/?post_type=product&#038;p=12159"},"modified":"2026-03-27T12:10:34","modified_gmt":"2026-03-27T17:10:34","slug":"guante-hyflex-11-840","status":"publish","type":"product","link":"https:\/\/www.kpnsafety.com\/colombia\/product\/guante-hyflex-11-840\/","title":{"rendered":"GUANTE HYFLEX\u00ae 11-840"},"content":{"rendered":"<div class=\"wpb-content-wrapper\"><p>[vc_row][vc_column][vc_column_text]<\/p>\n<ul>\n<li>Estos guantes industriales ofrecen la Tecnolog\u00eda FORTIX\u2122 Abrasion Resistance para durabilidad prolongada.<\/li>\n<li>Guantes de trabajo con revestimiento de nitrilo ideales, con hasta 2 veces el agarre para un manejo seguro.<\/li>\n<li>Mejor capacidad de transpiraci\u00f3n para mayor comodidad que la versi\u00f3n anterior.<\/li>\n<\/ul>\n<div class=\"ans-accordion-item\">\n<div class=\"ans-accordion-body d-xl-block\">\n<div class=\"ans-accordion-body-content\">\n<h5 class=\"d-none d-xl-block\">APLICACIONES IDEALES<\/h5>\n<ul>\n<li>Montaje de piezas peque\u00f1as<\/li>\n<li>Manipulaci\u00f3n en general<\/li>\n<li>Manipulaci\u00f3n de materias primas<\/li>\n<li>Recolecci\u00f3n y fijaci\u00f3n de componentes y piezas<\/li>\n<li>Ajuste de sistemas y atornillado<\/li>\n<\/ul>\n<\/div>\n<\/div>\n<\/div>\n<div class=\"ans-accordion-item\">\n<div class=\"ans-accordion-body d-xl-block\">\n<div class=\"ans-accordion-body-content\">\n<h5 class=\"d-none d-xl-block\">INDUSTRIAS PRIMARIAS<\/h5>\n<ul>\n<li>Aeroespacial<\/li>\n<li>Automotriz<\/li>\n<li>Maquinaria y Equipo<\/li>\n<li>Fabricaci\u00f3n de Metal<\/li>\n<li>Mercado Postventa Automotriz<\/li>\n<li>Servicios M\u00e9dicos de Emergencia<\/li>\n<li>Procesamiento de alimentos<\/li>\n<li>Petr\u00f3leo y gas<\/li>\n<li>Servicios<\/li>\n<li>Almacenamiento<\/li>\n<\/ul>\n<\/div>\n<\/div>\n<\/div>\n<p>[\/vc_column_text][\/vc_column][\/vc_row]<\/p>\n<\/div>","protected":false},"excerpt":{"rendered":"<p>El guante HYFLEX 11-840 provee extrema durabilidad para uso prolongado en aplicaciones abrasivas, ahora con mayor protecci\u00f3n abrasiva en un 20%.<\/p>\n<h5>CARACTER\u00cdSTICAS Y VENTAJAS CLAVES<\/h5>\n<ul>\n<li>El recubrimiento de espuma de nitrilo es un 20% m\u00e1s transpirable que formulaciones anteriores: manos m\u00e1s frescas y m\u00e1s secas, que reducen el sudor.<\/li>\n<li>Con un ajuste perfecto, como una segunda piel, se adapta a la palma de la mano y proporciona m\u00e1s comodidad y sensibilidad t\u00e1ctil, mejorando la destreza al alternar entre tareas.<\/li>\n<li>Ajuste ergon\u00f3mico con un tejido optimizado en la base del dedo me\u00f1ique, en las puntas de los dedos y en toda la palma que sigue el contorno natural de la mano.<\/li>\n<li>Sin silicona. No se traspasan contaminantes de silicona a las piezas met\u00e1licas antes del proceso de pintura.<\/li>\n<li>Disponible tambi\u00e9n en paquetes de distribuci\u00f3n autom\u00e1tica.<\/li>\n<\/ul>\n<p>&nbsp;<\/p>\n<p><a href=\"https:\/\/api.whatsapp.com\/send?phone=573147862881\" target=\"_blank\" rel=\"noopener\"><button class=\"boton\">Contactar un asesor<\/button><\/a><\/p>\n<p><a href=\"https:\/\/www.kpnsafety.com\/colombia\/contactanos\/\" target=\"_blank\" rel=\"noopener\"><button class=\"boton\">Solicitar presupuesto<\/button><\/a><\/p>\n","protected":false},"featured_media":12162,"comment_status":"closed","ping_status":"closed","template":"","meta":[],"product_brand":[],"product_cat":[117,151,115],"product_tag":[506,504,503,232,207],"class_list":{"0":"post-12159","1":"product","2":"type-product","3":"status-publish","4":"has-post-thumbnail","6":"product_cat-guantes-anti-corte","7":"product_cat-guantes-industriales","8":"product_cat-proteccion-manual","9":"product_tag-abrasion","10":"product_tag-guante-industrial","11":"product_tag-guante-soldador","12":"product_tag-guantes","13":"product_tag-seguridad-industrial","15":"first","16":"instock","17":"taxable","18":"shipping-taxable","19":"purchasable","20":"product-type-variable"},"_links":{"self":[{"href":"https:\/\/www.kpnsafety.com\/colombia\/wp-json\/wp\/v2\/product\/12159","targetHints":{"allow":["GET"]}}],"collection":[{"href":"https:\/\/www.kpnsafety.com\/colombia\/wp-json\/wp\/v2\/product"}],"about":[{"href":"https:\/\/www.kpnsafety.com\/colombia\/wp-json\/wp\/v2\/types\/product"}],"replies":[{"embeddable":true,"href":"https:\/\/www.kpnsafety.com\/colombia\/wp-json\/wp\/v2\/comments?post=12159"}],"wp:featuredmedia":[{"embeddable":true,"href":"https:\/\/www.kpnsafety.com\/colombia\/wp-json\/wp\/v2\/media\/12162"}],"wp:attachment":[{"href":"https:\/\/www.kpnsafety.com\/colombia\/wp-json\/wp\/v2\/media?parent=12159"}],"wp:term":[{"taxonomy":"product_brand","embeddable":true,"href":"https:\/\/www.kpnsafety.com\/colombia\/wp-json\/wp\/v2\/product_brand?post=12159"},{"taxonomy":"product_cat","embeddable":true,"href":"https:\/\/www.kpnsafety.com\/colombia\/wp-json\/wp\/v2\/product_cat?post=12159"},{"taxonomy":"product_tag","embeddable":true,"href":"https:\/\/www.kpnsafety.com\/colombia\/wp-json\/wp\/v2\/product_tag?post=12159"}],"curies":[{"name":"wp","href":"https:\/\/api.w.org\/{rel}","templated":true}]}}