{"id":12166,"date":"2023-05-24T10:49:35","date_gmt":"2023-05-24T15:49:35","guid":{"rendered":"https:\/\/www.kpnsafety.com\/colombia\/?post_type=product&#038;p=12166"},"modified":"2025-01-13T17:04:41","modified_gmt":"2025-01-13T22:04:41","slug":"guante-alphatec-solvex-37-175","status":"publish","type":"product","link":"https:\/\/www.kpnsafety.com\/colombia\/product\/guante-alphatec-solvex-37-175\/","title":{"rendered":"GUANTE ALPHATEC\u00ae SOLVEX\u00ae 37-175"},"content":{"rendered":"<div class=\"wpb-content-wrapper\"><p>[vc_row][vc_column][vc_column_text]<\/p>\n<div class=\"ans-accordion-item\">\n<div class=\"ans-accordion-body d-xl-block\">\n<div class=\"ans-accordion-body-content\">\n<ul>\n<li><strong>Mayor comodidad:<\/strong> El flocado de algod\u00f3n de los guantes de seguridad AlphaTec<sup>\u00ae<\/sup>\u00a0Solvex<sup>\u00ae<\/sup>\u00a037-175 absorbe el sudor y aumenta la comodidad.<\/li>\n<li><strong>Mayor destreza:<\/strong> Su grosor de 15 mil\/0,46 mm garantiza altos niveles de destreza.<\/li>\n<li><strong>Protecci\u00f3n especializada:<\/strong> Una composici\u00f3n de compuesto de nitrilo de alto rendimiento garantiza una resistencia qu\u00edmica de tipo A seg\u00fan la norma EN 374.<\/li>\n<li><strong>Mayor durabilidad:<\/strong> La misma composici\u00f3n de nitrilo hace que estos guantes AlphaTec<sup>\u00ae<\/sup>\u00a0sean m\u00e1s duraderos que las alternativas de goma o neopreno del mismo grosor, con una resistencia a la abrasi\u00f3n de nivel 4 seg\u00fan la norma EN y ANSI.<\/li>\n<li><strong>Aut\u00e9ntica versatilidad:<\/strong> Los guantes EPI AlphaTec<sup>\u00ae<\/sup>\u00a0Solvex<sup>\u00ae<\/sup>\u00a037-175 pueden utilizarse tanto en seco como en mojado, cumpliendo con la normativa de manipulaci\u00f3n de alimentos FDA 21 CFR 177.2600<\/li>\n<\/ul>\n<\/div>\n<\/div>\n<\/div>\n<div class=\"ans-accordion-item\">\n<div class=\"ans-accordion-body d-xl-block\">\n<div class=\"ans-accordion-body-content\">\n<h5 class=\"d-none d-xl-block\">APLICACIONES IDEALES<\/h5>\n<ul>\n<li>Manejo de piezas de metal en bruto<\/li>\n<li>Mantenimiento &amp; reparaci\u00f3n de equipos<\/li>\n<li>Pintura o limpieza de herramientas o robots<\/li>\n<li>Cambio de herramientas y moldes<\/li>\n<li>Manipulaci\u00f3n de mercanc\u00edas<\/li>\n<li>Llenado, mezcla y carga de materias primas<\/li>\n<li>Apertura y drenaje de bombas, v\u00e1lvulas o tuber\u00edas<\/li>\n<li>Carga y descarga de equipo de procesado<\/li>\n<li>Transferencia de l\u00edquidos y s\u00f3lidos entre buques, tanques y equipos de procesado<\/li>\n<li>Supervisi\u00f3n de operaciones en marcha<\/li>\n<li>Manipulaci\u00f3n de mercanc\u00edas de salida: contenedores, recipientes, paquetes a granel y cajas de embalaje<\/li>\n<li>Realizaci\u00f3n de pruebas<\/li>\n<li>Apertura de hornos, drenaje de bombas, v\u00e1lvulas o tuber\u00edas y proceso de craqueadores de BTX<\/li>\n<\/ul>\n<\/div>\n<\/div>\n<\/div>\n<div class=\"ans-accordion-item\">\n<div class=\"ans-accordion-body d-xl-block\">\n<div class=\"ans-accordion-body-content\">\n<h5 class=\"d-none d-xl-block\">INDUSTRIAS PRIMARIAS<\/h5>\n<ul>\n<li>Automotriz<\/li>\n<li>Maquinaria y Equipo<\/li>\n<li>Qu\u00edmico<\/li>\n<li>Agricultura<\/li>\n<li>Mercado Postventa Automotriz<\/li>\n<li>Procesamiento de alimentos<\/li>\n<li>Petr\u00f3leo y gas<\/li>\n<li>Servicios<\/li>\n<li>Almacenamiento<\/li>\n<\/ul>\n<\/div>\n<\/div>\n<\/div>\n<p>[\/vc_column_text][\/vc_column][\/vc_row]<\/p>\n<\/div>","protected":false},"excerpt":{"rendered":"<div class=\"intro\">\n<p class=\"sub-header\" data-webid=\"old-product-name\">Denominado anteriormente Solvex<sup>\u00ae<\/sup> 37-175. El guante ALPHATEC 37-175 es Vers\u00e1til protecci\u00f3n qu\u00edmica de 15 mil, para una extensa gama de aplicaciones<\/p>\n<\/div>\n<div class=\"details\">\n<h5>CARACTER\u00cdSTICAS Y VENTAJAS CLAVES<\/h5>\n<ul>\n<li>Flocado de algod\u00f3n, que reduce el sudor.<\/li>\n<li>El acabado tipo arena aporta al guante una superficie suave que incide en la reducci\u00f3n de costos indirectos gracias a un menor rechazo de piezas fr\u00e1giles.<\/li>\n<li>Totalmente reutilizable, con una inigualable resistencia a la abrasi\u00f3n.<\/li>\n<li>Ofrece una magn\u00edfica comodidad al usuario.<\/li>\n<li>Cumple con los requisitos de manipulaci\u00f3n de alimentos de la FDA (21 CFR 177.2600).<\/li>\n<\/ul>\n<p>&nbsp;<\/p>\n<p><a href=\"https:\/\/api.whatsapp.com\/send?phone=573147862881\" target=\"_blank\" rel=\"noopener\"><button class=\"boton\">Contactar un asesor<\/button><\/a><\/p>\n<p><a href=\"https:\/\/www.kpnsafety.com\/colombia\/contactanos\/\" target=\"_blank\" rel=\"noopener\"><button class=\"boton\">Solicitar presupuesto<\/button><\/a><\/p>\n<\/div>\n","protected":false},"featured_media":12169,"comment_status":"closed","ping_status":"closed","template":"","meta":[],"product_brand":[],"product_cat":[151,115,120],"product_tag":[232,235,507],"class_list":{"0":"post-12166","1":"product","2":"type-product","3":"status-publish","4":"has-post-thumbnail","6":"product_cat-guantes-industriales","7":"product_cat-proteccion-manual","8":"product_cat-proteccion-quimica","9":"product_tag-guantes","10":"product_tag-proteccion-quimica","11":"product_tag-quimicos","13":"first","14":"instock","15":"taxable","16":"shipping-taxable","17":"purchasable","18":"product-type-variable"},"_links":{"self":[{"href":"https:\/\/www.kpnsafety.com\/colombia\/wp-json\/wp\/v2\/product\/12166","targetHints":{"allow":["GET"]}}],"collection":[{"href":"https:\/\/www.kpnsafety.com\/colombia\/wp-json\/wp\/v2\/product"}],"about":[{"href":"https:\/\/www.kpnsafety.com\/colombia\/wp-json\/wp\/v2\/types\/product"}],"replies":[{"embeddable":true,"href":"https:\/\/www.kpnsafety.com\/colombia\/wp-json\/wp\/v2\/comments?post=12166"}],"wp:featuredmedia":[{"embeddable":true,"href":"https:\/\/www.kpnsafety.com\/colombia\/wp-json\/wp\/v2\/media\/12169"}],"wp:attachment":[{"href":"https:\/\/www.kpnsafety.com\/colombia\/wp-json\/wp\/v2\/media?parent=12166"}],"wp:term":[{"taxonomy":"product_brand","embeddable":true,"href":"https:\/\/www.kpnsafety.com\/colombia\/wp-json\/wp\/v2\/product_brand?post=12166"},{"taxonomy":"product_cat","embeddable":true,"href":"https:\/\/www.kpnsafety.com\/colombia\/wp-json\/wp\/v2\/product_cat?post=12166"},{"taxonomy":"product_tag","embeddable":true,"href":"https:\/\/www.kpnsafety.com\/colombia\/wp-json\/wp\/v2\/product_tag?post=12166"}],"curies":[{"name":"wp","href":"https:\/\/api.w.org\/{rel}","templated":true}]}}