{"id":12208,"date":"2023-05-25T09:25:24","date_gmt":"2023-05-25T14:25:24","guid":{"rendered":"https:\/\/www.kpnsafety.com\/colombia\/?post_type=product&#038;p=12208"},"modified":"2025-01-13T16:56:49","modified_gmt":"2025-01-13T21:56:49","slug":"guante-activ-grip-588-talla","status":"publish","type":"product","link":"https:\/\/www.kpnsafety.com\/colombia\/product\/guante-activ-grip-588-talla\/","title":{"rendered":"GUANTE ACTIV GRIP-588 TALLA\/M"},"content":{"rendered":"<div class=\"wpb-content-wrapper\"><p>[vc_row][vc_column][vc_column_text css=&#8221;&#8221;]<\/p>\n<div class=\"pdSubTitle03\"><strong>Resistente al aceite<\/strong><\/div>\n<p>A diferencia de guantes similares disponibles en el mercado, el guante Activ Grip 588 ofrece una protecci\u00f3n m\u00e1s prometedora contra la penetraci\u00f3n de aceite. La superficie con doble recubrimiento mantiene las manos limpias para el manejo de materiales aceitosos.<\/p>\n<div class=\"pdSubTitle03\"><strong>Rendimiento de agarre<\/strong><\/div>\n<p>Con la tecnolog\u00eda MicroFinish\u00ae, un revestimiento de nitrilo suave pero duradero promete su rendimiento en condiciones secas, h\u00famedas y aceitosas.<\/p>\n<div class=\"pdSubTitle03\"><strong>Comodidad<\/strong><\/div>\n<p>Un forro sin costuras de calibre 15 y un dise\u00f1o ergon\u00f3mico aseguran la m\u00e1xima comodidad y la m\u00ednima fatiga de la mano.[\/vc_column_text][\/vc_column][\/vc_row]<\/p>\n<\/div>","protected":false},"excerpt":{"rendered":"<p>El Guante Activ Grip 588 est\u00e1 dise\u00f1ado espec\u00edficamente para el entorno de trabajo donde se requiere protecci\u00f3n de manos de 360\u00b0 contra riesgos mec\u00e1nicos. Un revestimiento sin costuras de calibre 15 ofrece una excelente flexibilidad y destreza, lo que aumenta la productividad. Una tecnolog\u00eda de recubrimiento de nitrilo suave pero duradera &#8220;MicroFinish\u00ae&#8221; se adhiere a pr\u00e1cticamente cualquier superficie seca o resbaladiza.<\/p>\n<p>&nbsp;<\/p>\n<p><a href=\"https:\/\/api.whatsapp.com\/send?phone=573147862881\" target=\"_blank\" rel=\"noopener\"><button class=\"boton\">Contactar un asesor<\/button><\/a><\/p>\n<p><a href=\"https:\/\/www.kpnsafety.com\/colombia\/contactanos\/\" target=\"_blank\" rel=\"noopener\"><button class=\"boton\">Solicitar presupuesto<\/button><\/a><\/p>\n","protected":false},"featured_media":12209,"comment_status":"closed","ping_status":"closed","template":"","meta":[],"product_brand":[],"product_cat":[151,115],"product_tag":[504,232,508,207],"class_list":{"0":"post-12208","1":"product","2":"type-product","3":"status-publish","4":"has-post-thumbnail","6":"product_cat-guantes-industriales","7":"product_cat-proteccion-manual","8":"product_tag-guante-industrial","9":"product_tag-guantes","10":"product_tag-riesgo-mecanico","11":"product_tag-seguridad-industrial","13":"first","14":"instock","15":"taxable","16":"shipping-taxable","17":"purchasable","18":"product-type-simple"},"_links":{"self":[{"href":"https:\/\/www.kpnsafety.com\/colombia\/wp-json\/wp\/v2\/product\/12208","targetHints":{"allow":["GET"]}}],"collection":[{"href":"https:\/\/www.kpnsafety.com\/colombia\/wp-json\/wp\/v2\/product"}],"about":[{"href":"https:\/\/www.kpnsafety.com\/colombia\/wp-json\/wp\/v2\/types\/product"}],"replies":[{"embeddable":true,"href":"https:\/\/www.kpnsafety.com\/colombia\/wp-json\/wp\/v2\/comments?post=12208"}],"wp:featuredmedia":[{"embeddable":true,"href":"https:\/\/www.kpnsafety.com\/colombia\/wp-json\/wp\/v2\/media\/12209"}],"wp:attachment":[{"href":"https:\/\/www.kpnsafety.com\/colombia\/wp-json\/wp\/v2\/media?parent=12208"}],"wp:term":[{"taxonomy":"product_brand","embeddable":true,"href":"https:\/\/www.kpnsafety.com\/colombia\/wp-json\/wp\/v2\/product_brand?post=12208"},{"taxonomy":"product_cat","embeddable":true,"href":"https:\/\/www.kpnsafety.com\/colombia\/wp-json\/wp\/v2\/product_cat?post=12208"},{"taxonomy":"product_tag","embeddable":true,"href":"https:\/\/www.kpnsafety.com\/colombia\/wp-json\/wp\/v2\/product_tag?post=12208"}],"curies":[{"name":"wp","href":"https:\/\/api.w.org\/{rel}","templated":true}]}}