{"id":12214,"date":"2023-05-31T11:45:09","date_gmt":"2023-05-31T16:45:09","guid":{"rendered":"https:\/\/www.kpnsafety.com\/colombia\/?post_type=product&#038;p=12214"},"modified":"2025-01-13T16:53:23","modified_gmt":"2025-01-13T21:53:23","slug":"guante-edge-48-701","status":"publish","type":"product","link":"https:\/\/www.kpnsafety.com\/colombia\/product\/guante-edge-48-701\/","title":{"rendered":"GUANTE EDGE\u00ae 48-701 Talla XL"},"content":{"rendered":"<div class=\"wpb-content-wrapper\"><p>[vc_row][vc_column][vc_column_text]<\/p>\n<ul>\n<li>El forro sin costuras y la mu\u00f1eca de punto ofrecen un ajuste perfecto en aplicaciones resistentes a cortes.<\/li>\n<li>Los guantes EDGE<sup>\u00ae<\/sup>\u00a048-701 ofrecen dos niveles de rendimiento de corte (dependiendo de la aplicaci\u00f3n), un alto nivel de resistencia a la abrasi\u00f3n y una buena sensibilidad y ajuste.<\/li>\n<li>El recubrimiento de PU de palma proporciona protecci\u00f3n en ambientes ligeramente aceitosos.<\/li>\n<li>Alternativa rentable en comparaci\u00f3n con los guantes de cuero de peso medio, algod\u00f3n grueso o aramida.<\/li>\n<\/ul>\n<h5 class=\"d-none d-xl-block\">APLICACIONES IDEALES<\/h5>\n<ul>\n<li>Aeron\u00e1utica<\/li>\n<li>L\u00ednea de montaje<\/li>\n<li>Montaje de piezas y componentes met\u00e1licos<\/li>\n<li>Manipulaci\u00f3n de piezas met\u00e1licas afiladas o irregulares<\/li>\n<li>Moldeo<\/li>\n<li>Inyecciones de pl\u00e1sticos<\/li>\n<\/ul>\n<h5 class=\"d-none d-xl-block\">INDUSTRIAS PRIMARIAS<\/h5>\n<ul>\n<li>Automotriz<\/li>\n<li>Maquinaria y Equipo<\/li>\n<li>Fabricaci\u00f3n de Metal<\/li>\n<\/ul>\n<p>[\/vc_column_text][\/vc_column][\/vc_row]<\/p>\n<\/div>","protected":false},"excerpt":{"rendered":"<p>GUANTE EDGE\u00ae 48-701 Soluci\u00f3n econ\u00f3mica para aplicaciones de intensidad media donde se requiere resistencia a la abrasi\u00f3n y a los cortes en un entorno seco.<\/p>\n<h5>CARACTER\u00cdSTICAS Y VENTAJAS CLAVES<\/h5>\n<ul>\n<li>Buena flexibilidad y destreza.<\/li>\n<li>Alto nivel de protecci\u00f3n contra el corte y la abrasi\u00f3n.<\/li>\n<li>Buen agarre en entornos secos.<\/li>\n<li>El recubrimiento de la palma ofrece una \u00f3ptima protecci\u00f3n contra grasas y aceites comparado con un guante tejido o cortado y cosido.<\/li>\n<\/ul>\n<p>&nbsp;<\/p>\n<p><a href=\"https:\/\/api.whatsapp.com\/send?phone=573147862881\" target=\"_blank\" rel=\"noopener\"><button class=\"boton\">Contactar un asesor<\/button><\/a><\/p>\n<p><a href=\"https:\/\/www.kpnsafety.com\/colombia\/contactanos\/\" target=\"_blank\" rel=\"noopener\"><button class=\"boton\">Solicitar presupuesto<\/button><\/a><\/p>\n","protected":false},"featured_media":12216,"comment_status":"closed","ping_status":"closed","template":"","meta":[],"product_brand":[],"product_cat":[117,151,115],"product_tag":[506,504,503,232,207],"class_list":{"0":"post-12214","1":"product","2":"type-product","3":"status-publish","4":"has-post-thumbnail","6":"product_cat-guantes-anti-corte","7":"product_cat-guantes-industriales","8":"product_cat-proteccion-manual","9":"product_tag-abrasion","10":"product_tag-guante-industrial","11":"product_tag-guante-soldador","12":"product_tag-guantes","13":"product_tag-seguridad-industrial","15":"first","16":"instock","17":"taxable","18":"shipping-taxable","19":"purchasable","20":"product-type-variable"},"_links":{"self":[{"href":"https:\/\/www.kpnsafety.com\/colombia\/wp-json\/wp\/v2\/product\/12214","targetHints":{"allow":["GET"]}}],"collection":[{"href":"https:\/\/www.kpnsafety.com\/colombia\/wp-json\/wp\/v2\/product"}],"about":[{"href":"https:\/\/www.kpnsafety.com\/colombia\/wp-json\/wp\/v2\/types\/product"}],"replies":[{"embeddable":true,"href":"https:\/\/www.kpnsafety.com\/colombia\/wp-json\/wp\/v2\/comments?post=12214"}],"wp:featuredmedia":[{"embeddable":true,"href":"https:\/\/www.kpnsafety.com\/colombia\/wp-json\/wp\/v2\/media\/12216"}],"wp:attachment":[{"href":"https:\/\/www.kpnsafety.com\/colombia\/wp-json\/wp\/v2\/media?parent=12214"}],"wp:term":[{"taxonomy":"product_brand","embeddable":true,"href":"https:\/\/www.kpnsafety.com\/colombia\/wp-json\/wp\/v2\/product_brand?post=12214"},{"taxonomy":"product_cat","embeddable":true,"href":"https:\/\/www.kpnsafety.com\/colombia\/wp-json\/wp\/v2\/product_cat?post=12214"},{"taxonomy":"product_tag","embeddable":true,"href":"https:\/\/www.kpnsafety.com\/colombia\/wp-json\/wp\/v2\/product_tag?post=12214"}],"curies":[{"name":"wp","href":"https:\/\/api.w.org\/{rel}","templated":true}]}}