{"id":12220,"date":"2023-05-31T11:55:56","date_gmt":"2023-05-31T16:55:56","guid":{"rendered":"https:\/\/www.kpnsafety.com\/colombia\/?post_type=product&#038;p=12220"},"modified":"2025-01-13T16:52:33","modified_gmt":"2025-01-13T21:52:33","slug":"guante-poliuretano-corte-4-refvecut34g3","status":"publish","type":"product","link":"https:\/\/www.kpnsafety.com\/colombia\/product\/guante-poliuretano-corte-4-refvecut34g3\/","title":{"rendered":"&#8220;ULTIMAS UNIDADES&#8221; GUANTE POLIURETANO CORTE 4 REF:VECUT34G3"},"content":{"rendered":"<div class=\"wpb-content-wrapper\"><p>[vc_row][vc_column][vc_column_text]<\/p>\n<ul>\n<li>Fibra de alto rendimiento ECONOCUT.\u00a0Recubrimiento de poliuretano en palma y puntas de los dedos.\u00a0Escala 13. Bolsa de 3 pares.<\/li>\n<li>Soporte: fibra ECONOCUT.<\/li>\n<li>Recubrimiento: Poliuretano<\/li>\n<\/ul>\n<p>[\/vc_column_text][\/vc_column][\/vc_row]<\/p>\n<\/div>","protected":false},"excerpt":{"rendered":"<p><b>EL guante poliuretano de corte Delta Plus Venicut VECUT34G3 <\/b>ofrecen protecci\u00f3n general contra riesgos mec\u00e1nicos EN 388 y utilizan el sistema de fibra ECOnocut que no da\u00f1a la piel para garantizar una comodidad duradera.<\/p>\n<ul>\n<li>Guantes de seguridad para el trabajo dise\u00f1ados para proteger y mejorar la comodidad.<\/li>\n<li>Guantes de seguridad ideales para profesionales de la manipulaci\u00f3n, el embalaje y la preparaci\u00f3n de pedidos.<\/li>\n<li>Confeccionado con tejido DELTAnocut patentado para mayor comodidad.<\/li>\n<\/ul>\n<p>&nbsp;<\/p>\n<p><a href=\"https:\/\/api.whatsapp.com\/send?phone=573147862881\" target=\"_blank\" rel=\"noopener\"><button class=\"boton\">Contactar un asesor<\/button><\/a><\/p>\n<p><a href=\"https:\/\/www.kpnsafety.com\/colombia\/contactanos\/\" target=\"_blank\" rel=\"noopener\"><button class=\"boton\">Solicitar presupuesto<\/button><\/a><\/p>\n","protected":false},"featured_media":12222,"comment_status":"closed","ping_status":"closed","template":"","meta":[],"product_brand":[],"product_cat":[117,151,115],"product_tag":[506,504,503,232,207],"class_list":{"0":"post-12220","1":"product","2":"type-product","3":"status-publish","4":"has-post-thumbnail","6":"product_cat-guantes-anti-corte","7":"product_cat-guantes-industriales","8":"product_cat-proteccion-manual","9":"product_tag-abrasion","10":"product_tag-guante-industrial","11":"product_tag-guante-soldador","12":"product_tag-guantes","13":"product_tag-seguridad-industrial","15":"first","16":"instock","17":"taxable","18":"shipping-taxable","19":"purchasable","20":"product-type-simple"},"_links":{"self":[{"href":"https:\/\/www.kpnsafety.com\/colombia\/wp-json\/wp\/v2\/product\/12220","targetHints":{"allow":["GET"]}}],"collection":[{"href":"https:\/\/www.kpnsafety.com\/colombia\/wp-json\/wp\/v2\/product"}],"about":[{"href":"https:\/\/www.kpnsafety.com\/colombia\/wp-json\/wp\/v2\/types\/product"}],"replies":[{"embeddable":true,"href":"https:\/\/www.kpnsafety.com\/colombia\/wp-json\/wp\/v2\/comments?post=12220"}],"wp:featuredmedia":[{"embeddable":true,"href":"https:\/\/www.kpnsafety.com\/colombia\/wp-json\/wp\/v2\/media\/12222"}],"wp:attachment":[{"href":"https:\/\/www.kpnsafety.com\/colombia\/wp-json\/wp\/v2\/media?parent=12220"}],"wp:term":[{"taxonomy":"product_brand","embeddable":true,"href":"https:\/\/www.kpnsafety.com\/colombia\/wp-json\/wp\/v2\/product_brand?post=12220"},{"taxonomy":"product_cat","embeddable":true,"href":"https:\/\/www.kpnsafety.com\/colombia\/wp-json\/wp\/v2\/product_cat?post=12220"},{"taxonomy":"product_tag","embeddable":true,"href":"https:\/\/www.kpnsafety.com\/colombia\/wp-json\/wp\/v2\/product_tag?post=12220"}],"curies":[{"name":"wp","href":"https:\/\/api.w.org\/{rel}","templated":true}]}}