{"id":12243,"date":"2023-05-31T15:08:34","date_gmt":"2023-05-31T20:08:34","guid":{"rendered":"https:\/\/www.kpnsafety.com\/colombia\/?post_type=product&#038;p=12243"},"modified":"2025-10-29T09:45:01","modified_gmt":"2025-10-29T14:45:01","slug":"guante-ansell-clase-0-black-14","status":"publish","type":"product","link":"https:\/\/www.kpnsafety.com\/colombia\/product\/guante-ansell-clase-0-black-14\/","title":{"rendered":"&#8220;ULTIMAS UNIDADES&#8221; GUANTE ANSELL CLASE 0 BLACK 14&#8243;"},"content":{"rendered":"<div class=\"wpb-content-wrapper\"><p>[vc_row][vc_column][vc_column_text]<\/p>\n<ul>\n<li>Los guantes aislantes para electricistas ActivArmr<sup>\u00ae<\/sup> de Ansell est\u00e1n fabricados enteramente de l\u00e1tex de caucho natural empleando un proceso de inmersi\u00f3n patentado y ecol\u00f3gico para lograr la m\u00e1xima flexibilidad y destreza.<\/li>\n<li>Su forma ergon\u00f3mica natural similar a la de la mano en reposo y sus dedos no abocinados reducen la fatiga de la mano.<\/li>\n<li>El pu\u00f1o grande ensanchado deja espacio para la manga.<\/li>\n<li>El dise\u00f1o aporta tambi\u00e9n un acabado suave para facilitar el enguantado.<\/li>\n<li>Certificados para resistencia a \u00e1cidos (Categor\u00eda A), al ozono (Categor\u00eda Z) y a temperaturas muy bajas (Categor\u00eda C).<\/li>\n<li>Aplicaciones con riesgo de tensi\u00f3n de contacto AC\u22651000 V.<\/li>\n<\/ul>\n<h5 class=\"d-none d-xl-block\">APLICACIONES IDEALES<\/h5>\n<ul>\n<li>Aplicaciones con riesgo de tensi\u00f3n de contacto.<\/li>\n<li>Contratistas el\u00e9ctricos.<\/li>\n<li>Fabricaci\u00f3n y reparaci\u00f3n de motores h\u00edbridos.<\/li>\n<li>Mantenimiento, reparaciones y operaciones (MRO) en todos los sectores de la industria.<\/li>\n<li>Reparaci\u00f3n y mantenimiento en transporte p\u00fablico.<\/li>\n<li>Mantenimiento, reparaci\u00f3n y transmisi\u00f3n el\u00e9ctrica.<\/li>\n<li>Reparaci\u00f3n de telecomunicaciones cerca de cables el\u00e9ctricos.<\/li>\n<\/ul>\n<p>[\/vc_column_text][\/vc_column][\/vc_row]<\/p>\n<\/div>","protected":false},"excerpt":{"rendered":"<p class=\"sub-header\" data-webid=\"old-product-name\">Guantes aislantes para electricistas 100% de caucho natural dise\u00f1ados para un confort, un rendimiento y una seguridad m\u00e1ximos.<\/p>\n<ul>\n<li>Perfil de rendimiento, confort.<\/li>\n<li>100% l\u00e1tex de caucho natural para una m\u00e1xima durabilidad y flexibilidad.<\/li>\n<li>Dise\u00f1o ergon\u00f3mico de la mano en reposo, para reducir la fatiga.<\/li>\n<li>Pu\u00f1o grande ensanchado que deja espacio para la manga y mejora la ventilaci\u00f3n.<\/li>\n<li>Con su acabado reforzado se consigue una superficie m\u00e1s suave para facilitar el enguantado y ofrecer m\u00e1s protecci\u00f3n.<\/li>\n<li>Supera la normativa ASTM D120 en t\u00e9rminos de resistencia a la tensi\u00f3n, elongaci\u00f3n, resistencia al desgarro y a pinchazos.<\/li>\n<li>El producto cumple con todos los est\u00e1ndares aplicables ASTM, NFPA, OSHA, CSA y EN.<\/li>\n<li>Respetuoso con el medio ambiente.<\/li>\n<li>Proceso de inmersi\u00f3n patentado.<\/li>\n<li>F\u00e1brica certificada ISO 14001.<\/li>\n<\/ul>\n<p><strong>1 a\u00f1o de Garant\u00eda con KPN<\/strong><\/p>\n<p><a href=\"https:\/\/api.whatsapp.com\/send?phone=573147862881\" target=\"_blank\" rel=\"noopener\"><button class=\"boton\">Contactar un asesor<\/button><\/a><\/p>\n<p><a href=\"https:\/\/www.kpnsafety.com\/colombia\/contactanos\/\" target=\"_blank\" rel=\"noopener\"><button class=\"boton\">Solicitar presupuesto<\/button><\/a><\/p>\n","protected":false},"featured_media":12246,"comment_status":"closed","ping_status":"closed","template":"","meta":[],"product_brand":[],"product_cat":[195,167,130,570],"product_tag":[509,232,250,251],"class_list":{"0":"post-12243","1":"product","2":"type-product","3":"status-publish","4":"has-post-thumbnail","6":"product_cat-guantes","7":"product_cat-guantes-dielectricos","8":"product_cat-seguridad-electrica","9":"product_cat-stock-disponible-electrico","10":"product_tag-electricidad","11":"product_tag-guantes","12":"product_tag-guantes-dielectricos","13":"product_tag-seguridad-electrica","15":"first","16":"instock","17":"taxable","18":"shipping-taxable","19":"purchasable","20":"product-type-simple"},"_links":{"self":[{"href":"https:\/\/www.kpnsafety.com\/colombia\/wp-json\/wp\/v2\/product\/12243","targetHints":{"allow":["GET"]}}],"collection":[{"href":"https:\/\/www.kpnsafety.com\/colombia\/wp-json\/wp\/v2\/product"}],"about":[{"href":"https:\/\/www.kpnsafety.com\/colombia\/wp-json\/wp\/v2\/types\/product"}],"replies":[{"embeddable":true,"href":"https:\/\/www.kpnsafety.com\/colombia\/wp-json\/wp\/v2\/comments?post=12243"}],"wp:featuredmedia":[{"embeddable":true,"href":"https:\/\/www.kpnsafety.com\/colombia\/wp-json\/wp\/v2\/media\/12246"}],"wp:attachment":[{"href":"https:\/\/www.kpnsafety.com\/colombia\/wp-json\/wp\/v2\/media?parent=12243"}],"wp:term":[{"taxonomy":"product_brand","embeddable":true,"href":"https:\/\/www.kpnsafety.com\/colombia\/wp-json\/wp\/v2\/product_brand?post=12243"},{"taxonomy":"product_cat","embeddable":true,"href":"https:\/\/www.kpnsafety.com\/colombia\/wp-json\/wp\/v2\/product_cat?post=12243"},{"taxonomy":"product_tag","embeddable":true,"href":"https:\/\/www.kpnsafety.com\/colombia\/wp-json\/wp\/v2\/product_tag?post=12243"}],"curies":[{"name":"wp","href":"https:\/\/api.w.org\/{rel}","templated":true}]}}