{"id":12254,"date":"2023-05-31T15:42:27","date_gmt":"2023-05-31T20:42:27","guid":{"rendered":"https:\/\/www.kpnsafety.com\/colombia\/?post_type=product&#038;p=12254"},"modified":"2025-01-13T16:48:25","modified_gmt":"2025-01-13T21:48:25","slug":"overol-ignifugo-portwest","status":"publish","type":"product","link":"https:\/\/www.kpnsafety.com\/colombia\/product\/overol-ignifugo-portwest\/","title":{"rendered":"OVEROL IGNIFUGO PORTWEST"},"content":{"rendered":"<ul>\n<li>CE-CAT III<\/li>\n<li>Bolsa expositora que ayuda a la presentaci\u00f3n para la venta en tienda<\/li>\n<li>Tejido clasificado UPF 40+ que bloquea el 98% de los rayos UV<\/li>\n<li>Cinta resistente a la llama para coser, apta para lavado industrial<\/li>\n<li>Trabillas para sujetar f\u00e1cilmente la radio<\/li>\n<li>Certificado CE<\/li>\n<\/ul>\n","protected":false},"excerpt":{"rendered":"<h2>OVEROL IGNIFUGO PORTWEST<\/h2>\n<p>Overol ignifugo certificado Fr21 Portwest, principalmente esta certificado y es perfecto para las necesidades de los d\u00edas de mucho calor en la industria offshore. Confeccionado con una sarga ign\u00edfuga m\u00e1s ligera altamente innovadora. el overol ign\u00edfugo certificado fr21 proporciona certificaci\u00f3n Bizflame y permite darle al trabajo una protecci\u00f3n mucho mas segura, este overol ign\u00edfugo es de color caqui de la marca Porwest ademas posee caracter\u00edsticas antiest\u00e1tica y diel\u00e9ctrico se encuentra en la categor\u00eda # 2 , con tela de algod\u00f3n y 1% de fibra de carbono es una prenda que proporciona comodidad en el desarrollo de las actividades y seguridad\u00a0 a la hora de utilizarlo tenemos disponibilidad en diferentes tallas y la prenda viene para caballeros y damas.<\/p>\n<p>&nbsp;<\/p>\n<p><a href=\"https:\/\/api.whatsapp.com\/send?phone=573147862881\" target=\"_blank\" rel=\"noopener\"><button class=\"boton\">Contactar un asesor<\/button><\/a><\/p>\n<p><a href=\"https:\/\/www.kpnsafety.com\/colombia\/contactanos\/\" target=\"_blank\" rel=\"noopener\"><button class=\"boton\">Solicitar presupuesto<\/button><\/a><\/p>\n","protected":false},"featured_media":12263,"comment_status":"closed","ping_status":"closed","template":"","meta":[],"product_brand":[],"product_cat":[187,190,127,130,129],"product_tag":[509,510,339,207],"class_list":{"0":"post-12254","1":"product","2":"type-product","3":"status-publish","4":"has-post-thumbnail","6":"product_cat-arco-electrico","7":"product_cat-prendas-ignifugas","8":"product_cat-proteccion-corporal","9":"product_cat-seguridad-electrica","10":"product_cat-seguridad-industrial","11":"product_tag-electricidad","12":"product_tag-overol-ignifugo","13":"product_tag-proteccion-corporal","14":"product_tag-seguridad-industrial","16":"first","17":"outofstock","18":"taxable","19":"shipping-taxable","20":"product-type-variable"},"_links":{"self":[{"href":"https:\/\/www.kpnsafety.com\/colombia\/wp-json\/wp\/v2\/product\/12254","targetHints":{"allow":["GET"]}}],"collection":[{"href":"https:\/\/www.kpnsafety.com\/colombia\/wp-json\/wp\/v2\/product"}],"about":[{"href":"https:\/\/www.kpnsafety.com\/colombia\/wp-json\/wp\/v2\/types\/product"}],"replies":[{"embeddable":true,"href":"https:\/\/www.kpnsafety.com\/colombia\/wp-json\/wp\/v2\/comments?post=12254"}],"wp:featuredmedia":[{"embeddable":true,"href":"https:\/\/www.kpnsafety.com\/colombia\/wp-json\/wp\/v2\/media\/12263"}],"wp:attachment":[{"href":"https:\/\/www.kpnsafety.com\/colombia\/wp-json\/wp\/v2\/media?parent=12254"}],"wp:term":[{"taxonomy":"product_brand","embeddable":true,"href":"https:\/\/www.kpnsafety.com\/colombia\/wp-json\/wp\/v2\/product_brand?post=12254"},{"taxonomy":"product_cat","embeddable":true,"href":"https:\/\/www.kpnsafety.com\/colombia\/wp-json\/wp\/v2\/product_cat?post=12254"},{"taxonomy":"product_tag","embeddable":true,"href":"https:\/\/www.kpnsafety.com\/colombia\/wp-json\/wp\/v2\/product_tag?post=12254"}],"curies":[{"name":"wp","href":"https:\/\/api.w.org\/{rel}","templated":true}]}}