{"id":12349,"date":"2023-07-19T09:56:03","date_gmt":"2023-07-19T14:56:03","guid":{"rendered":"https:\/\/www.kpnsafety.com\/colombia\/?post_type=product&#038;p=12349"},"modified":"2025-01-13T16:46:29","modified_gmt":"2025-01-13T21:46:29","slug":"guante-powerflex-80400-talla-xl","status":"publish","type":"product","link":"https:\/\/www.kpnsafety.com\/colombia\/product\/guante-powerflex-80400-talla-xl\/","title":{"rendered":"&#8220;ULTIMA TALLA&#8221; GUANTE ANSELL POWERFLEX 80-400 Talla XL"},"content":{"rendered":"<div class=\"wpb-content-wrapper\"><p>[vc_row][vc_column][vc_column_text]Caracter\u00edsticas:<\/p>\n<ul>\n<li>Alta visibilidad con forro rizado t\u00e9rmico amarillo sin costuras<\/li>\n<li>La palma rugosa en azul intenso ofrece un agarre a\u00f1adido en seco y en h\u00famedo<\/li>\n<li>Guante aislante para uso en temperaturas fr\u00edas<\/li>\n<li>Dise\u00f1o ergon\u00f3mico para un ajuste, comodidad, flexibilidad y destreza superiores<\/li>\n<\/ul>\n<p>APLICACIONES IDEALES<\/p>\n<p>\u2022 Expedici\u00f3n y recepci\u00f3n<\/p>\n<p>\u2022 Recogida de residuos<\/p>\n<p>\u2022 Plantas de refrigeraci\u00f3n y enfriamiento<\/p>\n<p>[\/vc_column_text][\/vc_column][\/vc_row]<\/p>\n<\/div>","protected":false},"excerpt":{"rendered":"<p>Guante para uso general con un magn\u00edfico aislamiento en condiciones fr\u00edas, as\u00ed como un gran confort y un excelente agarre.<\/p>\n<h5>CARACTER\u00cdSTICAS Y VENTAJAS CLAVES<\/h5>\n<ul>\n<li>El modelo Powerex\u00ae 80-400 de Ansell es un guante para uso general con un magn\u00edfico aislamiento en condiciones fr\u00edas, as\u00ed como un gran confort y un excelente agarre.<br \/>\n\u2022 Este guante combina un forro t\u00e9rmico de rizo acr\u00edlico con un recubrimiento de l\u00e1tex naturalmente aislante que garantizan una excelente protecci\u00f3n contra el fr\u00edo. Este guante ofrece confort y protecci\u00f3n al usuario a temperaturas de hasta -30\u00b0C para contacto breve o intermitente.<br \/>\n\u2022 Con un forro de rizo acr\u00edlico amarillo brillante, el guante Powerex\u00ae 80-400 es f\u00e1cil de ver en condiciones de baja o nula visibilidad. Esta visibilidad extra aporta una seguridad adicional a los trabajadores de exterior cuando est\u00e1 oscureciendo.<\/li>\n<\/ul>\n<p>&nbsp;<\/p>\n<p><a href=\"https:\/\/api.whatsapp.com\/send?phone=573147862881\" target=\"_blank\" rel=\"noopener\"><button class=\"boton\">Contactar un asesor<\/button><\/a><\/p>\n<p><a href=\"https:\/\/www.kpnsafety.com\/colombia\/contactanos\/\" target=\"_blank\" rel=\"noopener\"><button class=\"boton\">Solicitar presupuesto<\/button><\/a><\/p>\n","protected":false},"featured_media":12351,"comment_status":"closed","ping_status":"closed","template":"","meta":[],"product_brand":[],"product_cat":[117,151,115,120],"product_tag":[504,232,207],"class_list":{"0":"post-12349","1":"product","2":"type-product","3":"status-publish","4":"has-post-thumbnail","6":"product_cat-guantes-anti-corte","7":"product_cat-guantes-industriales","8":"product_cat-proteccion-manual","9":"product_cat-proteccion-quimica","10":"product_tag-guante-industrial","11":"product_tag-guantes","12":"product_tag-seguridad-industrial","14":"first","15":"instock","16":"taxable","17":"shipping-taxable","18":"purchasable","19":"product-type-variable"},"_links":{"self":[{"href":"https:\/\/www.kpnsafety.com\/colombia\/wp-json\/wp\/v2\/product\/12349","targetHints":{"allow":["GET"]}}],"collection":[{"href":"https:\/\/www.kpnsafety.com\/colombia\/wp-json\/wp\/v2\/product"}],"about":[{"href":"https:\/\/www.kpnsafety.com\/colombia\/wp-json\/wp\/v2\/types\/product"}],"replies":[{"embeddable":true,"href":"https:\/\/www.kpnsafety.com\/colombia\/wp-json\/wp\/v2\/comments?post=12349"}],"wp:featuredmedia":[{"embeddable":true,"href":"https:\/\/www.kpnsafety.com\/colombia\/wp-json\/wp\/v2\/media\/12351"}],"wp:attachment":[{"href":"https:\/\/www.kpnsafety.com\/colombia\/wp-json\/wp\/v2\/media?parent=12349"}],"wp:term":[{"taxonomy":"product_brand","embeddable":true,"href":"https:\/\/www.kpnsafety.com\/colombia\/wp-json\/wp\/v2\/product_brand?post=12349"},{"taxonomy":"product_cat","embeddable":true,"href":"https:\/\/www.kpnsafety.com\/colombia\/wp-json\/wp\/v2\/product_cat?post=12349"},{"taxonomy":"product_tag","embeddable":true,"href":"https:\/\/www.kpnsafety.com\/colombia\/wp-json\/wp\/v2\/product_tag?post=12349"}],"curies":[{"name":"wp","href":"https:\/\/api.w.org\/{rel}","templated":true}]}}