{"id":12518,"date":"2023-08-11T16:42:37","date_gmt":"2023-08-11T21:42:37","guid":{"rendered":"https:\/\/www.kpnsafety.com\/colombia\/?post_type=product&#038;p=12518"},"modified":"2025-01-13T16:44:16","modified_gmt":"2025-01-13T21:44:16","slug":"traje-ansell-n1500","status":"publish","type":"product","link":"https:\/\/www.kpnsafety.com\/colombia\/product\/traje-ansell-n1500\/","title":{"rendered":"TRAJE ANSELL N1500"},"content":{"rendered":"","protected":false},"excerpt":{"rendered":"<p>Los tejidos SMS son una barrera particularmente buena contra part\u00edculas como el amianto, el polvo de ladrillo o el polvo de cemento, ofreciendo protecci\u00f3n de pulverizaciones ligeras, como las presentes en ciertos entornos con pulverizaci\u00f3n de pintura.<\/p>\n<p>TRAJE ANSELL N1500 antiest\u00e1tico utilizado para la retirada, eliminaci\u00f3n o manipulaci\u00f3n de amianto, mantenimiento general, construcci\u00f3n y limpieza profesional.<\/p>\n<p>COSTURAS COSIDAS<\/p>\n<p>Combinaci\u00f3n de resistencia y barrera frente a part\u00edculas<\/p>\n<p>&nbsp;<\/p>\n<p><a href=\"https:\/\/api.whatsapp.com\/send?phone=573147862881\" target=\"_blank\" rel=\"noopener\"><button class=\"boton\">Contactar un asesor<\/button><\/a><\/p>\n<p><a href=\"https:\/\/www.kpnsafety.com\/colombia\/contactanos\/\" target=\"_blank\" rel=\"noopener\"><button class=\"boton\">Solicitar presupuesto<\/button><\/a><\/p>\n","protected":false},"featured_media":12520,"comment_status":"closed","ping_status":"closed","template":"","meta":[],"product_brand":[],"product_cat":[127,188],"product_tag":[235,515],"class_list":{"0":"post-12518","1":"product","2":"type-product","3":"status-publish","4":"has-post-thumbnail","6":"product_cat-proteccion-corporal","7":"product_cat-proteccion-quimica-proteccion-corporal","8":"product_tag-proteccion-quimica","9":"product_tag-traje-ansell-n1500","11":"first","12":"instock","13":"taxable","14":"shipping-taxable","15":"purchasable","16":"product-type-variable"},"_links":{"self":[{"href":"https:\/\/www.kpnsafety.com\/colombia\/wp-json\/wp\/v2\/product\/12518","targetHints":{"allow":["GET"]}}],"collection":[{"href":"https:\/\/www.kpnsafety.com\/colombia\/wp-json\/wp\/v2\/product"}],"about":[{"href":"https:\/\/www.kpnsafety.com\/colombia\/wp-json\/wp\/v2\/types\/product"}],"replies":[{"embeddable":true,"href":"https:\/\/www.kpnsafety.com\/colombia\/wp-json\/wp\/v2\/comments?post=12518"}],"wp:featuredmedia":[{"embeddable":true,"href":"https:\/\/www.kpnsafety.com\/colombia\/wp-json\/wp\/v2\/media\/12520"}],"wp:attachment":[{"href":"https:\/\/www.kpnsafety.com\/colombia\/wp-json\/wp\/v2\/media?parent=12518"}],"wp:term":[{"taxonomy":"product_brand","embeddable":true,"href":"https:\/\/www.kpnsafety.com\/colombia\/wp-json\/wp\/v2\/product_brand?post=12518"},{"taxonomy":"product_cat","embeddable":true,"href":"https:\/\/www.kpnsafety.com\/colombia\/wp-json\/wp\/v2\/product_cat?post=12518"},{"taxonomy":"product_tag","embeddable":true,"href":"https:\/\/www.kpnsafety.com\/colombia\/wp-json\/wp\/v2\/product_tag?post=12518"}],"curies":[{"name":"wp","href":"https:\/\/api.w.org\/{rel}","templated":true}]}}