{"id":12526,"date":"2023-08-11T17:29:37","date_gmt":"2023-08-11T22:29:37","guid":{"rendered":"https:\/\/www.kpnsafety.com\/colombia\/?post_type=product&#038;p=12526"},"modified":"2025-03-07T14:12:42","modified_gmt":"2025-03-07T19:12:42","slug":"casco-para-bombero-ref-fhr15-blanco","status":"publish","type":"product","link":"https:\/\/www.kpnsafety.com\/colombia\/product\/casco-para-bombero-ref-fhr15-blanco\/","title":{"rendered":"CASCO PARA BOMBERO REF FHR15 BLANCO"},"content":{"rendered":"","protected":false},"excerpt":{"rendered":"<p>El casco para bomberos FHR 15 es un casco de tipo B, dise\u00f1ado para bomberos durante un incendio, acciones de rescate, especialmente para la extinci\u00f3n de incendios estructurales. El casco es dise\u00f1ado y producido de acuerdo con los requisitos incluidos en el Reglamento (UE) 2016\/425 y la Norma Europea EN 443:2008 \u201cCascos para extinci\u00f3n de incendios en edificios y<br \/>\notras estructuras\u201d; EN 16471:2014 \u201cCascos de bomberos \u2013 Cascos para extinci\u00f3n de incendios forestales\u201d; ES 16473:2014 \u201cCascos de bomberos \u2013 Cascos para rescate t\u00e9cnico\u201d.<\/p>\n<p>&nbsp;<\/p>\n<h5>Caracter\u00edsticas:<\/h5>\n<ul>\n<li>M\u00e1xima protecci\u00f3n de la cabeza del usuario.<\/li>\n<li>Asiento estable del casco en la cabeza gracias a nuevas soluciones en el sistema de regulaci\u00f3n.<\/li>\n<li>La posibilidad de sustituir los protectores faciales por tu cuenta, sin desmontar el casco.<\/li>\n<li>Alta durabilidad y resistencia de la carcasa contra impactos y presiones en ambos lados.<\/li>\n<li>Altas cualidades protectoras en t\u00e9rminos de absorci\u00f3n de impactos.<\/li>\n<li>Protecci\u00f3n total en altas y bajas temperaturas.<\/li>\n<li>Peso del casco sin protector de cuello \u2013 1660 +\/- 40 gramos.<\/li>\n<li>Disponible en color blanco.<\/li>\n<\/ul>\n<p>&nbsp;<\/p>\n<p><a href=\"https:\/\/api.whatsapp.com\/send?phone=573147862881\" target=\"_blank\" rel=\"noopener\"><button class=\"boton\">Contactar un asesor<\/button><\/a><\/p>\n<p><a href=\"https:\/\/www.kpnsafety.com\/colombia\/contactanos\/\" target=\"_blank\" rel=\"noopener\"><button class=\"boton\">Solicitar presupuesto<\/button><\/a><\/p>\n","protected":false},"featured_media":13420,"comment_status":"closed","ping_status":"closed","template":"","meta":[],"product_brand":[],"product_cat":[131,215,352],"product_tag":[],"class_list":{"0":"post-12526","1":"product","2":"type-product","3":"status-publish","4":"has-post-thumbnail","6":"product_cat-bomberos-y-emergencias","7":"product_cat-cascos-para-bombero","8":"product_cat-trajes-estructurales-para-bomberos","10":"first","11":"instock","12":"taxable","13":"shipping-taxable","14":"purchasable","15":"product-type-simple"},"_links":{"self":[{"href":"https:\/\/www.kpnsafety.com\/colombia\/wp-json\/wp\/v2\/product\/12526","targetHints":{"allow":["GET"]}}],"collection":[{"href":"https:\/\/www.kpnsafety.com\/colombia\/wp-json\/wp\/v2\/product"}],"about":[{"href":"https:\/\/www.kpnsafety.com\/colombia\/wp-json\/wp\/v2\/types\/product"}],"replies":[{"embeddable":true,"href":"https:\/\/www.kpnsafety.com\/colombia\/wp-json\/wp\/v2\/comments?post=12526"}],"wp:featuredmedia":[{"embeddable":true,"href":"https:\/\/www.kpnsafety.com\/colombia\/wp-json\/wp\/v2\/media\/13420"}],"wp:attachment":[{"href":"https:\/\/www.kpnsafety.com\/colombia\/wp-json\/wp\/v2\/media?parent=12526"}],"wp:term":[{"taxonomy":"product_brand","embeddable":true,"href":"https:\/\/www.kpnsafety.com\/colombia\/wp-json\/wp\/v2\/product_brand?post=12526"},{"taxonomy":"product_cat","embeddable":true,"href":"https:\/\/www.kpnsafety.com\/colombia\/wp-json\/wp\/v2\/product_cat?post=12526"},{"taxonomy":"product_tag","embeddable":true,"href":"https:\/\/www.kpnsafety.com\/colombia\/wp-json\/wp\/v2\/product_tag?post=12526"}],"curies":[{"name":"wp","href":"https:\/\/api.w.org\/{rel}","templated":true}]}}