{"id":12534,"date":"2023-08-11T17:46:34","date_gmt":"2023-08-11T22:46:34","guid":{"rendered":"https:\/\/www.kpnsafety.com\/colombia\/?post_type=product&#038;p=12534"},"modified":"2025-01-13T16:43:08","modified_gmt":"2025-01-13T21:43:08","slug":"guante-anti-corte-color-gris","status":"publish","type":"product","link":"https:\/\/www.kpnsafety.com\/colombia\/product\/guante-anti-corte-color-gris\/","title":{"rendered":"GUANTE ANTI CORTE COLOR GRIS"},"content":{"rendered":"","protected":false},"excerpt":{"rendered":"<h2>Guantes de protecci\u00f3n anti corte color gris<\/h2>\n<p>KRYTECH-836<br \/>\nGracias a la palma de cuero, los guates tienen una alta resistencia al desgaste, la cual es a\u00fan mayor en la zona entre los dedos pulgar e \u00edndice, gracias a un refuerzo adicional. En segundo lugar, el guante tambi\u00e9n ofrece m\u00e1s comodidad y destreza gracias tambi\u00e9n a la capa de cuero de la palma. Igualmente el\u00a0 logra reducir el riesgo de pinchazos de p\u00faas met\u00e1licas, pl\u00e1sticos y otros objetos puntiagudos, gracias al soporte textil sin costuras con fibras de polietileno de alta densidad.<\/p>\n<p>&nbsp;<\/p>\n<p><a href=\"https:\/\/api.whatsapp.com\/send?phone=573147862881\" target=\"_blank\" rel=\"noopener\"><button class=\"boton\">Contactar un asesor<\/button><\/a><\/p>\n<p><a href=\"https:\/\/www.kpnsafety.com\/colombia\/contactanos\/\" target=\"_blank\" rel=\"noopener\"><button class=\"boton\">Solicitar presupuesto<\/button><\/a><\/p>\n","protected":false},"featured_media":13440,"comment_status":"closed","ping_status":"closed","template":"","meta":[],"product_brand":[],"product_cat":[115,117],"product_tag":[],"class_list":{"0":"post-12534","1":"product","2":"type-product","3":"status-publish","4":"has-post-thumbnail","6":"product_cat-proteccion-manual","7":"product_cat-guantes-anti-corte","9":"first","10":"instock","11":"taxable","12":"shipping-taxable","13":"purchasable","14":"product-type-variable"},"_links":{"self":[{"href":"https:\/\/www.kpnsafety.com\/colombia\/wp-json\/wp\/v2\/product\/12534","targetHints":{"allow":["GET"]}}],"collection":[{"href":"https:\/\/www.kpnsafety.com\/colombia\/wp-json\/wp\/v2\/product"}],"about":[{"href":"https:\/\/www.kpnsafety.com\/colombia\/wp-json\/wp\/v2\/types\/product"}],"replies":[{"embeddable":true,"href":"https:\/\/www.kpnsafety.com\/colombia\/wp-json\/wp\/v2\/comments?post=12534"}],"wp:featuredmedia":[{"embeddable":true,"href":"https:\/\/www.kpnsafety.com\/colombia\/wp-json\/wp\/v2\/media\/13440"}],"wp:attachment":[{"href":"https:\/\/www.kpnsafety.com\/colombia\/wp-json\/wp\/v2\/media?parent=12534"}],"wp:term":[{"taxonomy":"product_brand","embeddable":true,"href":"https:\/\/www.kpnsafety.com\/colombia\/wp-json\/wp\/v2\/product_brand?post=12534"},{"taxonomy":"product_cat","embeddable":true,"href":"https:\/\/www.kpnsafety.com\/colombia\/wp-json\/wp\/v2\/product_cat?post=12534"},{"taxonomy":"product_tag","embeddable":true,"href":"https:\/\/www.kpnsafety.com\/colombia\/wp-json\/wp\/v2\/product_tag?post=12534"}],"curies":[{"name":"wp","href":"https:\/\/api.w.org\/{rel}","templated":true}]}}