{"id":12545,"date":"2023-08-12T16:07:31","date_gmt":"2023-08-12T21:07:31","guid":{"rendered":"https:\/\/www.kpnsafety.com\/colombia\/?post_type=product&#038;p=12545"},"modified":"2025-01-13T16:41:57","modified_gmt":"2025-01-13T21:41:57","slug":"guantes-krytech-582-gafas-proteccion","status":"publish","type":"product","link":"https:\/\/www.kpnsafety.com\/colombia\/product\/guantes-krytech-582-gafas-proteccion\/","title":{"rendered":"Combo: Guantes KryTech 582 + Gafas protecci\u00f3n lateral"},"content":{"rendered":"<p><strong>Funciones espec\u00edficas de guante Krytech 582<\/strong><\/p>\n<ul>\n<li>Resistencia al corte \u00f3ptima<\/li>\n<li>Excelente resistencia a la abrasi\u00f3n: mayor durabilidad<\/li>\n<li>El recubrimiento Grip &amp; Proof asegura un agarre excelente en entornos aceitosos. Igualmente, reduce la tensi\u00f3n muscular y estimula la productividad<\/li>\n<li>Libre de sustancias nocivas: sin DMFSin silicona para evitar rastros y defectos en chapas met\u00e1licas y cristal antes de pintar<\/li>\n<li>Lavable hasta 5 veces a 60\u202f\u00b0C sin alterar sus rendimientos*, lo que permite prolongar la vida \u00fatil de los guantes y reducir costes y residuos.<\/li>\n<li>Nivel de corte f\u00e1cil de identificar gracias a la marca en el dorso del guante.<\/li>\n<\/ul>\n<p><strong>Aplicaciones<\/strong><\/p>\n<ul>\n<li>Industria automovil\u00edstica\/mec\u00e1nica<\/li>\n<li>Trabajos de metal<\/li>\n<li>Mecanismo de l\u00e1minas finas de metal<\/li>\n<li>Arrollamiento, marcado y montaje de metal<\/li>\n<li>Manipulaci\u00f3n de piezas met\u00e1licas<\/li>\n<li>Acabado de piezas cortantes<\/li>\n<li>Industria del vidrio<\/li>\n<li>Manipulaci\u00f3n de l\u00e1minas de vidrio<\/li>\n<li>Industria mec\u00e1nica<\/li>\n<li>Corte y marcado de metales<\/li>\n<\/ul>\n","protected":false},"excerpt":{"rendered":"<h2>Lleva el combo de guantes\u00a0KryTech 582\u00a0 +\u00a0Gafas de seguridad y protecci\u00f3n en el trabajo<\/h2>\n<p><strong>Guantes anticorte Krytech 582:<\/strong> cuentan con recubrimiento especial de nitrilo Grip&amp;Proof para una mejor estanqueidad y agarre al contacto con aceites, a la vez que brindan una excelente protecci\u00f3n contra cortes<\/p>\n<p><strong>Gafas:<\/strong> Las gafas de seguridad con protecci\u00f3n lateral WorkSeg\u00ae ofrecen protecci\u00f3n frontal y lateral contra golpes leves, polvo, chispas, impacto de part\u00edculas y radiaci\u00f3n ultravioleta. Adem\u00e1s, ayudan a la prevenci\u00f3n de posibles golpes, seguridad y protecci\u00f3n de la radiaci\u00f3n ultravioleta, protecci\u00f3n al fuego y a temperaturas altas.<\/p>\n<p>&nbsp;<\/p>\n<p><a href=\"https:\/\/api.whatsapp.com\/send?phone=573147862881\" target=\"_blank\" rel=\"noopener\"><button class=\"boton\">Contactar un asesor<\/button><\/a><\/p>\n<p><a href=\"https:\/\/www.kpnsafety.com\/colombia\/contactanos\/\" target=\"_blank\" rel=\"noopener\"><button class=\"boton\">Solicitar presupuesto<\/button><\/a><\/p>\n","protected":false},"featured_media":12546,"comment_status":"closed","ping_status":"closed","template":"","meta":[],"product_brand":[],"product_cat":[305,177,117,115,122,129],"product_tag":[518,504,232,237,496,495,343,233,257],"class_list":{"0":"post-12545","1":"product","2":"type-product","3":"status-publish","4":"has-post-thumbnail","6":"product_cat-ofertas","7":"product_cat-gafas-de-seguridad","8":"product_cat-guantes-anti-corte","9":"product_cat-proteccion-manual","10":"product_cat-proteccion-visual","11":"product_cat-seguridad-industrial","12":"product_tag-gafas-de-proteccion","13":"product_tag-guante-industrial","14":"product_tag-guantes","15":"product_tag-guantes-anticorte","16":"product_tag-guantes-de-proteccion","17":"product_tag-guantes-industriales","18":"product_tag-proteccion-industrial","19":"product_tag-proteccion-manual","20":"product_tag-proteccion-visual","22":"first","23":"instock","24":"taxable","25":"shipping-taxable","26":"purchasable","27":"product-type-variable"},"_links":{"self":[{"href":"https:\/\/www.kpnsafety.com\/colombia\/wp-json\/wp\/v2\/product\/12545","targetHints":{"allow":["GET"]}}],"collection":[{"href":"https:\/\/www.kpnsafety.com\/colombia\/wp-json\/wp\/v2\/product"}],"about":[{"href":"https:\/\/www.kpnsafety.com\/colombia\/wp-json\/wp\/v2\/types\/product"}],"replies":[{"embeddable":true,"href":"https:\/\/www.kpnsafety.com\/colombia\/wp-json\/wp\/v2\/comments?post=12545"}],"wp:featuredmedia":[{"embeddable":true,"href":"https:\/\/www.kpnsafety.com\/colombia\/wp-json\/wp\/v2\/media\/12546"}],"wp:attachment":[{"href":"https:\/\/www.kpnsafety.com\/colombia\/wp-json\/wp\/v2\/media?parent=12545"}],"wp:term":[{"taxonomy":"product_brand","embeddable":true,"href":"https:\/\/www.kpnsafety.com\/colombia\/wp-json\/wp\/v2\/product_brand?post=12545"},{"taxonomy":"product_cat","embeddable":true,"href":"https:\/\/www.kpnsafety.com\/colombia\/wp-json\/wp\/v2\/product_cat?post=12545"},{"taxonomy":"product_tag","embeddable":true,"href":"https:\/\/www.kpnsafety.com\/colombia\/wp-json\/wp\/v2\/product_tag?post=12545"}],"curies":[{"name":"wp","href":"https:\/\/api.w.org\/{rel}","templated":true}]}}