{"id":12553,"date":"2023-08-12T16:38:15","date_gmt":"2023-08-12T21:38:15","guid":{"rendered":"https:\/\/www.kpnsafety.com\/colombia\/?post_type=product&#038;p=12553"},"modified":"2025-01-13T16:41:02","modified_gmt":"2025-01-13T21:41:02","slug":"combo-guantes-activarmr-07-112-gafas-de-proteccion","status":"publish","type":"product","link":"https:\/\/www.kpnsafety.com\/colombia\/product\/combo-guantes-activarmr-07-112-gafas-de-proteccion\/","title":{"rendered":"Combo: Guantes ActivarMR 07-112 + Gafas de protecci\u00f3n"},"content":{"rendered":"<h3>CARACTER\u00cdSTICAS Y VENTAJAS CLAVES<\/h3>\n<ul>\n<li>Ideal para tareas con vibraciones a niveles de frecuencia superiores a 300 Hz.<\/li>\n<li>Fabricados para reducir las vibraciones absorbidas por la palma y los dedos de los operarios. Los guantes ActivArmr<sup>\u00ae<\/sup>\u00a0ayudan a proteger contra el s\u00edndrome por vibraci\u00f3n en mano-brazo.<\/li>\n<li>Atenuaci\u00f3n de las vibraciones EN10819:1996<br \/>\nTRM (Gama de frecuencia media de transmisi\u00f3n) = 0,90<br \/>\nTRH (Gama de frecuencia alta de transmisi\u00f3n) = 0,52<\/li>\n<\/ul>\n<ul>\n<li>La versi\u00f3n de dedos completos est\u00e1 totalmente recubierta para mantener las manos limpias y cumple con la norma EN 10819:1996<\/li>\n<li>El refuerzo de espuma de gel antivibraciones de Ansell reduce la vibraci\u00f3n transmitida a la mano<\/li>\n<li>El recubrimiento de nitrilo ofrece resistencia a desgarros y a la abrasi\u00f3n<\/li>\n<li>Sin silicona y lavables<\/li>\n<\/ul>\n<div class=\"ans-accordion-item\">\n<div class=\"ans-accordion-body d-xl-block\">\n<div class=\"ans-accordion-body-content\">\n<h3 class=\"d-none d-xl-block\">APLICACIONES IDEALES<\/h3>\n<ul>\n<li>Manejo de hojas met\u00e1licas y paneles<\/li>\n<li>Trabajo en Metal y operaciones de ensamble<\/li>\n<li>Manejo de piezas de metal en bruto<\/li>\n<li>Manipulaci\u00f3n de materiales con bordes afilados o rugosos<\/li>\n<\/ul>\n<\/div>\n<\/div>\n<\/div>\n<div class=\"ans-accordion-item\">\n<div class=\"ans-accordion-body d-xl-block\">\n<div class=\"ans-accordion-body-content\">\n<h3 class=\"d-none d-xl-block\">INDUSTRIAS PRIMARIAS<\/h3>\n<ul>\n<li><strong>Automotriz<\/strong><\/li>\n<li><strong>Fabricaci\u00f3n de Metal<\/strong><\/li>\n<li><strong>Agricultura<\/strong><\/li>\n<li><strong>Mercado Postventa Automotriz<\/strong><\/li>\n<li><strong>Petr\u00f3leo y gas<\/strong><\/li>\n<\/ul>\n<\/div>\n<\/div>\n<\/div>\n","protected":false},"excerpt":{"rendered":"<h3>Lleva combo de guantes ActivarMR 07-112 + Gafas de protecci\u00f3n<\/h3>\n<p><strong>Guantes ActivarMR 07-112:<\/strong> Reducen el riesgo y los efectos de las vibraciones fuertes en el trabajo, Ideales para tareas con vibraciones a niveles de frecuencia superiores a 300 Hz. Fabricado con la formulaci\u00f3n exclusiva de nitrilo de Ansell, que ofrece resistencia a cortes, pinchazos y a la abrasi\u00f3n, y repele la grasa y el aceite.<\/p>\n<p><strong>Gafas de Protecci\u00f3n:<\/strong> Lente NITRO sin AF claro de seguridad, presenta un marco flexible de PVC color negro que garantiza la resistencia a impactos de abrasi\u00f3n y salpicadura de l\u00edquidos irritantes. Los lentes presentan un visor intercambiable de policarbonato oft\u00e1lmico con filtro UV de alta transparencia para obtener una visi\u00f3n adecuada.<\/p>\n<p>&nbsp;<\/p>\n<p><span style=\"color: #993300;\"><strong>\u00danicamente guantes disponibles en TALLA L<\/strong><\/span><\/p>\n<p>&nbsp;<\/p>\n<p><a href=\"https:\/\/api.whatsapp.com\/send?phone=573147862881\" target=\"_blank\" rel=\"noopener\"><button class=\"boton\">Contactar un asesor<\/button><\/a><\/p>\n<p><a href=\"https:\/\/www.kpnsafety.com\/colombia\/contactanos\/\" target=\"_blank\" rel=\"noopener\"><button class=\"boton\">Solicitar presupuesto<\/button><\/a><\/p>\n","protected":false},"featured_media":12554,"comment_status":"closed","ping_status":"closed","template":"","meta":[],"product_brand":[],"product_cat":[129,177,151,115,120,122],"product_tag":[256,518,258,504,232,247,496,495],"class_list":{"0":"post-12553","1":"product","2":"type-product","3":"status-publish","4":"has-post-thumbnail","6":"product_cat-seguridad-industrial","7":"product_cat-gafas-de-seguridad","8":"product_cat-guantes-industriales","9":"product_cat-proteccion-manual","10":"product_cat-proteccion-quimica","11":"product_cat-proteccion-visual","12":"product_tag-gafas","13":"product_tag-gafas-de-proteccion","14":"product_tag-gafas-de-seguridad","15":"product_tag-guante-industrial","16":"product_tag-guantes","17":"product_tag-guantes-de-nitrilo","18":"product_tag-guantes-de-proteccion","19":"product_tag-guantes-industriales","21":"first","22":"instock","23":"taxable","24":"shipping-taxable","25":"purchasable","26":"product-type-simple"},"_links":{"self":[{"href":"https:\/\/www.kpnsafety.com\/colombia\/wp-json\/wp\/v2\/product\/12553","targetHints":{"allow":["GET"]}}],"collection":[{"href":"https:\/\/www.kpnsafety.com\/colombia\/wp-json\/wp\/v2\/product"}],"about":[{"href":"https:\/\/www.kpnsafety.com\/colombia\/wp-json\/wp\/v2\/types\/product"}],"replies":[{"embeddable":true,"href":"https:\/\/www.kpnsafety.com\/colombia\/wp-json\/wp\/v2\/comments?post=12553"}],"wp:featuredmedia":[{"embeddable":true,"href":"https:\/\/www.kpnsafety.com\/colombia\/wp-json\/wp\/v2\/media\/12554"}],"wp:attachment":[{"href":"https:\/\/www.kpnsafety.com\/colombia\/wp-json\/wp\/v2\/media?parent=12553"}],"wp:term":[{"taxonomy":"product_brand","embeddable":true,"href":"https:\/\/www.kpnsafety.com\/colombia\/wp-json\/wp\/v2\/product_brand?post=12553"},{"taxonomy":"product_cat","embeddable":true,"href":"https:\/\/www.kpnsafety.com\/colombia\/wp-json\/wp\/v2\/product_cat?post=12553"},{"taxonomy":"product_tag","embeddable":true,"href":"https:\/\/www.kpnsafety.com\/colombia\/wp-json\/wp\/v2\/product_tag?post=12553"}],"curies":[{"name":"wp","href":"https:\/\/api.w.org\/{rel}","templated":true}]}}