{"id":12564,"date":"2023-08-12T17:48:29","date_gmt":"2023-08-12T22:48:29","guid":{"rendered":"https:\/\/www.kpnsafety.com\/colombia\/?post_type=product&#038;p=12564"},"modified":"2026-02-18T17:45:50","modified_gmt":"2026-02-18T22:45:50","slug":"equipos-de-puesta-a-tierra-y-cortocircuito","status":"publish","type":"product","link":"https:\/\/www.kpnsafety.com\/colombia\/product\/equipos-de-puesta-a-tierra-y-cortocircuito\/","title":{"rendered":"Equipos de puesta a tierra y cortocircuito"},"content":{"rendered":"<p><strong>MODELO M\u00c1X. ICC<\/strong><\/p>\n<ul>\n<li><strong>PATC-PP15\/2525:<\/strong>\u00a0 6,9 KA\/1s<\/li>\n<li><strong>PATC- PP15\/3535:<\/strong> 9,0 KA\/1s<\/li>\n<li><strong>PATC- PP15\/5050:<\/strong> 12,0 KA\/1s<\/li>\n<\/ul>\n<p><strong>Composici\u00f3n del producto<\/strong><\/p>\n<ul>\n<li>3 pinzas de aluminio PP-15 de apriete por tornillo y\u00a0 eje Bayoneta para conductores cil\u00edndricos con di\u00e1metro comprendido entre 6 y 15 mm y pletinas de hasta 15 x 55 mm.<\/li>\n<li>3 cables de cobre con aislamiento de PVC de 25\/35\/50 mm2 de secci\u00f3n (seg\u00fan modelo) y 0,75 m de longitud.<\/li>\n<li>1 cable de cobre con aislamiento de PVC aislante de 25\/35\/50 mm2 de secci\u00f3n (seg\u00fan modelo) y 2 m de longitud.<\/li>\n<li>1 conector de trifurcaci\u00f3n protegido con carcasa de goma.<\/li>\n<li>1 torno de puesta a tierra TT-38A.<\/li>\n<li>1 p\u00e9rtiga telesc\u00f3pica de 1,5 m compuesta por tres tramos.<\/li>\n<li>1 cofre de pl\u00e1stico para el transporte y almacenamiento del equipo.<\/li>\n<\/ul>\n<p><strong>Certificados<\/strong><br \/>\nConforme a la normativa IEC 61230.<\/p>\n","protected":false},"excerpt":{"rendered":"<p><strong>Subestaciones de Media tensi\u00f3n &#8211; Equipo de puesta a tierra y cortocircuito para l\u00edneas a\u00e9reas de media tensi\u00f3n.<\/strong><br \/>\nEl objetivo principal de su instalaci\u00f3n es la protecci\u00f3n del trabajador ante la puesta en funcionamiento accidental o un posible retorno de tensi\u00f3n durante los trabajos de reparaci\u00f3n.<\/p>\n<p>La pinza PP15 es adecuada para instalaciones con pletinas colocadas en posici\u00f3n horizontal o vertical.<\/p>\n<p><strong>Tiempo de entrega de 45 a 60 d\u00edas si no se cuenta con stock<\/strong><\/p>\n<p>&nbsp;<\/p>\n<p><a href=\"https:\/\/api.whatsapp.com\/send?phone=573147862881\" target=\"_blank\" rel=\"noopener\"><button class=\"boton\">Contactar un asesor<\/button><\/a><\/p>\n<p><a href=\"https:\/\/www.kpnsafety.com\/colombia\/contactanos\/\" target=\"_blank\" rel=\"noopener\"><button class=\"boton\">Solicitar presupuesto<\/button><\/a><\/p>\n","protected":false},"featured_media":12565,"comment_status":"closed","ping_status":"closed","template":"","meta":[],"product_brand":[],"product_cat":[517,199,130],"product_tag":[296,253,292,260,294,251,252],"class_list":{"0":"post-12564","1":"product","2":"type-product","3":"status-publish","4":"has-post-thumbnail","6":"product_cat-equipos-especializados","7":"product_cat-puestas-a-tierra","8":"product_cat-seguridad-electrica","9":"product_tag-accidente-electricos","10":"product_tag-arco-electrico","11":"product_tag-kit-de-rescate-electrico","12":"product_tag-puesta-a-tierra","13":"product_tag-riesgo-electrico","14":"product_tag-seguridad-electrica","15":"product_tag-sofamel","17":"first","18":"instock","19":"taxable","20":"shipping-taxable","21":"product-type-simple"},"_links":{"self":[{"href":"https:\/\/www.kpnsafety.com\/colombia\/wp-json\/wp\/v2\/product\/12564","targetHints":{"allow":["GET"]}}],"collection":[{"href":"https:\/\/www.kpnsafety.com\/colombia\/wp-json\/wp\/v2\/product"}],"about":[{"href":"https:\/\/www.kpnsafety.com\/colombia\/wp-json\/wp\/v2\/types\/product"}],"replies":[{"embeddable":true,"href":"https:\/\/www.kpnsafety.com\/colombia\/wp-json\/wp\/v2\/comments?post=12564"}],"wp:featuredmedia":[{"embeddable":true,"href":"https:\/\/www.kpnsafety.com\/colombia\/wp-json\/wp\/v2\/media\/12565"}],"wp:attachment":[{"href":"https:\/\/www.kpnsafety.com\/colombia\/wp-json\/wp\/v2\/media?parent=12564"}],"wp:term":[{"taxonomy":"product_brand","embeddable":true,"href":"https:\/\/www.kpnsafety.com\/colombia\/wp-json\/wp\/v2\/product_brand?post=12564"},{"taxonomy":"product_cat","embeddable":true,"href":"https:\/\/www.kpnsafety.com\/colombia\/wp-json\/wp\/v2\/product_cat?post=12564"},{"taxonomy":"product_tag","embeddable":true,"href":"https:\/\/www.kpnsafety.com\/colombia\/wp-json\/wp\/v2\/product_tag?post=12564"}],"curies":[{"name":"wp","href":"https:\/\/api.w.org\/{rel}","templated":true}]}}