{"id":12614,"date":"2023-08-24T11:46:19","date_gmt":"2023-08-24T16:46:19","guid":{"rendered":"https:\/\/www.kpnsafety.com\/colombia\/?post_type=product&#038;p=12614"},"modified":"2026-01-15T09:12:28","modified_gmt":"2026-01-15T14:12:28","slug":"detector-personal-de-campo-electrico-omnidireccional-media-tension-optico-y-acustico","status":"publish","type":"product","link":"https:\/\/www.kpnsafety.com\/colombia\/product\/detector-personal-de-campo-electrico-omnidireccional-media-tension-optico-y-acustico\/","title":{"rendered":"DETECTOR PERSONAL DE CAMPO EL\u00c9CTRICO OMNIDIRECCIONAL &#8211; MEDIA TENSI\u00d3N \/ \u00d3PTICO Y AC\u00daSTICO"},"content":{"rendered":"<ul>\n<li>Utilizaci\u00f3n en centros de Distribuci\u00f3n\/Transformaci\u00f3n y L\u00edneas A\u00e9reas.<\/li>\n<li>Rango de utilizaci\u00f3n: 10kV a 66kV<\/li>\n<li>Frecuencia de funcionamiento: 50 y 60Hz<\/li>\n<li>Nivel estanqueidad: IP65<\/li>\n<li>Potencia luminosa: 2W<\/li>\n<li>Alimentaci\u00f3n: Bateria Li ion 3,7V\u00a0 1050mAh<\/li>\n<li>Se suministra en una caja aislante que incluye el detector, una funda de nylon para el transporte, cargador y cable USB.<\/li>\n<\/ul>\n","protected":false},"excerpt":{"rendered":"<p>Detector personal de campo el\u00e9ctrico omnidireccional.<br \/>\nElemento de seguridad adicional de uso individual indicado para operarios de l\u00edneas el\u00e9ctricas que llevan a cabo tareas de mantenimiento, reparaciones y otros trabajos pr\u00f3ximos a las l\u00edneas en tensi\u00f3n.<\/p>\n<p>Cuando el usuario se aproxima hacia un campo el\u00e9ctrico comprendido entre 10kV \u2013 66kV y sobrepasa una distancia aproximada de 1m para 10kV y 3m para 66 kV el detector mantiene una se\u00f1al. La alarma no cesa hasta alejarse de la zona de peligro.<\/p>\n<p><strong>1 A\u00f1o de Garant\u00eda con KPN<\/strong><\/p>\n<p><a href=\"https:\/\/api.whatsapp.com\/send?phone=573147862881\" target=\"_blank\" rel=\"noopener\"><button class=\"boton\">Contactar un asesor<\/button><\/a><\/p>\n<p><a href=\"https:\/\/www.kpnsafety.com\/colombia\/contactanos\/\" target=\"_blank\" rel=\"noopener\"><button class=\"boton\">Solicitar presupuesto<\/button><\/a><\/p>\n","protected":false},"featured_media":12616,"comment_status":"closed","ping_status":"closed","template":"","meta":[],"product_brand":[],"product_cat":[130,170,570],"product_tag":[534,535],"class_list":{"0":"post-12614","1":"product","2":"type-product","3":"status-publish","4":"has-post-thumbnail","6":"product_cat-seguridad-electrica","7":"product_cat-detectores-de-tension","8":"product_cat-stock-disponible-electrico","9":"product_tag-detector-de-tension","10":"product_tag-detector-de-tension-personal","12":"first","13":"instock","14":"taxable","15":"shipping-taxable","16":"purchasable","17":"product-type-simple"},"_links":{"self":[{"href":"https:\/\/www.kpnsafety.com\/colombia\/wp-json\/wp\/v2\/product\/12614","targetHints":{"allow":["GET"]}}],"collection":[{"href":"https:\/\/www.kpnsafety.com\/colombia\/wp-json\/wp\/v2\/product"}],"about":[{"href":"https:\/\/www.kpnsafety.com\/colombia\/wp-json\/wp\/v2\/types\/product"}],"replies":[{"embeddable":true,"href":"https:\/\/www.kpnsafety.com\/colombia\/wp-json\/wp\/v2\/comments?post=12614"}],"wp:featuredmedia":[{"embeddable":true,"href":"https:\/\/www.kpnsafety.com\/colombia\/wp-json\/wp\/v2\/media\/12616"}],"wp:attachment":[{"href":"https:\/\/www.kpnsafety.com\/colombia\/wp-json\/wp\/v2\/media?parent=12614"}],"wp:term":[{"taxonomy":"product_brand","embeddable":true,"href":"https:\/\/www.kpnsafety.com\/colombia\/wp-json\/wp\/v2\/product_brand?post=12614"},{"taxonomy":"product_cat","embeddable":true,"href":"https:\/\/www.kpnsafety.com\/colombia\/wp-json\/wp\/v2\/product_cat?post=12614"},{"taxonomy":"product_tag","embeddable":true,"href":"https:\/\/www.kpnsafety.com\/colombia\/wp-json\/wp\/v2\/product_tag?post=12614"}],"curies":[{"name":"wp","href":"https:\/\/api.w.org\/{rel}","templated":true}]}}